{"id":6392,"date":"2025-07-08T18:24:43","date_gmt":"2025-07-08T16:24:43","guid":{"rendered":"https:\/\/ofertacular.com\/index.php\/producto\/zapatilla-mujer-4\/"},"modified":"2025-07-08T18:24:43","modified_gmt":"2025-07-08T16:24:43","slug":"zapatilla-mujer-4","status":"publish","type":"product","link":"https:\/\/ofertacular.com\/index.php\/producto\/zapatilla-mujer-4\/","title":{"rendered":"Zapatilla Mujer"},"content":{"rendered":"<div class=\"oferta-container\">\n<p>\ud83d\udfe5 <b>INCRE\u00cdBLE<\/b> \ud83d\udfe5 #Publicidad #Amazon #16<\/p>\n<p>\ud83d\udd34 <b>Zapatillas mujer <\/b><\/p>\n<p>\u2705 <b>AHORA 8.99 \u20ac<\/b> \u2714\ufe0f\ud83d\udfe1<\/p>\n<p>\u274c Antes 23.99 \u20ac<\/p>\n<p>\ud83d\uded2: <a href=\"https:\/\/btz.es\/4Qxzx47\" target=\"_blank\" rel=\"nofollow noopener\">https:\/\/btz.es\/4Qxzx47<\/a><\/p>\n<p>Descubre las zapatillas para mujer m\u00e1s c\u00f3modas y estilosas del mercado. Ideales para cualquier ocasi\u00f3n, nuestras zapatillas combinan dise\u00f1o moderno con m\u00e1xima comodidad. Fabricadas con materiales de alta calidad que aseguran durabilidad y resistencia, estas zapatillas son perfectas para mujeres activas que no quieren renunciar al estilo ni al confort. Gracias a su tecnolog\u00eda de amortiguaci\u00f3n avanzada, proporcionan un soporte \u00f3ptimo para tus pies durante todo el d\u00eda, ya sea para caminar, correr o actividades casuales. Adem\u00e1s, su dise\u00f1o vers\u00e1til permite que se adapten f\u00e1cilmente a diferentes estilos de ropa, desde deportivos hasta urbanos. Disponibles en una variedad de colores y tallas para que elijas la que mejor se adapta a tu personalidad y necesidades. Con su suela antideslizante y ligera, garantizan seguridad y ligereza en cada paso. No esperes m\u00e1s y a\u00f1ade estas zapatillas a tu colecci\u00f3n para disfrutar de una experiencia \u00fanica en calzado femenino que combina funcionalidad, moda y confort en un solo producto.<\/p>\n<\/p><\/div>\n","protected":false},"excerpt":{"rendered":"<p>\ud83d\udfe5 INCRE\u00cdBLE \ud83d\udfe5 #Publicidad #Amazon #16 \ud83d\udd34 Zapatillas mujer \u2705 AHORA 8.99 \u20ac \u2714\ufe0f\ud83d\udfe1 \u274c Antes 23.99 \u20ac \ud83d\uded2: https:\/\/btz.es\/4Qxzx47 Descubre las zapatillas para mujer m\u00e1s c\u00f3modas y estilosas del mercado. Ideales para cualquier ocasi\u00f3n, nuestras zapatillas combinan dise\u00f1o moderno con m\u00e1xima comodidad. Fabricadas con materiales de alta calidad que aseguran durabilidad y resistencia, estas [&hellip;]<\/p>\n","protected":false},"featured_media":6391,"template":"","meta":{"_gspb_post_css":""},"store":[],"product_brand":[],"product_cat":[16],"product_tag":[],"class_list":{"0":"post-6392","1":"product","2":"type-product","3":"status-publish","4":"has-post-thumbnail","6":"product_cat-sin-categorizar","8":"first","9":"instock","10":"sale","11":"shipping-taxable","12":"product-type-external"},"jetpack_sharing_enabled":true,"_links":{"self":[{"href":"https:\/\/ofertacular.com\/index.php\/wp-json\/wp\/v2\/product\/6392","targetHints":{"allow":["GET"]}}],"collection":[{"href":"https:\/\/ofertacular.com\/index.php\/wp-json\/wp\/v2\/product"}],"about":[{"href":"https:\/\/ofertacular.com\/index.php\/wp-json\/wp\/v2\/types\/product"}],"wp:featuredmedia":[{"embeddable":true,"href":"https:\/\/ofertacular.com\/index.php\/wp-json\/wp\/v2\/media\/6391"}],"wp:attachment":[{"href":"https:\/\/ofertacular.com\/index.php\/wp-json\/wp\/v2\/media?parent=6392"}],"wp:term":[{"taxonomy":"store","embeddable":true,"href":"https:\/\/ofertacular.com\/index.php\/wp-json\/wp\/v2\/store?post=6392"},{"taxonomy":"product_brand","embeddable":true,"href":"https:\/\/ofertacular.com\/index.php\/wp-json\/wp\/v2\/product_brand?post=6392"},{"taxonomy":"product_cat","embeddable":true,"href":"https:\/\/ofertacular.com\/index.php\/wp-json\/wp\/v2\/product_cat?post=6392"},{"taxonomy":"product_tag","embeddable":true,"href":"https:\/\/ofertacular.com\/index.php\/wp-json\/wp\/v2\/product_tag?post=6392"}],"curies":[{"name":"wp","href":"https:\/\/api.w.org\/{rel}","templated":true}]}}