{"id":6394,"date":"2025-07-08T18:26:53","date_gmt":"2025-07-08T16:26:53","guid":{"rendered":"https:\/\/ofertacular.com\/index.php\/producto\/lambrusco-vino\/"},"modified":"2025-07-08T18:26:53","modified_gmt":"2025-07-08T16:26:53","slug":"lambrusco-vino","status":"publish","type":"product","link":"https:\/\/ofertacular.com\/index.php\/producto\/lambrusco-vino\/","title":{"rendered":"Lambrusco Vino"},"content":{"rendered":"<div class=\"oferta-container\">\n<p>\ud83d\udfe5 <b>GRAN OFERTA<\/b> \ud83d\udfe5 #Publicidad #Amazon #16<\/p>\n<p>\ud83d\udd34 <b>Lambrusco Vino <\/b><\/p>\n<p>\u2705 <b>AHORA 9.99 \u20ac<\/b> \u2714\ufe0f\ud83d\udfe1<\/p>\n<p>\u274c Antes 21.00 \u20ac<\/p>\n<p>\ud83d\uded2: <a href=\"https:\/\/btz.es\/4QxzVkT\" target=\"_blank\" rel=\"nofollow noopener\">https:\/\/btz.es\/4QxzVkT<\/a><\/p>\n<p>Descubre el extraordinario Lambrusco, un vino italiano que cautiva los paladares m\u00e1s exigentes con su sabor \u00fanico y vibrante. Este vino espumoso, conocido por su frescura y notas afrutadas, es el acompa\u00f1ante perfecto para cualquier ocasi\u00f3n, desde una comida informal hasta una celebraci\u00f3n especial. El Lambrusco destaca por su color rojo intenso y su aroma afrutado, que incluye matices de frutos rojos, flores y un toque ligeramente dulce que equilibra perfectamente su acidez.<\/p>\n<p>Este vino se destaca no solo por su sabor sino tambi\u00e9n por su versatilidad. Ideal para maridar con platos italianos como pastas, pizzas y embutidos, tambi\u00e9n se puede disfrutar solo como una bebida refrescante en d\u00edas calurosos. Su nivel moderado de alcohol y burbujas suaves lo hacen accesible para todos los amantes del vino, ya sean expertos o principiantes.<\/p>\n<p>La calidad del Lambrusco es resultado de una cuidadosa selecci\u00f3n de uvas y un proceso de elaboraci\u00f3n tradicional que mantiene la autenticidad y frescura del vino. Es importante resaltar que este vino es una excelente opci\u00f3n para quienes buscan una alternativa diferente a los vinos tintos y blancos convencionales, ya que ofrece una experiencia sensorial \u00fanica.<\/p>\n<p>Si buscas un vino que combine elegancia, sabor y tradici\u00f3n, el Lambrusco es la elecci\u00f3n ideal. Perfecto para regalar o para disfrutar en tus reuniones, este vino italiano promete convertir cada sorbo en un momento memorable. No pierdas la oportunidad de probar este vino que ha conquistado paladares alrededor del mundo y a\u00f1ade un toque especial a tus celebraciones con una botella de Lambrusco.<\/p>\n<\/p><\/div>\n","protected":false},"excerpt":{"rendered":"<p>\ud83d\udfe5 GRAN OFERTA \ud83d\udfe5 #Publicidad #Amazon #16 \ud83d\udd34 Lambrusco Vino \u2705 AHORA 9.99 \u20ac \u2714\ufe0f\ud83d\udfe1 \u274c Antes 21.00 \u20ac \ud83d\uded2: https:\/\/btz.es\/4QxzVkT Descubre el extraordinario Lambrusco, un vino italiano que cautiva los paladares m\u00e1s exigentes con su sabor \u00fanico y vibrante. Este vino espumoso, conocido por su frescura y notas afrutadas, es el acompa\u00f1ante perfecto para [&hellip;]<\/p>\n","protected":false},"featured_media":6393,"template":"","meta":{"_gspb_post_css":""},"store":[],"product_brand":[],"product_cat":[16],"product_tag":[],"class_list":{"0":"post-6394","1":"product","2":"type-product","3":"status-publish","4":"has-post-thumbnail","6":"product_cat-sin-categorizar","8":"first","9":"instock","10":"sale","11":"shipping-taxable","12":"product-type-external"},"jetpack_sharing_enabled":true,"_links":{"self":[{"href":"https:\/\/ofertacular.com\/index.php\/wp-json\/wp\/v2\/product\/6394","targetHints":{"allow":["GET"]}}],"collection":[{"href":"https:\/\/ofertacular.com\/index.php\/wp-json\/wp\/v2\/product"}],"about":[{"href":"https:\/\/ofertacular.com\/index.php\/wp-json\/wp\/v2\/types\/product"}],"wp:featuredmedia":[{"embeddable":true,"href":"https:\/\/ofertacular.com\/index.php\/wp-json\/wp\/v2\/media\/6393"}],"wp:attachment":[{"href":"https:\/\/ofertacular.com\/index.php\/wp-json\/wp\/v2\/media?parent=6394"}],"wp:term":[{"taxonomy":"store","embeddable":true,"href":"https:\/\/ofertacular.com\/index.php\/wp-json\/wp\/v2\/store?post=6394"},{"taxonomy":"product_brand","embeddable":true,"href":"https:\/\/ofertacular.com\/index.php\/wp-json\/wp\/v2\/product_brand?post=6394"},{"taxonomy":"product_cat","embeddable":true,"href":"https:\/\/ofertacular.com\/index.php\/wp-json\/wp\/v2\/product_cat?post=6394"},{"taxonomy":"product_tag","embeddable":true,"href":"https:\/\/ofertacular.com\/index.php\/wp-json\/wp\/v2\/product_tag?post=6394"}],"curies":[{"name":"wp","href":"https:\/\/api.w.org\/{rel}","templated":true}]}}