{"id":6400,"date":"2025-07-08T18:31:23","date_gmt":"2025-07-08T16:31:23","guid":{"rendered":"https:\/\/ofertacular.com\/index.php\/producto\/mimosa-vermillion\/"},"modified":"2025-07-08T18:31:23","modified_gmt":"2025-07-08T16:31:23","slug":"mimosa-vermillion","status":"publish","type":"product","link":"https:\/\/ofertacular.com\/index.php\/producto\/mimosa-vermillion\/","title":{"rendered":"Mimosa Vermillion"},"content":{"rendered":"<div class=\"oferta-container\">\ud83d\udfea <b>FUNKO OFERTA<\/b> \ud83d\udfea #Publicidad #Amazon<\/p>\n<p>\ud83d\udfe3 <b> Funko POP! Anime: Mimosa Vermillion Mimosa Vermillion<\/b> <\/p>\n<p>\u2705 <b>AHORA 8 \u20ac<\/b> \u2714\ufe0f\ud83d\udfe1<br \/>\n\u274c Antes 16.00 \u20ac \u20ac <\/p>\n<p>\ud83d\uded2: https:\/\/btz.es\/4Qx1d1I\ud83d\udfe2 <\/p>\n<p>Ofertacular.com<\/p>\n<p>Descubre la figura Funko POP! Anime de Mimosa Vermillion, un imprescindible para los fans del anime y coleccionistas de figuras de vinilo. Esta figura captura la esencia y el estilo caracter\u00edstico del personaje con detalles excepcionales que la hacen perfecta para exhibir y regalar. Fabricada con materiales de alta calidad, es ideal tanto para exhibici\u00f3n como para agregar a tu colecci\u00f3n personal. Perfecta para fan\u00e1ticos de la serie que desean un recuerdo \u00fanico y original.<\/p>\n<\/div>\n","protected":false},"excerpt":{"rendered":"<p>\ud83d\udfea FUNKO OFERTA \ud83d\udfea #Publicidad #Amazon \ud83d\udfe3 Funko POP! Anime: Mimosa Vermillion Mimosa Vermillion \u2705 AHORA 8 \u20ac \u2714\ufe0f\ud83d\udfe1 \u274c Antes 16.00 \u20ac \u20ac \ud83d\uded2: https:\/\/btz.es\/4Qx1d1I\ud83d\udfe2 Ofertacular.com Descubre la figura Funko POP! Anime de Mimosa Vermillion, un imprescindible para los fans del anime y coleccionistas de figuras de vinilo. Esta figura captura la esencia y [&hellip;]<\/p>\n","protected":false},"featured_media":6399,"template":"","meta":{"_gspb_post_css":""},"store":[],"product_brand":[],"product_cat":[16],"product_tag":[],"class_list":{"0":"post-6400","1":"product","2":"type-product","3":"status-publish","4":"has-post-thumbnail","6":"product_cat-sin-categorizar","8":"first","9":"instock","10":"sale","11":"shipping-taxable","12":"product-type-external"},"jetpack_sharing_enabled":true,"_links":{"self":[{"href":"https:\/\/ofertacular.com\/index.php\/wp-json\/wp\/v2\/product\/6400","targetHints":{"allow":["GET"]}}],"collection":[{"href":"https:\/\/ofertacular.com\/index.php\/wp-json\/wp\/v2\/product"}],"about":[{"href":"https:\/\/ofertacular.com\/index.php\/wp-json\/wp\/v2\/types\/product"}],"wp:featuredmedia":[{"embeddable":true,"href":"https:\/\/ofertacular.com\/index.php\/wp-json\/wp\/v2\/media\/6399"}],"wp:attachment":[{"href":"https:\/\/ofertacular.com\/index.php\/wp-json\/wp\/v2\/media?parent=6400"}],"wp:term":[{"taxonomy":"store","embeddable":true,"href":"https:\/\/ofertacular.com\/index.php\/wp-json\/wp\/v2\/store?post=6400"},{"taxonomy":"product_brand","embeddable":true,"href":"https:\/\/ofertacular.com\/index.php\/wp-json\/wp\/v2\/product_brand?post=6400"},{"taxonomy":"product_cat","embeddable":true,"href":"https:\/\/ofertacular.com\/index.php\/wp-json\/wp\/v2\/product_cat?post=6400"},{"taxonomy":"product_tag","embeddable":true,"href":"https:\/\/ofertacular.com\/index.php\/wp-json\/wp\/v2\/product_tag?post=6400"}],"curies":[{"name":"wp","href":"https:\/\/api.w.org\/{rel}","templated":true}]}}