{"id":6402,"date":"2025-07-08T18:32:08","date_gmt":"2025-07-08T16:32:08","guid":{"rendered":"https:\/\/ofertacular.com\/index.php\/producto\/calvin-klein-jeans\/"},"modified":"2025-07-08T18:32:08","modified_gmt":"2025-07-08T16:32:08","slug":"calvin-klein-jeans","status":"publish","type":"product","link":"https:\/\/ofertacular.com\/index.php\/producto\/calvin-klein-jeans\/","title":{"rendered":"Calvin Klein Jeans"},"content":{"rendered":"<div class=\"oferta-container\">\n<p>\ud83d\udfe5 <b>REBAJA<\/b> \ud83d\udfe5 #Publicidad #Amazon #16<\/p>\n<p>\ud83d\udd34 <b>Jeans Hombre <\/b><\/p>\n<p>\u2705 <b>AHORA 22.91 \u20ac<\/b> \u2714\ufe0f\ud83d\udfe1<\/p>\n<p>\u274c Antes 99.90 \u20ac<\/p>\n<p>\ud83d\uded2: <a href=\"https:\/\/btz.es\/4Qx1phJ\" target=\"_blank\" rel=\"nofollow noopener\">https:\/\/btz.es\/4Qx1phJ<\/a><\/p>\n<p>Descubre los aut\u00e9nticos Calvin Klein Jeans para hombre, una prenda imprescindible para quienes buscan estilo, calidad y comodidad en sus atuendos diarios. Estas jeans destacan por su dise\u00f1o moderno y atemporal, ideales para cualquier ocasi\u00f3n, ya sea casual o semi-formal. Fabricados con materiales de alta calidad, garantizan durabilidad y un ajuste perfecto que realza la figura. Los Calvin Klein Jeans est\u00e1n dise\u00f1ados para ofrecer libertad de movimiento sin sacrificar el estilo, proporcionando una experiencia de uso excepcional. Adem\u00e1s, cuentan con detalles exclusivos de la marca, como el ic\u00f3nico logo y acabados premium que reflejan el car\u00e1cter sofisticado de Calvin Klein. Explora la variedad de lavados y cortes disponibles, desde skinny hasta straight fit, para encontrar el par que mejor se adapte a tu estilo personal. Incorporar estos jeans a tu guardarropa significa apostar por una moda vers\u00e1til y contempor\u00e1nea que nunca pasa de moda. Son f\u00e1ciles de combinar con camisetas, camisas y chaquetas, lo que los convierte en una elecci\u00f3n confiable para cualquier estaci\u00f3n del a\u00f1o. Si buscas renovar tu armario con una pieza que combine funcionalidad y elegancia, los Calvin Klein Jeans para hombre son la opci\u00f3n ideal. No te pierdas esta oportunidad de llevar una prenda de prestigio internacional, creada para hombres que valoran la calidad y la autenticidad en cada detalle.<\/p>\n<\/p><\/div>\n","protected":false},"excerpt":{"rendered":"<p>\ud83d\udfe5 REBAJA \ud83d\udfe5 #Publicidad #Amazon #16 \ud83d\udd34 Jeans Hombre \u2705 AHORA 22.91 \u20ac \u2714\ufe0f\ud83d\udfe1 \u274c Antes 99.90 \u20ac \ud83d\uded2: https:\/\/btz.es\/4Qx1phJ Descubre los aut\u00e9nticos Calvin Klein Jeans para hombre, una prenda imprescindible para quienes buscan estilo, calidad y comodidad en sus atuendos diarios. Estas jeans destacan por su dise\u00f1o moderno y atemporal, ideales para cualquier ocasi\u00f3n, [&hellip;]<\/p>\n","protected":false},"featured_media":6401,"template":"","meta":{"_gspb_post_css":""},"store":[],"product_brand":[],"product_cat":[16],"product_tag":[],"class_list":{"0":"post-6402","1":"product","2":"type-product","3":"status-publish","4":"has-post-thumbnail","6":"product_cat-sin-categorizar","8":"first","9":"instock","10":"sale","11":"shipping-taxable","12":"product-type-external"},"jetpack_sharing_enabled":true,"_links":{"self":[{"href":"https:\/\/ofertacular.com\/index.php\/wp-json\/wp\/v2\/product\/6402","targetHints":{"allow":["GET"]}}],"collection":[{"href":"https:\/\/ofertacular.com\/index.php\/wp-json\/wp\/v2\/product"}],"about":[{"href":"https:\/\/ofertacular.com\/index.php\/wp-json\/wp\/v2\/types\/product"}],"wp:featuredmedia":[{"embeddable":true,"href":"https:\/\/ofertacular.com\/index.php\/wp-json\/wp\/v2\/media\/6401"}],"wp:attachment":[{"href":"https:\/\/ofertacular.com\/index.php\/wp-json\/wp\/v2\/media?parent=6402"}],"wp:term":[{"taxonomy":"store","embeddable":true,"href":"https:\/\/ofertacular.com\/index.php\/wp-json\/wp\/v2\/store?post=6402"},{"taxonomy":"product_brand","embeddable":true,"href":"https:\/\/ofertacular.com\/index.php\/wp-json\/wp\/v2\/product_brand?post=6402"},{"taxonomy":"product_cat","embeddable":true,"href":"https:\/\/ofertacular.com\/index.php\/wp-json\/wp\/v2\/product_cat?post=6402"},{"taxonomy":"product_tag","embeddable":true,"href":"https:\/\/ofertacular.com\/index.php\/wp-json\/wp\/v2\/product_tag?post=6402"}],"curies":[{"name":"wp","href":"https:\/\/api.w.org\/{rel}","templated":true}]}}