{"id":6430,"date":"2025-07-09T10:40:01","date_gmt":"2025-07-09T08:40:01","guid":{"rendered":"https:\/\/ofertacular.com\/index.php\/producto\/puma-backpack-2\/"},"modified":"2025-07-09T10:40:01","modified_gmt":"2025-07-09T08:40:01","slug":"puma-backpack-2","status":"publish","type":"product","link":"https:\/\/ofertacular.com\/index.php\/producto\/puma-backpack-2\/","title":{"rendered":"PUMA Backpack"},"content":{"rendered":"<div class=\"oferta-container\">\n<p>\ud83d\udfe5 <b>\u00a1NO TE LA PIERDAS!<\/b> \ud83d\udfe5 #Publicidad #Amazon #16<\/p>\n<p>\ud83d\udd34 <b>Mochila PUMA <\/b><\/p>\n<p>\u2705 <b>AHORA 9.8 \u20ac<\/b> \u2714\ufe0f\ud83d\udfe1<\/p>\n<p>\u274c Antes 12.25 \u20ac<\/p>\n<p>\ud83d\uded2: <a href=\"https:\/\/btz.es\/4Q1wU2C\" target=\"_blank\" rel=\"nofollow noopener\">https:\/\/btz.es\/4Q1wU2C<\/a><\/p>\n<p>Descubre la mochila PUMA, el accesorio perfecto para combinar estilo, funcionalidad y comodidad en tu d\u00eda a d\u00eda. Dise\u00f1ada para quienes buscan un producto resistente y vers\u00e1til, esta mochila PUMA es ideal tanto para el uso diario como para actividades deportivas. Fabricada con materiales de alta calidad, garantiza durabilidad y resistencia al desgaste, manteniendo un aspecto impecable con el paso del tiempo.<\/p>\n<p>La mochila cuenta con m\u00faltiples compartimentos espaciosos y organizadores inteligentes que te permiten llevar todo lo que necesitas de forma ordenada y accesible. Su dise\u00f1o ergon\u00f3mico ofrece un soporte adecuado para la espalda y los hombros, distribuyendo el peso de manera equilibrada y proporcionando m\u00e1xima comodidad durante largos periodos de uso.<\/p>\n<p>Adem\u00e1s, el dise\u00f1o moderno y las l\u00edneas limpias de esta mochila PUMA hacen que sea un complemento ideal para cualquier estilo, desde look casual hasta m\u00e1s deportivo. Su cierre seguro y ajustes personalizados aseguran que tus pertenencias permanezcan protegidas en todo momento.<\/p>\n<p>Elige la mochila PUMA para tus aventuras urbanas, el gimnasio o tus viajes, y disfruta de un producto que combina funcionalidad, confort y estilo en un solo paquete. No pierdas la oportunidad de llevar contigo una mochila que no solo responde a tus necesidades pr\u00e1cticas, sino que tambi\u00e9n mejora tu imagen personal gracias a su dise\u00f1o aut\u00e9ntico y reconocido de PUMA.<\/p>\n<p>Palabras clave: mochila PUMA, mochila deportiva, mochila urbana, mochila resistente, mochila c\u00f3moda, mochila con compartimentos, mochila ergon\u00f3mica, accesorio deportivo, mochila de calidad, mochila para viajes.<\/p>\n<\/p><\/div>\n","protected":false},"excerpt":{"rendered":"<p>\ud83d\udfe5 \u00a1NO TE LA PIERDAS! \ud83d\udfe5 #Publicidad #Amazon #16 \ud83d\udd34 Mochila PUMA \u2705 AHORA 9.8 \u20ac \u2714\ufe0f\ud83d\udfe1 \u274c Antes 12.25 \u20ac \ud83d\uded2: https:\/\/btz.es\/4Q1wU2C Descubre la mochila PUMA, el accesorio perfecto para combinar estilo, funcionalidad y comodidad en tu d\u00eda a d\u00eda. Dise\u00f1ada para quienes buscan un producto resistente y vers\u00e1til, esta mochila PUMA es ideal [&hellip;]<\/p>\n","protected":false},"featured_media":6429,"template":"","meta":{"_gspb_post_css":""},"store":[],"product_brand":[],"product_cat":[16],"product_tag":[],"class_list":{"0":"post-6430","1":"product","2":"type-product","3":"status-publish","4":"has-post-thumbnail","6":"product_cat-sin-categorizar","8":"first","9":"instock","10":"sale","11":"shipping-taxable","12":"product-type-external"},"jetpack_sharing_enabled":true,"_links":{"self":[{"href":"https:\/\/ofertacular.com\/index.php\/wp-json\/wp\/v2\/product\/6430","targetHints":{"allow":["GET"]}}],"collection":[{"href":"https:\/\/ofertacular.com\/index.php\/wp-json\/wp\/v2\/product"}],"about":[{"href":"https:\/\/ofertacular.com\/index.php\/wp-json\/wp\/v2\/types\/product"}],"wp:featuredmedia":[{"embeddable":true,"href":"https:\/\/ofertacular.com\/index.php\/wp-json\/wp\/v2\/media\/6429"}],"wp:attachment":[{"href":"https:\/\/ofertacular.com\/index.php\/wp-json\/wp\/v2\/media?parent=6430"}],"wp:term":[{"taxonomy":"store","embeddable":true,"href":"https:\/\/ofertacular.com\/index.php\/wp-json\/wp\/v2\/store?post=6430"},{"taxonomy":"product_brand","embeddable":true,"href":"https:\/\/ofertacular.com\/index.php\/wp-json\/wp\/v2\/product_brand?post=6430"},{"taxonomy":"product_cat","embeddable":true,"href":"https:\/\/ofertacular.com\/index.php\/wp-json\/wp\/v2\/product_cat?post=6430"},{"taxonomy":"product_tag","embeddable":true,"href":"https:\/\/ofertacular.com\/index.php\/wp-json\/wp\/v2\/product_tag?post=6430"}],"curies":[{"name":"wp","href":"https:\/\/api.w.org\/{rel}","templated":true}]}}