{"id":6438,"date":"2025-07-09T12:57:34","date_gmt":"2025-07-09T10:57:34","guid":{"rendered":"https:\/\/ofertacular.com\/index.php\/producto\/old-spice-4\/"},"modified":"2025-07-09T12:57:34","modified_gmt":"2025-07-09T10:57:34","slug":"old-spice-4","status":"publish","type":"product","link":"https:\/\/ofertacular.com\/index.php\/producto\/old-spice-4\/","title":{"rendered":"Old Spice"},"content":{"rendered":"<div class=\"oferta-container\">\n<p>\ud83d\udfe5 <b>CHOLLAZO<\/b> \ud83d\udfe5 #Publicidad #Amazon #16<\/p>\n<p>\ud83d\udd34 <b>Old Spice <\/b><\/p>\n<p>\u2705 <b>AHORA 9.99 \u20ac<\/b> \u2714\ufe0f\ud83d\udfe1<\/p>\n<p>\u274c Antes 15.96 \u20ac<\/p>\n<p>\ud83d\uded2: <a href=\"https:\/\/btz.es\/4Q1V79S\" target=\"_blank\" rel=\"nofollow noopener\">https:\/\/btz.es\/4Q1V79S<\/a><\/p>\n<p>Descubre la esencia del cuidado personal masculino con Old Spice, una marca emblem\u00e1tica que ha definido el est\u00e1ndar en desodorantes y productos para hombres durante d\u00e9cadas. Los productos de Old Spice combinan fragancias frescas y revitalizantes con una eficacia comprobada para mantener la piel seca y protegida durante todo el d\u00eda. Ya sea que busques un desodorante antitranspirante, un gel de ducha vigoroso o una bodyspray refrescante, Old Spice ofrece una amplia gama de opciones dise\u00f1adas para adaptarse a tu rutina diaria y estilo de vida activo.<\/p>\n<p>La f\u00f3rmula \u00fanica de Old Spice no solo combate el sudor y el mal olor, sino que tambi\u00e9n cuida la piel para evitar irritaciones, gracias a ingredientes cuidadosamente seleccionados. Su aroma distintivo, mezcla de notas c\u00edtricas, especiadas y amaderadas, proporciona una fragancia duradera que te acompa\u00f1ar\u00e1 en cada momento del d\u00eda.<\/p>\n<p>Old Spice es ideal para hombres que buscan mantener una higiene impecable sin sacrificar frescura ni estilo. Adem\u00e1s, su presentaci\u00f3n en envases modernos y pr\u00e1cticos facilita su uso en cualquier lugar, desde el gimnasio hasta la oficina o actividades al aire libre.<\/p>\n<p>Incorpora Old Spice en tu rutina diaria para experimentar una sensaci\u00f3n de frescura continua, confianza y protecci\u00f3n ante el sudor. Con Old Spice, cada d\u00eda es una oportunidad para destacar con una fragancia masculina aut\u00e9ntica y eficaz que ha conquistado a generaciones de hombres alrededor del mundo.<\/p>\n<\/p><\/div>\n","protected":false},"excerpt":{"rendered":"<p>\ud83d\udfe5 CHOLLAZO \ud83d\udfe5 #Publicidad #Amazon #16 \ud83d\udd34 Old Spice \u2705 AHORA 9.99 \u20ac \u2714\ufe0f\ud83d\udfe1 \u274c Antes 15.96 \u20ac \ud83d\uded2: https:\/\/btz.es\/4Q1V79S Descubre la esencia del cuidado personal masculino con Old Spice, una marca emblem\u00e1tica que ha definido el est\u00e1ndar en desodorantes y productos para hombres durante d\u00e9cadas. Los productos de Old Spice combinan fragancias frescas y [&hellip;]<\/p>\n","protected":false},"featured_media":6437,"template":"","meta":{"_gspb_post_css":""},"store":[],"product_brand":[],"product_cat":[16],"product_tag":[],"class_list":{"0":"post-6438","1":"product","2":"type-product","3":"status-publish","4":"has-post-thumbnail","6":"product_cat-sin-categorizar","8":"first","9":"instock","10":"sale","11":"shipping-taxable","12":"product-type-external"},"jetpack_sharing_enabled":true,"_links":{"self":[{"href":"https:\/\/ofertacular.com\/index.php\/wp-json\/wp\/v2\/product\/6438","targetHints":{"allow":["GET"]}}],"collection":[{"href":"https:\/\/ofertacular.com\/index.php\/wp-json\/wp\/v2\/product"}],"about":[{"href":"https:\/\/ofertacular.com\/index.php\/wp-json\/wp\/v2\/types\/product"}],"wp:featuredmedia":[{"embeddable":true,"href":"https:\/\/ofertacular.com\/index.php\/wp-json\/wp\/v2\/media\/6437"}],"wp:attachment":[{"href":"https:\/\/ofertacular.com\/index.php\/wp-json\/wp\/v2\/media?parent=6438"}],"wp:term":[{"taxonomy":"store","embeddable":true,"href":"https:\/\/ofertacular.com\/index.php\/wp-json\/wp\/v2\/store?post=6438"},{"taxonomy":"product_brand","embeddable":true,"href":"https:\/\/ofertacular.com\/index.php\/wp-json\/wp\/v2\/product_brand?post=6438"},{"taxonomy":"product_cat","embeddable":true,"href":"https:\/\/ofertacular.com\/index.php\/wp-json\/wp\/v2\/product_cat?post=6438"},{"taxonomy":"product_tag","embeddable":true,"href":"https:\/\/ofertacular.com\/index.php\/wp-json\/wp\/v2\/product_tag?post=6438"}],"curies":[{"name":"wp","href":"https:\/\/api.w.org\/{rel}","templated":true}]}}