{"id":6440,"date":"2025-07-09T15:25:11","date_gmt":"2025-07-09T13:25:11","guid":{"rendered":"https:\/\/ofertacular.com\/index.php\/producto\/asus-vivobook\/"},"modified":"2025-07-09T15:25:11","modified_gmt":"2025-07-09T13:25:11","slug":"asus-vivobook","status":"publish","type":"product","link":"https:\/\/ofertacular.com\/index.php\/producto\/asus-vivobook\/","title":{"rendered":"ASUS VivoBook"},"content":{"rendered":"<div class=\"oferta-container\">\n<p>\ud83d\udfe5 <b>ES UN CHOLL\u00d3N<\/b> \ud83d\udfe5 #Publicidad #Amazon #16<\/p>\n<p>\ud83d\udd34 <b>Port\u00e1til ASUS <\/b><\/p>\n<p>\u2705 <b>AHORA 499 \u20ac<\/b> \u2714\ufe0f\ud83d\udfe1<\/p>\n<p>\u274c Antes 779.00 \u20ac<\/p>\n<p>\ud83d\uded2: <a href=\"https:\/\/btz.es\/4Q26GTY\" target=\"_blank\" rel=\"nofollow noopener\">https:\/\/btz.es\/4Q26GTY<\/a><\/p>\n<p>Descubre el ASUS VivoBook, un port\u00e1til dise\u00f1ado para ofrecer un rendimiento excepcional y una experiencia inform\u00e1tica fluida tanto para profesionales como para estudiantes. Este equipo combina potencia, estilo y portabilidad, haci\u00e9ndolo ideal para quienes buscan una herramienta confiable para sus tareas diarias y proyectos multimedia. Equipado con procesadores de \u00faltima generaci\u00f3n, memoria RAM amplia y almacenamiento r\u00e1pido, el ASUS VivoBook garantiza velocidad y eficiencia en la ejecuci\u00f3n de m\u00faltiples aplicaciones y procesos simult\u00e1neos. Su pantalla de alta resoluci\u00f3n proporciona im\u00e1genes n\u00edtidas y colores vibrantes, perfecta para la edici\u00f3n de fotos, videos y el consumo de contenido en alta definici\u00f3n. Adem\u00e1s, su dise\u00f1o ligero y compacto facilita su transporte, permiti\u00e9ndote llevar tu trabajo y entretenimiento a cualquier lugar con comodidad. La bater\u00eda de larga duraci\u00f3n asegura que puedas usar tu port\u00e1til durante horas sin preocuparte por recargarlo constantemente. El teclado ergon\u00f3mico con retroiluminaci\u00f3n mejora la experiencia de escritura, especialmente en ambientes con poca luz. ASUS tambi\u00e9n incluye caracter\u00edsticas de seguridad avanzadas, como el sensor de huellas digitales, para proteger tus datos personales y asegurar un acceso r\u00e1pido y seguro. En resumen, el ASUS VivoBook es una opci\u00f3n ideal para quienes buscan un port\u00e1til equilibrado, potente y vers\u00e1til, adaptado a las necesidades actuales de conectividad y rendimiento. No pierdas la oportunidad de mejorar tu productividad y entretenimiento con este equipo exclusivo de ASUS.<\/p>\n<\/p><\/div>\n","protected":false},"excerpt":{"rendered":"<p>\ud83d\udfe5 ES UN CHOLL\u00d3N \ud83d\udfe5 #Publicidad #Amazon #16 \ud83d\udd34 Port\u00e1til ASUS \u2705 AHORA 499 \u20ac \u2714\ufe0f\ud83d\udfe1 \u274c Antes 779.00 \u20ac \ud83d\uded2: https:\/\/btz.es\/4Q26GTY Descubre el ASUS VivoBook, un port\u00e1til dise\u00f1ado para ofrecer un rendimiento excepcional y una experiencia inform\u00e1tica fluida tanto para profesionales como para estudiantes. Este equipo combina potencia, estilo y portabilidad, haci\u00e9ndolo ideal para [&hellip;]<\/p>\n","protected":false},"featured_media":6439,"template":"","meta":{"_gspb_post_css":""},"store":[],"product_brand":[],"product_cat":[16],"product_tag":[],"class_list":{"0":"post-6440","1":"product","2":"type-product","3":"status-publish","4":"has-post-thumbnail","6":"product_cat-sin-categorizar","8":"first","9":"instock","10":"sale","11":"shipping-taxable","12":"product-type-external"},"jetpack_sharing_enabled":true,"_links":{"self":[{"href":"https:\/\/ofertacular.com\/index.php\/wp-json\/wp\/v2\/product\/6440","targetHints":{"allow":["GET"]}}],"collection":[{"href":"https:\/\/ofertacular.com\/index.php\/wp-json\/wp\/v2\/product"}],"about":[{"href":"https:\/\/ofertacular.com\/index.php\/wp-json\/wp\/v2\/types\/product"}],"wp:featuredmedia":[{"embeddable":true,"href":"https:\/\/ofertacular.com\/index.php\/wp-json\/wp\/v2\/media\/6439"}],"wp:attachment":[{"href":"https:\/\/ofertacular.com\/index.php\/wp-json\/wp\/v2\/media?parent=6440"}],"wp:term":[{"taxonomy":"store","embeddable":true,"href":"https:\/\/ofertacular.com\/index.php\/wp-json\/wp\/v2\/store?post=6440"},{"taxonomy":"product_brand","embeddable":true,"href":"https:\/\/ofertacular.com\/index.php\/wp-json\/wp\/v2\/product_brand?post=6440"},{"taxonomy":"product_cat","embeddable":true,"href":"https:\/\/ofertacular.com\/index.php\/wp-json\/wp\/v2\/product_cat?post=6440"},{"taxonomy":"product_tag","embeddable":true,"href":"https:\/\/ofertacular.com\/index.php\/wp-json\/wp\/v2\/product_tag?post=6440"}],"curies":[{"name":"wp","href":"https:\/\/api.w.org\/{rel}","templated":true}]}}