{"id":6444,"date":"2025-07-09T16:45:59","date_gmt":"2025-07-09T14:45:59","guid":{"rendered":"https:\/\/ofertacular.com\/index.php\/producto\/botin-mujer\/"},"modified":"2025-07-09T16:45:59","modified_gmt":"2025-07-09T14:45:59","slug":"botin-mujer","status":"publish","type":"product","link":"https:\/\/ofertacular.com\/index.php\/producto\/botin-mujer\/","title":{"rendered":"Bot\u00edn Mujer"},"content":{"rendered":"<div class=\"oferta-container\">\n<p>\ud83d\udfe5 <b>INCRE\u00cdBLE<\/b> \ud83d\udfe5 #Publicidad #Amazon #16<\/p>\n<p>\ud83d\udd34 <b>Bot\u00edn mujer <\/b><\/p>\n<p>\u2705 <b>AHORA  \u20ac<\/b> \u2714\ufe0f\ud83d\udfe1<\/p>\n<p>\u274c Antes <\/p>\n<p>\ud83d\uded2: <a href=\"https:\/\/btz.es\/4Q2RcQZ\" target=\"_blank\" rel=\"nofollow noopener\">https:\/\/btz.es\/4Q2RcQZ<\/a><\/p>\n<p>Descubre los botines para mujer m\u00e1s elegantes y c\u00f3modos del mercado. Perfectos para cualquier ocasi\u00f3n, estos botines combinan estilo y funcionalidad, ofreciendo un ajuste perfecto que realza cualquier atuendo. Disponibles en una amplia variedad de dise\u00f1os y colores, podr\u00e1s elegir entre opciones cl\u00e1sicas y modernas que se adaptan a tu gusto y personalidad.<\/p>\n<p>Nuestros botines est\u00e1n confeccionados con materiales de alta calidad, garantizando durabilidad y resistencia al uso diario. La suela antideslizante proporciona seguridad y estabilidad al caminar, ideal para los d\u00edas lluviosos o terrenos irregulares. Adem\u00e1s, su forro interior suave asegura una sensaci\u00f3n agradable y calidez en los meses m\u00e1s fr\u00edos.<\/p>\n<p>Ideales para combinar con jeans, vestidos o faldas, estos botines para mujer son un must en tu guardarropa. Su dise\u00f1o vers\u00e1til permite que los uses tanto en el trabajo como en eventos casuales o salidas nocturnas. Gracias a su cierre f\u00e1cil, podr\u00e1s pon\u00e9rtelos y quit\u00e1rtelos r\u00e1pidamente, ahorrando tiempo en tu rutina diaria.<\/p>\n<p>Adem\u00e1s, est\u00e1n disponibles en tallas variadas para que encuentres el ajuste perfecto. No pierdas la oportunidad de lucir un calzado c\u00f3modo, estilizado y de calidad.<\/p>\n<p>Incorpora ahora estos botines para mujer en tu colecci\u00f3n de calzado y disfruta de la combinaci\u00f3n ideal de moda y confort. No esperes m\u00e1s para experimentar lo mejor en calzado femenino que realza tu estilo y proporciona el confort que mereces.<\/p>\n<\/p><\/div>\n","protected":false},"excerpt":{"rendered":"<p>\ud83d\udfe5 INCRE\u00cdBLE \ud83d\udfe5 #Publicidad #Amazon #16 \ud83d\udd34 Bot\u00edn mujer \u2705 AHORA \u20ac \u2714\ufe0f\ud83d\udfe1 \u274c Antes \ud83d\uded2: https:\/\/btz.es\/4Q2RcQZ Descubre los botines para mujer m\u00e1s elegantes y c\u00f3modos del mercado. Perfectos para cualquier ocasi\u00f3n, estos botines combinan estilo y funcionalidad, ofreciendo un ajuste perfecto que realza cualquier atuendo. Disponibles en una amplia variedad de dise\u00f1os y colores, [&hellip;]<\/p>\n","protected":false},"featured_media":6443,"template":"","meta":{"_gspb_post_css":""},"store":[],"product_brand":[],"product_cat":[16],"product_tag":[],"class_list":{"0":"post-6444","1":"product","2":"type-product","3":"status-publish","4":"has-post-thumbnail","6":"product_cat-sin-categorizar","8":"first","9":"instock","10":"shipping-taxable","11":"product-type-external"},"jetpack_sharing_enabled":true,"_links":{"self":[{"href":"https:\/\/ofertacular.com\/index.php\/wp-json\/wp\/v2\/product\/6444","targetHints":{"allow":["GET"]}}],"collection":[{"href":"https:\/\/ofertacular.com\/index.php\/wp-json\/wp\/v2\/product"}],"about":[{"href":"https:\/\/ofertacular.com\/index.php\/wp-json\/wp\/v2\/types\/product"}],"wp:featuredmedia":[{"embeddable":true,"href":"https:\/\/ofertacular.com\/index.php\/wp-json\/wp\/v2\/media\/6443"}],"wp:attachment":[{"href":"https:\/\/ofertacular.com\/index.php\/wp-json\/wp\/v2\/media?parent=6444"}],"wp:term":[{"taxonomy":"store","embeddable":true,"href":"https:\/\/ofertacular.com\/index.php\/wp-json\/wp\/v2\/store?post=6444"},{"taxonomy":"product_brand","embeddable":true,"href":"https:\/\/ofertacular.com\/index.php\/wp-json\/wp\/v2\/product_brand?post=6444"},{"taxonomy":"product_cat","embeddable":true,"href":"https:\/\/ofertacular.com\/index.php\/wp-json\/wp\/v2\/product_cat?post=6444"},{"taxonomy":"product_tag","embeddable":true,"href":"https:\/\/ofertacular.com\/index.php\/wp-json\/wp\/v2\/product_tag?post=6444"}],"curies":[{"name":"wp","href":"https:\/\/api.w.org\/{rel}","templated":true}]}}