{"id":6448,"date":"2025-07-09T16:57:44","date_gmt":"2025-07-09T14:57:44","guid":{"rendered":"https:\/\/ofertacular.com\/index.php\/producto\/lenovo-tablet-3\/"},"modified":"2025-07-09T16:57:44","modified_gmt":"2025-07-09T14:57:44","slug":"lenovo-tablet-3","status":"publish","type":"product","link":"https:\/\/ofertacular.com\/index.php\/producto\/lenovo-tablet-3\/","title":{"rendered":"Lenovo Tablet"},"content":{"rendered":"<div class=\"oferta-container\">\n<p>\ud83d\udfe5 <b>ES UN CHOLL\u00d3N<\/b> \ud83d\udfe5 #Publicidad #Amazon #16<\/p>\n<p>\ud83d\udd34 <b>Tablet Lenovo <\/b><\/p>\n<p>\u2705 <b>AHORA 99 \u20ac<\/b> \u2714\ufe0f\ud83d\udfe1<\/p>\n<p>\u274c Antes 119.00 \u20ac<\/p>\n<p>\ud83d\uded2: <a href=\"https:\/\/btz.es\/4Q2Uaq0\" target=\"_blank\" rel=\"nofollow noopener\">https:\/\/btz.es\/4Q2Uaq0<\/a><\/p>\n<p>La Tablet Lenovo es una herramienta tecnol\u00f3gica indispensable que combina rendimiento, portabilidad y dise\u00f1o atractivo para satisfacer las necesidades tanto de estudiantes como de profesionales. Con su pantalla t\u00e1ctil de alta resoluci\u00f3n, ofrece una experiencia visual excepcional, ideal para disfrutar de contenido multimedia, navegar por internet y realizar tareas de productividad con gran claridad y detalle.<\/p>\n<p>Equipada con un procesador potente y eficiente, la Tablet Lenovo garantiza un funcionamiento fluido y r\u00e1pido, permitiendo abrir m\u00faltiples aplicaciones simult\u00e1neamente sin sacrificar la velocidad. Su sistema operativo optimizado facilita la interacci\u00f3n del usuario, ofreciendo una interfaz intuitiva y accesible para todos los niveles de usuarios.<\/p>\n<p>La bater\u00eda de larga duraci\u00f3n es otro de los aspectos destacables, permitiendo horas continuas de uso sin la necesidad constante de recargar, perfecto para quienes necesitan trabajar o estudiar en movimiento. Adem\u00e1s, la Tablet Lenovo cuenta con una c\u00e1mara integrada de alta calidad para video llamadas, captura de im\u00e1genes y escaneo de documentos, lo que a\u00f1ade versatilidad a su uso diario.<\/p>\n<p>Para mejorar la experiencia del usuario, esta tablet incluye conectividad Wi-Fi potente y opciones de almacenamiento expandible, permitiendo almacenar grandes cantidades de archivos, aplicaciones y multimedia sin preocupaciones. Su dise\u00f1o elegante y ligero facilita su transporte, convirti\u00e9ndola en el dispositivo perfecto para acompa\u00f1arte en cualquier lugar.<\/p>\n<p>En resumen, la Tablet Lenovo es una opci\u00f3n ideal para quienes buscan un equipo confiable, eficiente y moderno que se adapte a m\u00faltiples usos, desde entretenimiento hasta trabajo profesional. No pierdas la oportunidad de tener en tus manos esta magn\u00edfica herramienta tecnol\u00f3gica que ofrece una excelente relaci\u00f3n calidad-precio y un rendimiento sobresaliente.<\/p>\n<\/p><\/div>\n","protected":false},"excerpt":{"rendered":"<p>\ud83d\udfe5 ES UN CHOLL\u00d3N \ud83d\udfe5 #Publicidad #Amazon #16 \ud83d\udd34 Tablet Lenovo \u2705 AHORA 99 \u20ac \u2714\ufe0f\ud83d\udfe1 \u274c Antes 119.00 \u20ac \ud83d\uded2: https:\/\/btz.es\/4Q2Uaq0 La Tablet Lenovo es una herramienta tecnol\u00f3gica indispensable que combina rendimiento, portabilidad y dise\u00f1o atractivo para satisfacer las necesidades tanto de estudiantes como de profesionales. Con su pantalla t\u00e1ctil de alta resoluci\u00f3n, ofrece [&hellip;]<\/p>\n","protected":false},"featured_media":6447,"template":"","meta":{"_gspb_post_css":""},"store":[],"product_brand":[],"product_cat":[16],"product_tag":[],"class_list":{"0":"post-6448","1":"product","2":"type-product","3":"status-publish","4":"has-post-thumbnail","6":"product_cat-sin-categorizar","8":"first","9":"instock","10":"sale","11":"shipping-taxable","12":"product-type-external"},"jetpack_sharing_enabled":true,"_links":{"self":[{"href":"https:\/\/ofertacular.com\/index.php\/wp-json\/wp\/v2\/product\/6448","targetHints":{"allow":["GET"]}}],"collection":[{"href":"https:\/\/ofertacular.com\/index.php\/wp-json\/wp\/v2\/product"}],"about":[{"href":"https:\/\/ofertacular.com\/index.php\/wp-json\/wp\/v2\/types\/product"}],"wp:featuredmedia":[{"embeddable":true,"href":"https:\/\/ofertacular.com\/index.php\/wp-json\/wp\/v2\/media\/6447"}],"wp:attachment":[{"href":"https:\/\/ofertacular.com\/index.php\/wp-json\/wp\/v2\/media?parent=6448"}],"wp:term":[{"taxonomy":"store","embeddable":true,"href":"https:\/\/ofertacular.com\/index.php\/wp-json\/wp\/v2\/store?post=6448"},{"taxonomy":"product_brand","embeddable":true,"href":"https:\/\/ofertacular.com\/index.php\/wp-json\/wp\/v2\/product_brand?post=6448"},{"taxonomy":"product_cat","embeddable":true,"href":"https:\/\/ofertacular.com\/index.php\/wp-json\/wp\/v2\/product_cat?post=6448"},{"taxonomy":"product_tag","embeddable":true,"href":"https:\/\/ofertacular.com\/index.php\/wp-json\/wp\/v2\/product_tag?post=6448"}],"curies":[{"name":"wp","href":"https:\/\/api.w.org\/{rel}","templated":true}]}}