{"id":6452,"date":"2025-07-10T08:07:59","date_gmt":"2025-07-10T06:07:59","guid":{"rendered":"https:\/\/ofertacular.com\/index.php\/producto\/bugani-buds\/"},"modified":"2025-07-10T08:07:59","modified_gmt":"2025-07-10T06:07:59","slug":"bugani-buds","status":"publish","type":"product","link":"https:\/\/ofertacular.com\/index.php\/producto\/bugani-buds\/","title":{"rendered":"BUGANI Buds"},"content":{"rendered":"<div class=\"oferta-container\">\n<p>\ud83d\udfe5 <b>\u00a1S\u00d3LO HOY!<\/b> \ud83d\udfe5 #Publicidad #Amazon #16<\/p>\n<p>\ud83d\udd34 <b>Auriculares inal\u00e1mbricos <\/b><\/p>\n<p>\u2705 <b>AHORA 19.99 \u20ac<\/b> \u2714\ufe0f\ud83d\udfe1<\/p>\n<p>\u274c Antes <\/p>\n<p>\ud83d\uded2: <a href=\"https:\/\/btz.es\/4Q6BkfS\" target=\"_blank\" rel=\"nofollow noopener\">https:\/\/btz.es\/4Q6BkfS<\/a><\/p>\n<p>Los BUGANI Buds son auriculares inal\u00e1mbricos dise\u00f1ados para ofrecer una experiencia de sonido excepcional con la m\u00e1xima comodidad y libertad de movimiento. Estos auriculares cuentan con tecnolog\u00eda Bluetooth avanzada que garantiza una conexi\u00f3n estable y r\u00e1pida con tu dispositivo, ya sea un smartphone, tablet o port\u00e1til. Ideales para m\u00fasica, llamadas y actividades deportivas, los BUGANI Buds combinan un dise\u00f1o ergon\u00f3mico con un rendimiento de audio de alta calidad que satisface incluso a los usuarios m\u00e1s exigentes.<\/p>\n<p>Con una bater\u00eda de larga duraci\u00f3n, estos auriculares permiten horas ininterrumpidas de reproducci\u00f3n para que puedas disfrutar de tus canciones favoritas sin interrupciones. Adem\u00e1s, su estuche compacto no solo facilita el transporte, sino que tambi\u00e9n funciona como cargador port\u00e1til para que siempre tengas bater\u00eda disponible.<\/p>\n<p>La comodidad es una prioridad en los BUGANI Buds. Est\u00e1n dise\u00f1ados para ajustarse perfectamente a la forma del o\u00eddo, proporcionando un aislamiento ac\u00fastico que mejora la calidad del sonido y reduce el ruido ambiental. Esto los convierte en una opci\u00f3n perfecta para el gimnasio, el trabajo o el viaje diario.<\/p>\n<p>Gracias a sus controles t\u00e1ctiles intuitivos, puedes gestionar f\u00e1cilmente la reproducci\u00f3n de m\u00fasica, ajustar el volumen y atender llamadas sin sacar tu dispositivo del bolsillo. Adem\u00e1s, estos auriculares cuentan con resistencia al agua y al sudor, lo que los hace ideales para entrenamientos intensos y actividades al aire libre.<\/p>\n<p>En resumen, los BUGANI Buds son la combinaci\u00f3n perfecta de tecnolog\u00eda, dise\u00f1o y funcionalidad. Si buscas auriculares inal\u00e1mbricos que ofrezcan calidad de sonido superior, comodidad y durabilidad, estos Buds son una inversi\u00f3n que no te decepcionar\u00e1.<\/p>\n<\/p><\/div>\n","protected":false},"excerpt":{"rendered":"<p>\ud83d\udfe5 \u00a1S\u00d3LO HOY! \ud83d\udfe5 #Publicidad #Amazon #16 \ud83d\udd34 Auriculares inal\u00e1mbricos \u2705 AHORA 19.99 \u20ac \u2714\ufe0f\ud83d\udfe1 \u274c Antes \ud83d\uded2: https:\/\/btz.es\/4Q6BkfS Los BUGANI Buds son auriculares inal\u00e1mbricos dise\u00f1ados para ofrecer una experiencia de sonido excepcional con la m\u00e1xima comodidad y libertad de movimiento. Estos auriculares cuentan con tecnolog\u00eda Bluetooth avanzada que garantiza una conexi\u00f3n estable y r\u00e1pida [&hellip;]<\/p>\n","protected":false},"featured_media":6451,"template":"","meta":{"_gspb_post_css":""},"store":[],"product_brand":[],"product_cat":[16],"product_tag":[],"class_list":{"0":"post-6452","1":"product","2":"type-product","3":"status-publish","4":"has-post-thumbnail","6":"product_cat-sin-categorizar","8":"first","9":"instock","10":"shipping-taxable","11":"product-type-external"},"jetpack_sharing_enabled":true,"_links":{"self":[{"href":"https:\/\/ofertacular.com\/index.php\/wp-json\/wp\/v2\/product\/6452","targetHints":{"allow":["GET"]}}],"collection":[{"href":"https:\/\/ofertacular.com\/index.php\/wp-json\/wp\/v2\/product"}],"about":[{"href":"https:\/\/ofertacular.com\/index.php\/wp-json\/wp\/v2\/types\/product"}],"wp:featuredmedia":[{"embeddable":true,"href":"https:\/\/ofertacular.com\/index.php\/wp-json\/wp\/v2\/media\/6451"}],"wp:attachment":[{"href":"https:\/\/ofertacular.com\/index.php\/wp-json\/wp\/v2\/media?parent=6452"}],"wp:term":[{"taxonomy":"store","embeddable":true,"href":"https:\/\/ofertacular.com\/index.php\/wp-json\/wp\/v2\/store?post=6452"},{"taxonomy":"product_brand","embeddable":true,"href":"https:\/\/ofertacular.com\/index.php\/wp-json\/wp\/v2\/product_brand?post=6452"},{"taxonomy":"product_cat","embeddable":true,"href":"https:\/\/ofertacular.com\/index.php\/wp-json\/wp\/v2\/product_cat?post=6452"},{"taxonomy":"product_tag","embeddable":true,"href":"https:\/\/ofertacular.com\/index.php\/wp-json\/wp\/v2\/product_tag?post=6452"}],"curies":[{"name":"wp","href":"https:\/\/api.w.org\/{rel}","templated":true}]}}