{"id":6456,"date":"2025-07-10T08:27:18","date_gmt":"2025-07-10T06:27:18","guid":{"rendered":"https:\/\/ofertacular.com\/index.php\/producto\/pepe-jeans-8\/"},"modified":"2025-07-10T08:27:18","modified_gmt":"2025-07-10T06:27:18","slug":"pepe-jeans-8","status":"publish","type":"product","link":"https:\/\/ofertacular.com\/index.php\/producto\/pepe-jeans-8\/","title":{"rendered":"Pepe Jeans"},"content":{"rendered":"<div class=\"oferta-container\">\n<p>\ud83d\udfe5 <b>GRAN OFERTA<\/b> \ud83d\udfe5 #Publicidad #Amazon #16<\/p>\n<p>\ud83d\udd34 <b>Ropa Pepe Jeans <\/b><\/p>\n<p>\u2705 <b>AHORA 24.99 \u20ac<\/b> \u2714\ufe0f\ud83d\udfe1<\/p>\n<p>\u274c Antes 49.90 \u20ac<\/p>\n<p>\ud83d\uded2: <a href=\"https:\/\/btz.es\/4Q6GbMb\" target=\"_blank\" rel=\"nofollow noopener\">https:\/\/btz.es\/4Q6GbMb<\/a><\/p>\n<p>Descubre la colecci\u00f3n exclusiva de ropa Pepe Jeans, una marca ic\u00f3nica que combina estilo contempor\u00e1neo con la comodidad que buscas en tu vestuario diario. Pepe Jeans es reconocida mundialmente por su calidad y dise\u00f1o innovador, ideal para hombres y mujeres que desean expresar su personalidad a trav\u00e9s de prendas vers\u00e1tiles y modernas. Desde los cl\u00e1sicos vaqueros hasta camisetas, sudaderas y chaquetas, cada pieza de Pepe Jeans est\u00e1 confeccionada con materiales duraderos y acabados impecables que garantizan una larga vida \u00fatil.<\/p>\n<p>Nuestra selecci\u00f3n de productos Pepe Jeans incluye desde ropa casual hasta prendas para ocasiones especiales, siempre manteniendo la esencia \u00fanica de la marca. Los vaqueros Pepe Jeans destacan por su ajuste perfecto, disponibles en diversos cortes que se adaptan a todos los tipos de cuerpo. Las camisetas y sudaderas est\u00e1n dise\u00f1adas con textiles suaves y transpirables para ofrecer comodidad durante todo el d\u00eda.<\/p>\n<p>Adem\u00e1s, Pepe Jeans apuesta por la sostenibilidad incorporando procesos y materiales eco-amigables en su producci\u00f3n. Esto no solo protege el medio ambiente sino que tambi\u00e9n proporciona productos de alta calidad y responsables con el planeta. Al elegir Pepe Jeans, inviertes en moda consciente sin sacrificar estilo ni funcionalidad.<\/p>\n<p>Ideal para j\u00f3venes y adultos que buscan renovar su armario con tendencias actuales, Pepe Jeans ofrece una amplia gama de colores y estilos que facilitan la creaci\u00f3n de looks \u00fanicos y personalizados. Combina tus prendas Pepe Jeans con accesorios modernos para un outfit completo y a la moda.<\/p>\n<p>Compra ahora en nuestra tienda online y aprovecha ofertas exclusivas en toda la l\u00ednea de ropa Pepe Jeans. Env\u00edos r\u00e1pidos y seguros garantizan que recibas tus prendas en el menor tiempo posible, con la confianza y respaldo que una marca reconocida internacionalmente ofrece. No esperes m\u00e1s para transformar tu look con Pepe Jeans, la mejor opci\u00f3n en moda contempor\u00e1nea que se adapta a tu estilo de vida activo y urbano.<\/p>\n<\/p><\/div>\n","protected":false},"excerpt":{"rendered":"<p>\ud83d\udfe5 GRAN OFERTA \ud83d\udfe5 #Publicidad #Amazon #16 \ud83d\udd34 Ropa Pepe Jeans \u2705 AHORA 24.99 \u20ac \u2714\ufe0f\ud83d\udfe1 \u274c Antes 49.90 \u20ac \ud83d\uded2: https:\/\/btz.es\/4Q6GbMb Descubre la colecci\u00f3n exclusiva de ropa Pepe Jeans, una marca ic\u00f3nica que combina estilo contempor\u00e1neo con la comodidad que buscas en tu vestuario diario. Pepe Jeans es reconocida mundialmente por su calidad y [&hellip;]<\/p>\n","protected":false},"featured_media":6455,"template":"","meta":{"_gspb_post_css":""},"store":[],"product_brand":[],"product_cat":[16],"product_tag":[],"class_list":{"0":"post-6456","1":"product","2":"type-product","3":"status-publish","4":"has-post-thumbnail","6":"product_cat-sin-categorizar","8":"first","9":"instock","10":"sale","11":"shipping-taxable","12":"product-type-external"},"jetpack_sharing_enabled":true,"_links":{"self":[{"href":"https:\/\/ofertacular.com\/index.php\/wp-json\/wp\/v2\/product\/6456","targetHints":{"allow":["GET"]}}],"collection":[{"href":"https:\/\/ofertacular.com\/index.php\/wp-json\/wp\/v2\/product"}],"about":[{"href":"https:\/\/ofertacular.com\/index.php\/wp-json\/wp\/v2\/types\/product"}],"wp:featuredmedia":[{"embeddable":true,"href":"https:\/\/ofertacular.com\/index.php\/wp-json\/wp\/v2\/media\/6455"}],"wp:attachment":[{"href":"https:\/\/ofertacular.com\/index.php\/wp-json\/wp\/v2\/media?parent=6456"}],"wp:term":[{"taxonomy":"store","embeddable":true,"href":"https:\/\/ofertacular.com\/index.php\/wp-json\/wp\/v2\/store?post=6456"},{"taxonomy":"product_brand","embeddable":true,"href":"https:\/\/ofertacular.com\/index.php\/wp-json\/wp\/v2\/product_brand?post=6456"},{"taxonomy":"product_cat","embeddable":true,"href":"https:\/\/ofertacular.com\/index.php\/wp-json\/wp\/v2\/product_cat?post=6456"},{"taxonomy":"product_tag","embeddable":true,"href":"https:\/\/ofertacular.com\/index.php\/wp-json\/wp\/v2\/product_tag?post=6456"}],"curies":[{"name":"wp","href":"https:\/\/api.w.org\/{rel}","templated":true}]}}