{"id":6460,"date":"2025-07-10T08:33:11","date_gmt":"2025-07-10T06:33:11","guid":{"rendered":"https:\/\/ofertacular.com\/index.php\/producto\/zapatilla-hombre\/"},"modified":"2025-07-10T08:33:11","modified_gmt":"2025-07-10T06:33:11","slug":"zapatilla-hombre","status":"publish","type":"product","link":"https:\/\/ofertacular.com\/index.php\/producto\/zapatilla-hombre\/","title":{"rendered":"Zapatilla Hombre"},"content":{"rendered":"<div class=\"oferta-container\">\n<p>\ud83d\udfe5 <b>GRAN OFERTA<\/b> \ud83d\udfe5 #Publicidad #Amazon #16<\/p>\n<p>\ud83d\udd34 <b>Zapatillas Hombre <\/b><\/p>\n<p>\u2705 <b>AHORA 14.99 \u20ac<\/b> \u2714\ufe0f\ud83d\udfe1<\/p>\n<p>\u274c Antes 29.95 \u20ac<\/p>\n<p>\ud83d\uded2: <a href=\"https:\/\/btz.es\/4Q6H58M\" target=\"_blank\" rel=\"nofollow noopener\">https:\/\/btz.es\/4Q6H58M<\/a><\/p>\n<p>Las Zapatillas Hombre que ofrecemos son la combinaci\u00f3n perfecta entre estilo, comodidad y durabilidad, dise\u00f1adas especialmente para el hombre moderno que busca un calzado vers\u00e1til para su d\u00eda a d\u00eda. Estas zapatillas est\u00e1n fabricadas con materiales de alta calidad que garantizan resistencia y flexibilidad, ideales tanto para el uso casual como para actividades deportivas ligeras. Su dise\u00f1o ergon\u00f3mico proporciona un soporte \u00f3ptimo para el pie, reduciendo la fatiga y evitando lesiones durante largas jornadas de uso.<\/p>\n<p>Gracias a su suela antideslizante y amortiguada, las Zapatillas Hombre aseguran una excelente tracci\u00f3n y absorci\u00f3n de impactos, lo que las convierte en una opci\u00f3n destacada para caminar en distintas superficies con total seguridad. Adem\u00e1s, su estructura transpirable ayuda a mantener el pie fresco y seco, mejorando la sensaci\u00f3n de confort en todo momento.<\/p>\n<p>El estilo de estas zapatillas se adapta a cualquier outfit, ya sea para un look casual con jeans o para un outfit deportivo. Disponibles en varios colores y tallas, estas zapatillas permiten expresar personalidad y estilo sin renunciar a la funcionalidad.<\/p>\n<p>Adem\u00e1s, destacan por su f\u00e1cil mantenimiento y limpieza, facilitando que se mantengan en perfecto estado incluso tras un uso frecuente. Son ideales para hombres que valoran tanto la moda como la practicidad en su calzado diario.<\/p>\n<p>Palabras clave SEO: zapatillas hombre, zapatillas deportivas, calzado masculino, zapatillas c\u00f3modas, zapatillas casual, calzado para hombre, zapatillas para caminar, zapatillas antideslizantes.<\/p>\n<\/p><\/div>\n","protected":false},"excerpt":{"rendered":"<p>\ud83d\udfe5 GRAN OFERTA \ud83d\udfe5 #Publicidad #Amazon #16 \ud83d\udd34 Zapatillas Hombre \u2705 AHORA 14.99 \u20ac \u2714\ufe0f\ud83d\udfe1 \u274c Antes 29.95 \u20ac \ud83d\uded2: https:\/\/btz.es\/4Q6H58M Las Zapatillas Hombre que ofrecemos son la combinaci\u00f3n perfecta entre estilo, comodidad y durabilidad, dise\u00f1adas especialmente para el hombre moderno que busca un calzado vers\u00e1til para su d\u00eda a d\u00eda. Estas zapatillas est\u00e1n fabricadas [&hellip;]<\/p>\n","protected":false},"featured_media":6459,"template":"","meta":{"_gspb_post_css":""},"store":[],"product_brand":[],"product_cat":[16],"product_tag":[],"class_list":{"0":"post-6460","1":"product","2":"type-product","3":"status-publish","4":"has-post-thumbnail","6":"product_cat-sin-categorizar","8":"first","9":"instock","10":"sale","11":"shipping-taxable","12":"product-type-external"},"jetpack_sharing_enabled":true,"_links":{"self":[{"href":"https:\/\/ofertacular.com\/index.php\/wp-json\/wp\/v2\/product\/6460","targetHints":{"allow":["GET"]}}],"collection":[{"href":"https:\/\/ofertacular.com\/index.php\/wp-json\/wp\/v2\/product"}],"about":[{"href":"https:\/\/ofertacular.com\/index.php\/wp-json\/wp\/v2\/types\/product"}],"wp:featuredmedia":[{"embeddable":true,"href":"https:\/\/ofertacular.com\/index.php\/wp-json\/wp\/v2\/media\/6459"}],"wp:attachment":[{"href":"https:\/\/ofertacular.com\/index.php\/wp-json\/wp\/v2\/media?parent=6460"}],"wp:term":[{"taxonomy":"store","embeddable":true,"href":"https:\/\/ofertacular.com\/index.php\/wp-json\/wp\/v2\/store?post=6460"},{"taxonomy":"product_brand","embeddable":true,"href":"https:\/\/ofertacular.com\/index.php\/wp-json\/wp\/v2\/product_brand?post=6460"},{"taxonomy":"product_cat","embeddable":true,"href":"https:\/\/ofertacular.com\/index.php\/wp-json\/wp\/v2\/product_cat?post=6460"},{"taxonomy":"product_tag","embeddable":true,"href":"https:\/\/ofertacular.com\/index.php\/wp-json\/wp\/v2\/product_tag?post=6460"}],"curies":[{"name":"wp","href":"https:\/\/api.w.org\/{rel}","templated":true}]}}