{"id":6466,"date":"2025-07-10T10:43:25","date_gmt":"2025-07-10T08:43:25","guid":{"rendered":"https:\/\/ofertacular.com\/index.php\/producto\/xiaomi-tv-3\/"},"modified":"2025-07-10T10:43:25","modified_gmt":"2025-07-10T08:43:25","slug":"xiaomi-tv-3","status":"publish","type":"product","link":"https:\/\/ofertacular.com\/index.php\/producto\/xiaomi-tv-3\/","title":{"rendered":"XIAOMI TV"},"content":{"rendered":"<div class=\"oferta-container\">\ud83d\udfea <b>\u00a1FUNKO!<\/b> \ud83d\udfea #Publicidad #Amazon<\/p>\n<p>\ud83d\udfe3 <b> Funko TV: Xiaomi QLED Smart Television<\/b> <\/p>\n<p>\u2705 <b>AHORA 159 \u20ac<\/b> \u2714\ufe0f\ud83d\udfe1<br \/>\n\u274c Antes 229.00 \u20ac \u20ac <\/p>\n<p>\ud83d\uded2: https:\/\/btz.es\/4Q7orNS\ud83d\udfe2 <\/p>\n<p>Ofertacular.com<\/p>\n<p>Descubre la experiencia visual vibrante y n\u00edtida con la Xiaomi TV Smart QLED, dise\u00f1ada para ofrecer colores brillantes y un rendimiento sobresaliente en tu sala de estar. Esta televisi\u00f3n inteligente combina tecnolog\u00eda QLED avanzada con funciones smart para que disfrutes de streaming, juegos y contenido multimedia con facilidad. Perfecta para amantes de la tecnolog\u00eda que buscan calidad de imagen superior y conectividad intuitiva. Mejora tu entretenimiento en casa con la Xiaomi TV Smart QLED hoy mismo.<\/p>\n<\/div>\n","protected":false},"excerpt":{"rendered":"<p>\ud83d\udfea \u00a1FUNKO! \ud83d\udfea #Publicidad #Amazon \ud83d\udfe3 Funko TV: Xiaomi QLED Smart Television \u2705 AHORA 159 \u20ac \u2714\ufe0f\ud83d\udfe1 \u274c Antes 229.00 \u20ac \u20ac \ud83d\uded2: https:\/\/btz.es\/4Q7orNS\ud83d\udfe2 Ofertacular.com Descubre la experiencia visual vibrante y n\u00edtida con la Xiaomi TV Smart QLED, dise\u00f1ada para ofrecer colores brillantes y un rendimiento sobresaliente en tu sala de estar. Esta televisi\u00f3n inteligente [&hellip;]<\/p>\n","protected":false},"featured_media":6465,"template":"","meta":{"_gspb_post_css":""},"store":[],"product_brand":[],"product_cat":[16],"product_tag":[],"class_list":{"0":"post-6466","1":"product","2":"type-product","3":"status-publish","4":"has-post-thumbnail","6":"product_cat-sin-categorizar","8":"first","9":"instock","10":"sale","11":"shipping-taxable","12":"product-type-external"},"jetpack_sharing_enabled":true,"_links":{"self":[{"href":"https:\/\/ofertacular.com\/index.php\/wp-json\/wp\/v2\/product\/6466","targetHints":{"allow":["GET"]}}],"collection":[{"href":"https:\/\/ofertacular.com\/index.php\/wp-json\/wp\/v2\/product"}],"about":[{"href":"https:\/\/ofertacular.com\/index.php\/wp-json\/wp\/v2\/types\/product"}],"wp:featuredmedia":[{"embeddable":true,"href":"https:\/\/ofertacular.com\/index.php\/wp-json\/wp\/v2\/media\/6465"}],"wp:attachment":[{"href":"https:\/\/ofertacular.com\/index.php\/wp-json\/wp\/v2\/media?parent=6466"}],"wp:term":[{"taxonomy":"store","embeddable":true,"href":"https:\/\/ofertacular.com\/index.php\/wp-json\/wp\/v2\/store?post=6466"},{"taxonomy":"product_brand","embeddable":true,"href":"https:\/\/ofertacular.com\/index.php\/wp-json\/wp\/v2\/product_brand?post=6466"},{"taxonomy":"product_cat","embeddable":true,"href":"https:\/\/ofertacular.com\/index.php\/wp-json\/wp\/v2\/product_cat?post=6466"},{"taxonomy":"product_tag","embeddable":true,"href":"https:\/\/ofertacular.com\/index.php\/wp-json\/wp\/v2\/product_tag?post=6466"}],"curies":[{"name":"wp","href":"https:\/\/api.w.org\/{rel}","templated":true}]}}