{"id":6478,"date":"2025-07-10T11:02:59","date_gmt":"2025-07-10T09:02:59","guid":{"rendered":"https:\/\/ofertacular.com\/index.php\/producto\/dental-irrigator\/"},"modified":"2025-07-10T11:02:59","modified_gmt":"2025-07-10T09:02:59","slug":"dental-irrigator","status":"publish","type":"product","link":"https:\/\/ofertacular.com\/index.php\/producto\/dental-irrigator\/","title":{"rendered":"Dental Irrigator"},"content":{"rendered":"<div class=\"oferta-container\">\n<p>\ud83d\udfe5 <b>\u00a1APROVECHA!<\/b> \ud83d\udfe5 #Publicidad #Amazon #16<\/p>\n<p>\ud83d\udd34 <b>Irrigador dental <\/b><\/p>\n<p>\u2705 <b>AHORA 19.9 \u20ac<\/b> \u2714\ufe0f\ud83d\udfe1<\/p>\n<p>\u274c Antes 23.88 \u20ac<\/p>\n<p>\ud83d\uded2: <a href=\"https:\/\/btz.es\/4Q7tn3Z\" target=\"_blank\" rel=\"nofollow noopener\">https:\/\/btz.es\/4Q7tn3Z<\/a><\/p>\n<p>El irrigador dental es una herramienta esencial para la higiene oral, dise\u00f1ada para complementar el cepillado dental tradicional y la limpieza con hilo dental. Este dispositivo utiliza un chorro pulsante de agua a presi\u00f3n para eliminar eficazmente la placa, restos de comida y bacterias de \u00e1reas dif\u00edciles de alcanzar, como entre los dientes y a lo largo de la l\u00ednea de las enc\u00edas. Es ideal para personas con ortodoncia, implantes dentales, coronas o enc\u00edas sensibles, ya que ofrece una limpieza suave pero profunda que ayuda a prevenir enfermedades periodontales y a mantener una boca fresca y saludable.<\/p>\n<p>Gracias a su dise\u00f1o ergon\u00f3mico y funcionamiento intuitivo, el irrigador dental es f\u00e1cil de usar y puede incorporar diferentes modos de presi\u00f3n para adaptarse a las necesidades individuales de cada usuario. Su dep\u00f3sito de agua de gran capacidad permite sesiones prolongadas de limpieza sin necesidad de recargas frecuentes. Adem\u00e1s, muchos modelos incluyen diversos accesorios intercambiables para una limpieza personalizada y completa.<\/p>\n<p>Incorporar un irrigador dental en tu rutina diaria de higiene oral no solo mejora la limpieza y la salud de tus dientes y enc\u00edas, sino que tambi\u00e9n contribuye a una sensaci\u00f3n de frescura y bienestar bucal. Es especialmente recomendado por dentistas como complemento eficaz para la prevenci\u00f3n de caries, gingivitis y mal aliento. Aprovecha esta innovadora tecnolog\u00eda y experimenta una sonrisa m\u00e1s limpia y saludable con el irrigador dental.<\/p>\n<\/p><\/div>\n","protected":false},"excerpt":{"rendered":"<p>\ud83d\udfe5 \u00a1APROVECHA! \ud83d\udfe5 #Publicidad #Amazon #16 \ud83d\udd34 Irrigador dental \u2705 AHORA 19.9 \u20ac \u2714\ufe0f\ud83d\udfe1 \u274c Antes 23.88 \u20ac \ud83d\uded2: https:\/\/btz.es\/4Q7tn3Z El irrigador dental es una herramienta esencial para la higiene oral, dise\u00f1ada para complementar el cepillado dental tradicional y la limpieza con hilo dental. Este dispositivo utiliza un chorro pulsante de agua a presi\u00f3n para [&hellip;]<\/p>\n","protected":false},"featured_media":6477,"template":"","meta":{"_gspb_post_css":""},"store":[],"product_brand":[],"product_cat":[16],"product_tag":[],"class_list":{"0":"post-6478","1":"product","2":"type-product","3":"status-publish","4":"has-post-thumbnail","6":"product_cat-sin-categorizar","8":"first","9":"instock","10":"sale","11":"shipping-taxable","12":"product-type-external"},"jetpack_sharing_enabled":true,"_links":{"self":[{"href":"https:\/\/ofertacular.com\/index.php\/wp-json\/wp\/v2\/product\/6478","targetHints":{"allow":["GET"]}}],"collection":[{"href":"https:\/\/ofertacular.com\/index.php\/wp-json\/wp\/v2\/product"}],"about":[{"href":"https:\/\/ofertacular.com\/index.php\/wp-json\/wp\/v2\/types\/product"}],"wp:featuredmedia":[{"embeddable":true,"href":"https:\/\/ofertacular.com\/index.php\/wp-json\/wp\/v2\/media\/6477"}],"wp:attachment":[{"href":"https:\/\/ofertacular.com\/index.php\/wp-json\/wp\/v2\/media?parent=6478"}],"wp:term":[{"taxonomy":"store","embeddable":true,"href":"https:\/\/ofertacular.com\/index.php\/wp-json\/wp\/v2\/store?post=6478"},{"taxonomy":"product_brand","embeddable":true,"href":"https:\/\/ofertacular.com\/index.php\/wp-json\/wp\/v2\/product_brand?post=6478"},{"taxonomy":"product_cat","embeddable":true,"href":"https:\/\/ofertacular.com\/index.php\/wp-json\/wp\/v2\/product_cat?post=6478"},{"taxonomy":"product_tag","embeddable":true,"href":"https:\/\/ofertacular.com\/index.php\/wp-json\/wp\/v2\/product_tag?post=6478"}],"curies":[{"name":"wp","href":"https:\/\/api.w.org\/{rel}","templated":true}]}}