{"id":6484,"date":"2025-07-10T15:20:22","date_gmt":"2025-07-10T13:20:22","guid":{"rendered":"https:\/\/ofertacular.com\/index.php\/producto\/zapatilla-marron\/"},"modified":"2025-07-10T15:20:22","modified_gmt":"2025-07-10T13:20:22","slug":"zapatilla-marron","status":"publish","type":"product","link":"https:\/\/ofertacular.com\/index.php\/producto\/zapatilla-marron\/","title":{"rendered":"Zapatilla Marron"},"content":{"rendered":"<div class=\"oferta-container\">\n<p>\ud83d\udfe5 <b>\u00a1DESCUENTO \u00daNICO!<\/b> \ud83d\udfe5 #Publicidad #Amazon #16<\/p>\n<p>\ud83d\udd34 <b>Zapatilla Marr\u00f3n <\/b><\/p>\n<p>\u2705 <b>AHORA 20.99 \u20ac<\/b> \u2714\ufe0f\ud83d\udfe1<\/p>\n<p>\u274c Antes 52.50 \u20ac<\/p>\n<p>\ud83d\uded2: <a href=\"https:\/\/btz.es\/4Q8wbaG\" target=\"_blank\" rel=\"nofollow noopener\">https:\/\/btz.es\/4Q8wbaG<\/a><\/p>\n<p>Descubre la comodidad y estilo excepcionales con nuestras Zapatillas Marrones, dise\u00f1adas para ofrecer un ajuste perfecto y un look moderno. Estas zapatillas est\u00e1n confeccionadas con materiales de alta calidad, proporcionando durabilidad y resistencia al desgaste para acompa\u00f1arte en todas tus actividades diarias. El dise\u00f1o en tono marr\u00f3n aporta un toque cl\u00e1sico que se adapta f\u00e1cilmente a diferentes estilos, ya sea casual o deportivo.<\/p>\n<p>Perfectas para caminatas urbanas, d\u00edas en el parque o sesiones de ejercicio ligero, estas zapatillas ofrecen una suela antideslizante que garantiza seguridad en cada paso. La plantilla acolchada brinda soporte ergon\u00f3mico, reduciendo el impacto y permitiendo largas horas de uso sin incomodidad. Adem\u00e1s, su sistema de ventilaci\u00f3n integrado mantiene tus pies frescos y secos incluso durante actividades intensas.<\/p>\n<p>Ideales para hombres y mujeres que buscan versatilidad sin sacrificar el estilo, nuestras Zapatillas Marrones se combinan perfectamente con jeans, pantalones deportivos o shorts. No importa la ocasi\u00f3n, estas zapatillas marcan la diferencia en tu vestuario con un dise\u00f1o atemporal y funcionalidad superior.<\/p>\n<p>Invierte en tu bienestar con estas zapatillas que unen moda, confort y rendimiento en un solo producto. No esperes m\u00e1s para experimentar la sensaci\u00f3n de caminar en las nubes gracias a su tecnolog\u00eda avanzada y fabricaci\u00f3n meticulosa. A\u00f1ade ya a tu carrito las Zapatillas Marrones y lleva tu experiencia al siguiente nivel.<\/p>\n<\/p><\/div>\n","protected":false},"excerpt":{"rendered":"<p>\ud83d\udfe5 \u00a1DESCUENTO \u00daNICO! \ud83d\udfe5 #Publicidad #Amazon #16 \ud83d\udd34 Zapatilla Marr\u00f3n \u2705 AHORA 20.99 \u20ac \u2714\ufe0f\ud83d\udfe1 \u274c Antes 52.50 \u20ac \ud83d\uded2: https:\/\/btz.es\/4Q8wbaG Descubre la comodidad y estilo excepcionales con nuestras Zapatillas Marrones, dise\u00f1adas para ofrecer un ajuste perfecto y un look moderno. Estas zapatillas est\u00e1n confeccionadas con materiales de alta calidad, proporcionando durabilidad y resistencia al [&hellip;]<\/p>\n","protected":false},"featured_media":6483,"template":"","meta":{"_gspb_post_css":""},"store":[],"product_brand":[],"product_cat":[16],"product_tag":[],"class_list":{"0":"post-6484","1":"product","2":"type-product","3":"status-publish","4":"has-post-thumbnail","6":"product_cat-sin-categorizar","8":"first","9":"instock","10":"sale","11":"shipping-taxable","12":"product-type-external"},"jetpack_sharing_enabled":true,"_links":{"self":[{"href":"https:\/\/ofertacular.com\/index.php\/wp-json\/wp\/v2\/product\/6484","targetHints":{"allow":["GET"]}}],"collection":[{"href":"https:\/\/ofertacular.com\/index.php\/wp-json\/wp\/v2\/product"}],"about":[{"href":"https:\/\/ofertacular.com\/index.php\/wp-json\/wp\/v2\/types\/product"}],"wp:featuredmedia":[{"embeddable":true,"href":"https:\/\/ofertacular.com\/index.php\/wp-json\/wp\/v2\/media\/6483"}],"wp:attachment":[{"href":"https:\/\/ofertacular.com\/index.php\/wp-json\/wp\/v2\/media?parent=6484"}],"wp:term":[{"taxonomy":"store","embeddable":true,"href":"https:\/\/ofertacular.com\/index.php\/wp-json\/wp\/v2\/store?post=6484"},{"taxonomy":"product_brand","embeddable":true,"href":"https:\/\/ofertacular.com\/index.php\/wp-json\/wp\/v2\/product_brand?post=6484"},{"taxonomy":"product_cat","embeddable":true,"href":"https:\/\/ofertacular.com\/index.php\/wp-json\/wp\/v2\/product_cat?post=6484"},{"taxonomy":"product_tag","embeddable":true,"href":"https:\/\/ofertacular.com\/index.php\/wp-json\/wp\/v2\/product_tag?post=6484"}],"curies":[{"name":"wp","href":"https:\/\/api.w.org\/{rel}","templated":true}]}}