{"id":6492,"date":"2025-07-11T08:25:05","date_gmt":"2025-07-11T06:25:05","guid":{"rendered":"https:\/\/ofertacular.com\/index.php\/producto\/echo-spot\/"},"modified":"2025-07-11T08:25:05","modified_gmt":"2025-07-11T06:25:05","slug":"echo-spot","status":"publish","type":"product","link":"https:\/\/ofertacular.com\/index.php\/producto\/echo-spot\/","title":{"rendered":"Echo Spot"},"content":{"rendered":"<div class=\"oferta-container\">\n<p>\ud83d\udfe5 <b>UNA GANGA<\/b> \ud83d\udfe5 #Publicidad #Amazon #16<\/p>\n<p>\ud83d\udd34 <b>Echo Spot <\/b><\/p>\n<p>\u2705 <b>AHORA 59.99 \u20ac<\/b> \u2714\ufe0f\ud83d\udfe1<\/p>\n<p>\u274c Antes 78.50 \u20ac<\/p>\n<p>\ud83d\uded2: <a href=\"https:\/\/btz.es\/4QC5YTs\" target=\"_blank\" rel=\"nofollow noopener\">https:\/\/btz.es\/4QC5YTs<\/a><\/p>\n<p>El Echo Spot es un dispositivo inteligente compacto dise\u00f1ado por Amazon que combina las funcionalidades de un asistente virtual Alexa con una pantalla t\u00e1ctil de 2.5 pulgadas. Este gadget vers\u00e1til no solo act\u00faa como un asistente personal para controlar dispositivos del hogar inteligente, gestionar calendarios y obtener informaci\u00f3n en tiempo real, sino que tambi\u00e9n funciona como un reloj, una c\u00e1mara para videollamadas y un centro multimedia para el entretenimiento en el hogar. El Echo Spot es ideal para usuarios que buscan innovar su espacio con tecnolog\u00eda moderna y funcionalidad integrada en un solo dispositivo compacto. Con su dise\u00f1o compacto y elegante, el Echo Spot se adapta f\u00e1cilmente a cualquier ambiente, desde la cocina hasta el dormitorio, ofreciendo una experiencia interactiva y manos libres gracias al reconocimiento de voz avanzado de Alexa. Compatible con una amplia variedad de dispositivos y aplicaciones, este Echo Spot permite controlar luces, termostatos y otros aparatos inteligentes con simples comandos de voz, facilitando la vida diaria y mejorando la conectividad en el hogar. Adem\u00e1s, su pantalla t\u00e1ctil facilita la visualizaci\u00f3n de informaci\u00f3n, como listas de tareas, recetas, noticias y tarjetas de embarque, as\u00ed como el acceso a servicios de streaming y llamadas en video con alta calidad. El Echo Spot tambi\u00e9n incluye funcionalidades de seguridad, como la posibilidad de visualizar c\u00e1maras de seguridad conectadas y recibir alertas en tiempo real. En cuanto a su configuraci\u00f3n, el Echo Spot ofrece un proceso sencillo y r\u00e1pido para que cualquier usuario pueda instalarlo y comenzar a disfrutar de sus m\u00faltiples funciones en minutos. En resumen, el Echo Spot de Amazon es un dispositivo inteligente imprescindible para quienes desean transformar su hogar en un espacio conectado y eficiente, integrando tecnolog\u00eda avanzada y usabilidad en un dise\u00f1o compacto y atractivo.<\/p>\n<\/p><\/div>\n","protected":false},"excerpt":{"rendered":"<p>\ud83d\udfe5 UNA GANGA \ud83d\udfe5 #Publicidad #Amazon #16 \ud83d\udd34 Echo Spot \u2705 AHORA 59.99 \u20ac \u2714\ufe0f\ud83d\udfe1 \u274c Antes 78.50 \u20ac \ud83d\uded2: https:\/\/btz.es\/4QC5YTs El Echo Spot es un dispositivo inteligente compacto dise\u00f1ado por Amazon que combina las funcionalidades de un asistente virtual Alexa con una pantalla t\u00e1ctil de 2.5 pulgadas. Este gadget vers\u00e1til no solo act\u00faa como [&hellip;]<\/p>\n","protected":false},"featured_media":6491,"template":"","meta":{"_gspb_post_css":""},"store":[],"product_brand":[],"product_cat":[16],"product_tag":[],"class_list":{"0":"post-6492","1":"product","2":"type-product","3":"status-publish","4":"has-post-thumbnail","6":"product_cat-sin-categorizar","8":"first","9":"instock","10":"sale","11":"shipping-taxable","12":"product-type-external"},"jetpack_sharing_enabled":true,"_links":{"self":[{"href":"https:\/\/ofertacular.com\/index.php\/wp-json\/wp\/v2\/product\/6492","targetHints":{"allow":["GET"]}}],"collection":[{"href":"https:\/\/ofertacular.com\/index.php\/wp-json\/wp\/v2\/product"}],"about":[{"href":"https:\/\/ofertacular.com\/index.php\/wp-json\/wp\/v2\/types\/product"}],"wp:featuredmedia":[{"embeddable":true,"href":"https:\/\/ofertacular.com\/index.php\/wp-json\/wp\/v2\/media\/6491"}],"wp:attachment":[{"href":"https:\/\/ofertacular.com\/index.php\/wp-json\/wp\/v2\/media?parent=6492"}],"wp:term":[{"taxonomy":"store","embeddable":true,"href":"https:\/\/ofertacular.com\/index.php\/wp-json\/wp\/v2\/store?post=6492"},{"taxonomy":"product_brand","embeddable":true,"href":"https:\/\/ofertacular.com\/index.php\/wp-json\/wp\/v2\/product_brand?post=6492"},{"taxonomy":"product_cat","embeddable":true,"href":"https:\/\/ofertacular.com\/index.php\/wp-json\/wp\/v2\/product_cat?post=6492"},{"taxonomy":"product_tag","embeddable":true,"href":"https:\/\/ofertacular.com\/index.php\/wp-json\/wp\/v2\/product_tag?post=6492"}],"curies":[{"name":"wp","href":"https:\/\/api.w.org\/{rel}","templated":true}]}}