{"id":6498,"date":"2025-07-11T09:37:13","date_gmt":"2025-07-11T07:37:13","guid":{"rendered":"https:\/\/ofertacular.com\/index.php\/producto\/enri-cuadernos\/"},"modified":"2025-07-11T09:37:13","modified_gmt":"2025-07-11T07:37:13","slug":"enri-cuadernos","status":"publish","type":"product","link":"https:\/\/ofertacular.com\/index.php\/producto\/enri-cuadernos\/","title":{"rendered":"Enri Cuadernos"},"content":{"rendered":"<div class=\"oferta-container\">\n<p>\ud83d\udfe5 <b>GRAN OFERTA<\/b> \ud83d\udfe5 #Publicidad #Amazon #16<\/p>\n<p>\ud83d\udd34 <b>Cuadernos Enri <\/b><\/p>\n<p>\u2705 <b>AHORA 6.12 \u20ac<\/b> \u2714\ufe0f\ud83d\udfe1<\/p>\n<p>\u274c Antes 11.00 \u20ac<\/p>\n<p>\ud83d\uded2: <a href=\"https:\/\/btz.es\/4QCOj98\" target=\"_blank\" rel=\"nofollow noopener\">https:\/\/btz.es\/4QCOj98<\/a><\/p>\n<p>Descubre los Cuadernos Enri, dise\u00f1ados para estudiantes, profesionales y creativos que buscan calidad y practicidad. Estos cuadernos ofrecen papel de alta calidad que garantiza una escritura suave y sin manchas, ideal para tomar notas, realizar dibujos o redactar ideas. Con diferentes formatos y tama\u00f1os, los Cuadernos Enri se adaptan a diversas necesidades, desde el uso escolar hasta el trabajo cotidiano. Adem\u00e1s, cuentan con cubiertas resistentes y dise\u00f1os modernos que aportan estilo y durabilidad. Son perfectos para usar con l\u00e1pices, bol\u00edgrafos y marcadores, permitiendo que cada trazo destaque con claridad. Ya sea para estudiantes que desean organizar sus materias o profesionales que requieren documentos ordenados, los Cuadernos Enri son la elecci\u00f3n adecuada. Aprovecha su excelente relaci\u00f3n calidad-precio y mejora tu experiencia de escritura con un producto confiable y vers\u00e1til. Compra hoy los Cuadernos Enri y lleva tu productividad al siguiente nivel.<\/p>\n<\/p><\/div>\n","protected":false},"excerpt":{"rendered":"<p>\ud83d\udfe5 GRAN OFERTA \ud83d\udfe5 #Publicidad #Amazon #16 \ud83d\udd34 Cuadernos Enri \u2705 AHORA 6.12 \u20ac \u2714\ufe0f\ud83d\udfe1 \u274c Antes 11.00 \u20ac \ud83d\uded2: https:\/\/btz.es\/4QCOj98 Descubre los Cuadernos Enri, dise\u00f1ados para estudiantes, profesionales y creativos que buscan calidad y practicidad. Estos cuadernos ofrecen papel de alta calidad que garantiza una escritura suave y sin manchas, ideal para tomar notas, [&hellip;]<\/p>\n","protected":false},"featured_media":6497,"template":"","meta":{"_gspb_post_css":""},"store":[],"product_brand":[],"product_cat":[16],"product_tag":[],"class_list":{"0":"post-6498","1":"product","2":"type-product","3":"status-publish","4":"has-post-thumbnail","6":"product_cat-sin-categorizar","8":"first","9":"instock","10":"sale","11":"shipping-taxable","12":"product-type-external"},"jetpack_sharing_enabled":true,"_links":{"self":[{"href":"https:\/\/ofertacular.com\/index.php\/wp-json\/wp\/v2\/product\/6498","targetHints":{"allow":["GET"]}}],"collection":[{"href":"https:\/\/ofertacular.com\/index.php\/wp-json\/wp\/v2\/product"}],"about":[{"href":"https:\/\/ofertacular.com\/index.php\/wp-json\/wp\/v2\/types\/product"}],"wp:featuredmedia":[{"embeddable":true,"href":"https:\/\/ofertacular.com\/index.php\/wp-json\/wp\/v2\/media\/6497"}],"wp:attachment":[{"href":"https:\/\/ofertacular.com\/index.php\/wp-json\/wp\/v2\/media?parent=6498"}],"wp:term":[{"taxonomy":"store","embeddable":true,"href":"https:\/\/ofertacular.com\/index.php\/wp-json\/wp\/v2\/store?post=6498"},{"taxonomy":"product_brand","embeddable":true,"href":"https:\/\/ofertacular.com\/index.php\/wp-json\/wp\/v2\/product_brand?post=6498"},{"taxonomy":"product_cat","embeddable":true,"href":"https:\/\/ofertacular.com\/index.php\/wp-json\/wp\/v2\/product_cat?post=6498"},{"taxonomy":"product_tag","embeddable":true,"href":"https:\/\/ofertacular.com\/index.php\/wp-json\/wp\/v2\/product_tag?post=6498"}],"curies":[{"name":"wp","href":"https:\/\/api.w.org\/{rel}","templated":true}]}}