{"id":6500,"date":"2025-07-11T09:44:05","date_gmt":"2025-07-11T07:44:05","guid":{"rendered":"https:\/\/ofertacular.com\/index.php\/producto\/minnie-mouse\/"},"modified":"2025-07-11T09:44:05","modified_gmt":"2025-07-11T07:44:05","slug":"minnie-mouse","status":"publish","type":"product","link":"https:\/\/ofertacular.com\/index.php\/producto\/minnie-mouse\/","title":{"rendered":"Minnie Mouse"},"content":{"rendered":"<div class=\"oferta-container\">\ud83d\udfea <b>FUNKO TOP<\/b> \ud83d\udfea #Publicidad #Amazon<\/p>\n<p>\ud83d\udfe3 <b> Funko POP! Disney: Minnie Mouse Classic Minnie<\/b> <\/p>\n<p>\u2705 <b>AHORA 8.5 \u20ac<\/b> \u2714\ufe0f\ud83d\udfe1<br \/>\n\u274c Antes 16.00 \u20ac \u20ac <\/p>\n<p>\ud83d\uded2: https:\/\/btz.es\/4QCPS0S\ud83d\udfe2 <\/p>\n<p>Ofertacular.com<\/p>\n<p>Descubre la magia de Disney con esta Funko POP! de Minnie Mouse. Perfecta para los coleccionistas y fans del mundo Disney, esta figura captura el encanto y estilo cl\u00e1sico de Minnie, ideal para exhibir o regalar. Fabricada con materiales de alta calidad, es un complemento imprescindible para cualquier colecci\u00f3n de figuras de Disney. No te pierdas la oportunidad de a\u00f1adir esta ic\u00f3nica figura a tu colecci\u00f3n.<\/p>\n<\/div>\n","protected":false},"excerpt":{"rendered":"<p>\ud83d\udfea FUNKO TOP \ud83d\udfea #Publicidad #Amazon \ud83d\udfe3 Funko POP! Disney: Minnie Mouse Classic Minnie \u2705 AHORA 8.5 \u20ac \u2714\ufe0f\ud83d\udfe1 \u274c Antes 16.00 \u20ac \u20ac \ud83d\uded2: https:\/\/btz.es\/4QCPS0S\ud83d\udfe2 Ofertacular.com Descubre la magia de Disney con esta Funko POP! de Minnie Mouse. Perfecta para los coleccionistas y fans del mundo Disney, esta figura captura el encanto y estilo [&hellip;]<\/p>\n","protected":false},"featured_media":6499,"template":"","meta":{"_gspb_post_css":""},"store":[],"product_brand":[],"product_cat":[16],"product_tag":[],"class_list":{"0":"post-6500","1":"product","2":"type-product","3":"status-publish","4":"has-post-thumbnail","6":"product_cat-sin-categorizar","8":"first","9":"instock","10":"sale","11":"shipping-taxable","12":"product-type-external"},"jetpack_sharing_enabled":true,"_links":{"self":[{"href":"https:\/\/ofertacular.com\/index.php\/wp-json\/wp\/v2\/product\/6500","targetHints":{"allow":["GET"]}}],"collection":[{"href":"https:\/\/ofertacular.com\/index.php\/wp-json\/wp\/v2\/product"}],"about":[{"href":"https:\/\/ofertacular.com\/index.php\/wp-json\/wp\/v2\/types\/product"}],"wp:featuredmedia":[{"embeddable":true,"href":"https:\/\/ofertacular.com\/index.php\/wp-json\/wp\/v2\/media\/6499"}],"wp:attachment":[{"href":"https:\/\/ofertacular.com\/index.php\/wp-json\/wp\/v2\/media?parent=6500"}],"wp:term":[{"taxonomy":"store","embeddable":true,"href":"https:\/\/ofertacular.com\/index.php\/wp-json\/wp\/v2\/store?post=6500"},{"taxonomy":"product_brand","embeddable":true,"href":"https:\/\/ofertacular.com\/index.php\/wp-json\/wp\/v2\/product_brand?post=6500"},{"taxonomy":"product_cat","embeddable":true,"href":"https:\/\/ofertacular.com\/index.php\/wp-json\/wp\/v2\/product_cat?post=6500"},{"taxonomy":"product_tag","embeddable":true,"href":"https:\/\/ofertacular.com\/index.php\/wp-json\/wp\/v2\/product_tag?post=6500"}],"curies":[{"name":"wp","href":"https:\/\/api.w.org\/{rel}","templated":true}]}}