{"id":6506,"date":"2025-07-11T09:56:18","date_gmt":"2025-07-11T07:56:18","guid":{"rendered":"https:\/\/ofertacular.com\/index.php\/producto\/zapatilla-nino\/"},"modified":"2025-07-11T09:56:18","modified_gmt":"2025-07-11T07:56:18","slug":"zapatilla-nino","status":"publish","type":"product","link":"https:\/\/ofertacular.com\/index.php\/producto\/zapatilla-nino\/","title":{"rendered":"Zapatilla Ni\u00f1o"},"content":{"rendered":"<div class=\"oferta-container\">\n<p>\ud83d\udfe5 <b>DATE PRISA<\/b> \ud83d\udfe5 #Publicidad #Amazon #16<\/p>\n<p>\ud83d\udd34 <b>Zapatilla Ni\u00f1o <\/b><\/p>\n<p>\u2705 <b>AHORA 11.99 \u20ac<\/b> \u2714\ufe0f\ud83d\udfe1<\/p>\n<p>\u274c Antes 24.95 \u20ac<\/p>\n<p>\ud83d\uded2: <a href=\"https:\/\/btz.es\/4QCSX4c\" target=\"_blank\" rel=\"nofollow noopener\">https:\/\/btz.es\/4QCSX4c<\/a><\/p>\n<p>Descubre las mejores zapatillas para ni\u00f1o que combinan comodidad, estilo y durabilidad. Dise\u00f1adas pensando en la actividad constante de los peque\u00f1os, estas zapatillas ofrecen una sujeci\u00f3n \u00f3ptima y una pisada amortiguada para proteger sus pies en crecimiento. Perfectas para cualquier ocasi\u00f3n, desde el juego en el parque hasta la escuela, estas zapatillas infantiles est\u00e1n fabricadas con materiales transpirables y resistentes que aseguran una larga vida \u00fatil.<\/p>\n<p>La suela antideslizante proporciona estabilidad y seguridad, mientras que el dise\u00f1o atractivo y moderno mantiene a los ni\u00f1os felices y con estilo. Disponibles en diversas tallas y colores, estas zapatillas para ni\u00f1os se adaptan a todos los gustos y necesidades. Adem\u00e1s, son f\u00e1ciles de limpiar y mantener, lo que las convierte en la opci\u00f3n ideal para los padres que buscan calidad y practicidad.<\/p>\n<p>No comprometas la salud de los pies de tus hijos y elige unas zapatillas que ofrecen soporte anat\u00f3mico, flexibilidad y transpirabilidad. Con un ajuste perfecto gracias a un sistema de cierre eficiente, ya sea con cordones o velcro, estas zapatillas facilitan su calzado y garantizan comodidad durante todo el d\u00eda. Ideal para actividades deportivas o uso diario, son una inversi\u00f3n inteligente para el bienestar infantil.<\/p>\n<p>Si buscas zapatillas para ni\u00f1o que a\u00fanen dise\u00f1o y funcionalidad, este modelo es tu mejor opci\u00f3n. Compra ahora y aprovecha nuestro precio especial que combina econom\u00eda y calidad. \u00c1gil env\u00edo y atenci\u00f3n personalizada garantizan una experiencia de compra satisfactoria. No esperes m\u00e1s y equipa a tus hijos con las mejores zapatillas del mercado, porque su comodidad y estilo no tienen precio.<\/p>\n<\/p><\/div>\n","protected":false},"excerpt":{"rendered":"<p>\ud83d\udfe5 DATE PRISA \ud83d\udfe5 #Publicidad #Amazon #16 \ud83d\udd34 Zapatilla Ni\u00f1o \u2705 AHORA 11.99 \u20ac \u2714\ufe0f\ud83d\udfe1 \u274c Antes 24.95 \u20ac \ud83d\uded2: https:\/\/btz.es\/4QCSX4c Descubre las mejores zapatillas para ni\u00f1o que combinan comodidad, estilo y durabilidad. Dise\u00f1adas pensando en la actividad constante de los peque\u00f1os, estas zapatillas ofrecen una sujeci\u00f3n \u00f3ptima y una pisada amortiguada para proteger sus [&hellip;]<\/p>\n","protected":false},"featured_media":6505,"template":"","meta":{"_gspb_post_css":""},"store":[],"product_brand":[],"product_cat":[16],"product_tag":[],"class_list":{"0":"post-6506","1":"product","2":"type-product","3":"status-publish","4":"has-post-thumbnail","6":"product_cat-sin-categorizar","8":"first","9":"instock","10":"sale","11":"shipping-taxable","12":"product-type-external"},"jetpack_sharing_enabled":true,"_links":{"self":[{"href":"https:\/\/ofertacular.com\/index.php\/wp-json\/wp\/v2\/product\/6506","targetHints":{"allow":["GET"]}}],"collection":[{"href":"https:\/\/ofertacular.com\/index.php\/wp-json\/wp\/v2\/product"}],"about":[{"href":"https:\/\/ofertacular.com\/index.php\/wp-json\/wp\/v2\/types\/product"}],"wp:featuredmedia":[{"embeddable":true,"href":"https:\/\/ofertacular.com\/index.php\/wp-json\/wp\/v2\/media\/6505"}],"wp:attachment":[{"href":"https:\/\/ofertacular.com\/index.php\/wp-json\/wp\/v2\/media?parent=6506"}],"wp:term":[{"taxonomy":"store","embeddable":true,"href":"https:\/\/ofertacular.com\/index.php\/wp-json\/wp\/v2\/store?post=6506"},{"taxonomy":"product_brand","embeddable":true,"href":"https:\/\/ofertacular.com\/index.php\/wp-json\/wp\/v2\/product_brand?post=6506"},{"taxonomy":"product_cat","embeddable":true,"href":"https:\/\/ofertacular.com\/index.php\/wp-json\/wp\/v2\/product_cat?post=6506"},{"taxonomy":"product_tag","embeddable":true,"href":"https:\/\/ofertacular.com\/index.php\/wp-json\/wp\/v2\/product_tag?post=6506"}],"curies":[{"name":"wp","href":"https:\/\/api.w.org\/{rel}","templated":true}]}}