{"id":6537,"date":"2025-07-15T08:38:26","date_gmt":"2025-07-15T06:38:26","guid":{"rendered":"https:\/\/ofertacular.com\/index.php\/producto\/style-master-2\/"},"modified":"2025-07-15T08:38:26","modified_gmt":"2025-07-15T06:38:26","slug":"style-master-2","status":"publish","type":"product","link":"https:\/\/ofertacular.com\/index.php\/producto\/style-master-2\/","title":{"rendered":"Style Master"},"content":{"rendered":"<div class=\"oferta-container\">\n<p>\ud83d\udfe5 <b>REBAJA<\/b> \ud83d\udfe5 #Publicidad #Amazon #16<\/p>\n<p>\ud83d\udd34 <b>Estilo Master <\/b><\/p>\n<p>\u2705 <b>AHORA 18.99 \u20ac<\/b> \u2714\ufe0f\ud83d\udfe1<\/p>\n<p>\u274c Antes 44.99 \u20ac<\/p>\n<p>\ud83d\uded2: <a href=\"https:\/\/btz.es\/4QZX2x1\" target=\"_blank\" rel=\"nofollow noopener\">https:\/\/btz.es\/4QZX2x1<\/a><\/p>\n<p>Descubre la elegancia y sofisticaci\u00f3n con Style Master, una marca l\u00edder en el dise\u00f1o y fabricaci\u00f3n de productos de moda que marcan tendencia. Esta colecci\u00f3n ha sido cuidadosamente creada para ofrecer piezas que combinan estilo, comodidad y calidad, ideales para quienes buscan destacar en cualquier ocasi\u00f3n.<\/p>\n<p>Al elegir Style Master, te sumerges en un mundo donde cada detalle importa. Desde tejidos premium hasta acabados impecables, cada producto refleja la dedicaci\u00f3n y el compromiso con la excelencia. Ya sea que busques un look casual para el d\u00eda a d\u00eda o una prenda especial para un evento, Style Master tiene la opci\u00f3n perfecta para ti.<\/p>\n<p>La variedad de estilos disponibles permite experimentar con diferentes combinaciones y crear outfits \u00fanicos que reflejen tu personalidad. Adem\u00e1s, la durabilidad y el dise\u00f1o atemporal aseguran que tus prendas permanezcan en tendencia temporada tras temporada.<\/p>\n<p>La marca tambi\u00e9n se destaca por su atenci\u00f3n al cliente y su compromiso con la sostenibilidad, utilizando materiales ecoamigables y procesos de producci\u00f3n responsables. As\u00ed, al elegir Style Master, no solo inviertes en moda, sino tambi\u00e9n en un futuro m\u00e1s consciente.<\/p>\n<p>No esperes m\u00e1s para renovar tu guardarropa con piezas exclusivas que te har\u00e1n sentir seguro, c\u00f3modo y a la moda. Explora la colecci\u00f3n Style Master y descubre c\u00f3mo la moda puede transformar tu vida, aportando sofisticaci\u00f3n y estilo en cada paso que das.<\/p>\n<\/p><\/div>\n","protected":false},"excerpt":{"rendered":"<p>\ud83d\udfe5 REBAJA \ud83d\udfe5 #Publicidad #Amazon #16 \ud83d\udd34 Estilo Master \u2705 AHORA 18.99 \u20ac \u2714\ufe0f\ud83d\udfe1 \u274c Antes 44.99 \u20ac \ud83d\uded2: https:\/\/btz.es\/4QZX2x1 Descubre la elegancia y sofisticaci\u00f3n con Style Master, una marca l\u00edder en el dise\u00f1o y fabricaci\u00f3n de productos de moda que marcan tendencia. Esta colecci\u00f3n ha sido cuidadosamente creada para ofrecer piezas que combinan estilo, [&hellip;]<\/p>\n","protected":false},"featured_media":6536,"template":"","meta":{"_gspb_post_css":""},"store":[],"product_brand":[],"product_cat":[16],"product_tag":[],"class_list":{"0":"post-6537","1":"product","2":"type-product","3":"status-publish","4":"has-post-thumbnail","6":"product_cat-sin-categorizar","8":"first","9":"instock","10":"sale","11":"shipping-taxable","12":"product-type-external"},"jetpack_sharing_enabled":true,"_links":{"self":[{"href":"https:\/\/ofertacular.com\/index.php\/wp-json\/wp\/v2\/product\/6537","targetHints":{"allow":["GET"]}}],"collection":[{"href":"https:\/\/ofertacular.com\/index.php\/wp-json\/wp\/v2\/product"}],"about":[{"href":"https:\/\/ofertacular.com\/index.php\/wp-json\/wp\/v2\/types\/product"}],"wp:featuredmedia":[{"embeddable":true,"href":"https:\/\/ofertacular.com\/index.php\/wp-json\/wp\/v2\/media\/6536"}],"wp:attachment":[{"href":"https:\/\/ofertacular.com\/index.php\/wp-json\/wp\/v2\/media?parent=6537"}],"wp:term":[{"taxonomy":"store","embeddable":true,"href":"https:\/\/ofertacular.com\/index.php\/wp-json\/wp\/v2\/store?post=6537"},{"taxonomy":"product_brand","embeddable":true,"href":"https:\/\/ofertacular.com\/index.php\/wp-json\/wp\/v2\/product_brand?post=6537"},{"taxonomy":"product_cat","embeddable":true,"href":"https:\/\/ofertacular.com\/index.php\/wp-json\/wp\/v2\/product_cat?post=6537"},{"taxonomy":"product_tag","embeddable":true,"href":"https:\/\/ofertacular.com\/index.php\/wp-json\/wp\/v2\/product_tag?post=6537"}],"curies":[{"name":"wp","href":"https:\/\/api.w.org\/{rel}","templated":true}]}}