{"id":6543,"date":"2025-07-15T10:36:46","date_gmt":"2025-07-15T08:36:46","guid":{"rendered":"https:\/\/ofertacular.com\/index.php\/producto\/pantene-champu-2\/"},"modified":"2025-07-15T10:36:46","modified_gmt":"2025-07-15T08:36:46","slug":"pantene-champu-2","status":"publish","type":"product","link":"https:\/\/ofertacular.com\/index.php\/producto\/pantene-champu-2\/","title":{"rendered":"Pantene Champ\u00fa"},"content":{"rendered":"<div class=\"oferta-container\">\n<p>\ud83d\udfe5 <b>\u00a1S\u00d3LO HOY!<\/b> \ud83d\udfe5 #Publicidad #Amazon #16<\/p>\n<p>\ud83d\udd34 <b>Champ\u00fa Pantene <\/b><\/p>\n<p>\u2705 <b>AHORA 9.99 \u20ac<\/b> \u2714\ufe0f\ud83d\udfe1<\/p>\n<p>\u274c Antes 13.30 \u20ac<\/p>\n<p>\ud83d\uded2: <a href=\"https:\/\/btz.es\/4Ra1pqN\" target=\"_blank\" rel=\"nofollow noopener\">https:\/\/btz.es\/4Ra1pqN<\/a><\/p>\n<p>Descubre el poder del Champ\u00fa Pantene, la soluci\u00f3n perfecta para el cuidado diario de tu cabello. Especialmente formulado con tecnolog\u00eda Pro-V, este champ\u00fa nutre profundamente cada hebra, dej\u00e1ndola suave, brillante y saludable desde la primera aplicaci\u00f3n. Ideal para todo tipo de cabello, Pantene Champ\u00fa limpia eficazmente eliminando impurezas y acumulaciones sin resecar el cuero cabelludo.<\/p>\n<p>Gracias a sus ingredientes activos, el champ\u00fa fortalece la fibra capilar, previniendo la rotura y promoviendo un crecimiento fuerte y vigoroso. Su f\u00f3rmula ligera facilita el peinado y controla el frizz, proporcionando un acabado sedoso y natural que dura todo el d\u00eda.<\/p>\n<p>Adem\u00e1s, Pantene Champ\u00fa protege el cabello frente a da\u00f1os causados por herramientas de calor y agentes externos, manteniendo su vitalidad y elasticidad. Su fragancia fresca y suave aporta una sensaci\u00f3n de limpieza y bienestar que mejora tu rutina de cuidado personal.<\/p>\n<p>Perfecto para usar diariamente, Pantene Champ\u00fa es aliado indispensable para quienes buscan mantener su cabello saludable, brillante y lleno de vida. Apto para uso en hombres y mujeres, satisface las necesidades de quienes desean revitalizar su melena y lucir un estilo impecable.<\/p>\n<p>Incorpora Pantene Champ\u00fa a tu rutina y experimenta una transformaci\u00f3n visible en textura, brillo y salud capilar. No esperes m\u00e1s para disfrutar de un cabello radiante y con movimiento natural. Haz de Pantene tu opci\u00f3n n\u00famero uno para el cuidado capilar con resultados profesionales en la comodidad de tu hogar.<\/p>\n<\/p><\/div>\n","protected":false},"excerpt":{"rendered":"<p>\ud83d\udfe5 \u00a1S\u00d3LO HOY! \ud83d\udfe5 #Publicidad #Amazon #16 \ud83d\udd34 Champ\u00fa Pantene \u2705 AHORA 9.99 \u20ac \u2714\ufe0f\ud83d\udfe1 \u274c Antes 13.30 \u20ac \ud83d\uded2: https:\/\/btz.es\/4Ra1pqN Descubre el poder del Champ\u00fa Pantene, la soluci\u00f3n perfecta para el cuidado diario de tu cabello. Especialmente formulado con tecnolog\u00eda Pro-V, este champ\u00fa nutre profundamente cada hebra, dej\u00e1ndola suave, brillante y saludable desde la [&hellip;]<\/p>\n","protected":false},"featured_media":6542,"template":"","meta":{"_gspb_post_css":""},"store":[],"product_brand":[],"product_cat":[16],"product_tag":[],"class_list":{"0":"post-6543","1":"product","2":"type-product","3":"status-publish","4":"has-post-thumbnail","6":"product_cat-sin-categorizar","8":"first","9":"instock","10":"sale","11":"shipping-taxable","12":"product-type-external"},"jetpack_sharing_enabled":true,"_links":{"self":[{"href":"https:\/\/ofertacular.com\/index.php\/wp-json\/wp\/v2\/product\/6543","targetHints":{"allow":["GET"]}}],"collection":[{"href":"https:\/\/ofertacular.com\/index.php\/wp-json\/wp\/v2\/product"}],"about":[{"href":"https:\/\/ofertacular.com\/index.php\/wp-json\/wp\/v2\/types\/product"}],"wp:featuredmedia":[{"embeddable":true,"href":"https:\/\/ofertacular.com\/index.php\/wp-json\/wp\/v2\/media\/6542"}],"wp:attachment":[{"href":"https:\/\/ofertacular.com\/index.php\/wp-json\/wp\/v2\/media?parent=6543"}],"wp:term":[{"taxonomy":"store","embeddable":true,"href":"https:\/\/ofertacular.com\/index.php\/wp-json\/wp\/v2\/store?post=6543"},{"taxonomy":"product_brand","embeddable":true,"href":"https:\/\/ofertacular.com\/index.php\/wp-json\/wp\/v2\/product_brand?post=6543"},{"taxonomy":"product_cat","embeddable":true,"href":"https:\/\/ofertacular.com\/index.php\/wp-json\/wp\/v2\/product_cat?post=6543"},{"taxonomy":"product_tag","embeddable":true,"href":"https:\/\/ofertacular.com\/index.php\/wp-json\/wp\/v2\/product_tag?post=6543"}],"curies":[{"name":"wp","href":"https:\/\/api.w.org\/{rel}","templated":true}]}}