{"id":6549,"date":"2025-07-15T10:50:09","date_gmt":"2025-07-15T08:50:09","guid":{"rendered":"https:\/\/ofertacular.com\/index.php\/producto\/classic-sandal-2\/"},"modified":"2025-07-15T10:50:09","modified_gmt":"2025-07-15T08:50:09","slug":"classic-sandal-2","status":"publish","type":"product","link":"https:\/\/ofertacular.com\/index.php\/producto\/classic-sandal-2\/","title":{"rendered":"Classic Sandal"},"content":{"rendered":"<div class=\"oferta-container\">\n<p>\ud83d\udfe5 <b>\u00a1OFERT\u00d3N!<\/b> \ud83d\udfe5 #Publicidad #Amazon #16<\/p>\n<p>\ud83d\udd34 <b>Sandalias cl\u00e1sicas <\/b><\/p>\n<p>\u2705 <b>AHORA 16.87 \u20ac<\/b> \u2714\ufe0f\ud83d\udfe1<\/p>\n<p>\u274c Antes 34.99 \u20ac<\/p>\n<p>\ud83d\uded2: <a href=\"https:\/\/btz.es\/4Ra4C1l\" target=\"_blank\" rel=\"nofollow noopener\">https:\/\/btz.es\/4Ra4C1l<\/a><\/p>\n<p>Descubre la elegancia y comodidad inigualable con nuestras Sandalias Cl\u00e1sicas, dise\u00f1adas para ofrecerte un estilo atemporal que nunca pasa de moda. Perfectas para cualquier ocasi\u00f3n, estas sandalias son ideales para quienes buscan un calzado vers\u00e1til, ligero y duradero. Fabricadas con materiales de alta calidad, combinan dise\u00f1o y funcionalidad para garantizar una experiencia de uso confortable durante todo el d\u00eda.<\/p>\n<p>Nuestras Sandalias Cl\u00e1sicas cuentan con una suela antideslizante que proporciona estabilidad y seguridad, as\u00ed como una plantilla acolchada que reduce el impacto al caminar, cuidando cada paso que das. Su dise\u00f1o ergon\u00f3mico se adapta perfectamente a la forma del pie, ofreciendo soporte y evitando molestias incluso en jornadas largas. Adem\u00e1s, su acabado resistente al agua las hace adecuadas para temporadas c\u00e1lidas y actividades al aire libre.<\/p>\n<p>Disponibles en varios colores y tallas, estas sandalias se ajustan a diferentes estilos y preferencias, permiti\u00e9ndote combinarlas f\u00e1cilmente con tu ropa diaria o para ocasiones especiales. Ya sea para un paseo relajado por la ciudad, un d\u00eda en la playa o una reuni\u00f3n informal, las Sandalias Cl\u00e1sicas son una opci\u00f3n confiable y chic.<\/p>\n<p>La calidad y el dise\u00f1o de estas sandalias las convierten en un must-have para tu armario de verano. Invierte en un calzado que te brinda confort y estilo, y que acompa\u00f1ar\u00e1 tus pasos con la mejor sensaci\u00f3n de seguridad y elegancia. No pierdas la oportunidad de renovar tu colecci\u00f3n con un par que nunca pasa de moda y que siempre aporta un toque de sofisticaci\u00f3n a tu look.<\/p>\n<p>Compra ahora tus Sandalias Cl\u00e1sicas y disfruta del equilibrio perfecto entre estilo y confort. Tu pie merece lo mejor, y estas sandalias est\u00e1n creadas para ofrecerte justamente eso. \u00a1Haz que cada paso cuente con un producto de calidad y dise\u00f1o superior!<\/p>\n<\/p><\/div>\n","protected":false},"excerpt":{"rendered":"<p>\ud83d\udfe5 \u00a1OFERT\u00d3N! \ud83d\udfe5 #Publicidad #Amazon #16 \ud83d\udd34 Sandalias cl\u00e1sicas \u2705 AHORA 16.87 \u20ac \u2714\ufe0f\ud83d\udfe1 \u274c Antes 34.99 \u20ac \ud83d\uded2: https:\/\/btz.es\/4Ra4C1l Descubre la elegancia y comodidad inigualable con nuestras Sandalias Cl\u00e1sicas, dise\u00f1adas para ofrecerte un estilo atemporal que nunca pasa de moda. Perfectas para cualquier ocasi\u00f3n, estas sandalias son ideales para quienes buscan un calzado vers\u00e1til, [&hellip;]<\/p>\n","protected":false},"featured_media":6548,"template":"","meta":{"_gspb_post_css":""},"store":[],"product_brand":[],"product_cat":[16],"product_tag":[],"class_list":{"0":"post-6549","1":"product","2":"type-product","3":"status-publish","4":"has-post-thumbnail","6":"product_cat-sin-categorizar","8":"first","9":"instock","10":"sale","11":"shipping-taxable","12":"product-type-external"},"jetpack_sharing_enabled":true,"_links":{"self":[{"href":"https:\/\/ofertacular.com\/index.php\/wp-json\/wp\/v2\/product\/6549","targetHints":{"allow":["GET"]}}],"collection":[{"href":"https:\/\/ofertacular.com\/index.php\/wp-json\/wp\/v2\/product"}],"about":[{"href":"https:\/\/ofertacular.com\/index.php\/wp-json\/wp\/v2\/types\/product"}],"wp:featuredmedia":[{"embeddable":true,"href":"https:\/\/ofertacular.com\/index.php\/wp-json\/wp\/v2\/media\/6548"}],"wp:attachment":[{"href":"https:\/\/ofertacular.com\/index.php\/wp-json\/wp\/v2\/media?parent=6549"}],"wp:term":[{"taxonomy":"store","embeddable":true,"href":"https:\/\/ofertacular.com\/index.php\/wp-json\/wp\/v2\/store?post=6549"},{"taxonomy":"product_brand","embeddable":true,"href":"https:\/\/ofertacular.com\/index.php\/wp-json\/wp\/v2\/product_brand?post=6549"},{"taxonomy":"product_cat","embeddable":true,"href":"https:\/\/ofertacular.com\/index.php\/wp-json\/wp\/v2\/product_cat?post=6549"},{"taxonomy":"product_tag","embeddable":true,"href":"https:\/\/ofertacular.com\/index.php\/wp-json\/wp\/v2\/product_tag?post=6549"}],"curies":[{"name":"wp","href":"https:\/\/api.w.org\/{rel}","templated":true}]}}