{"id":6563,"date":"2025-07-15T12:00:43","date_gmt":"2025-07-15T10:00:43","guid":{"rendered":"https:\/\/ofertacular.com\/index.php\/producto\/guess-seductive\/"},"modified":"2025-07-15T12:00:43","modified_gmt":"2025-07-15T10:00:43","slug":"guess-seductive","status":"publish","type":"product","link":"https:\/\/ofertacular.com\/index.php\/producto\/guess-seductive\/","title":{"rendered":"GUESS Seductive"},"content":{"rendered":"<div class=\"oferta-container\">\n<p>\ud83d\udfe5 <b>GRAN OFERTA<\/b> \ud83d\udfe5 #Publicidad #Amazon #16<\/p>\n<p>\ud83d\udd34 <b>Perfume Sexual <\/b><\/p>\n<p>\u2705 <b>AHORA 24.9 \u20ac<\/b> \u2714\ufe0f\ud83d\udfe1<\/p>\n<p>\u274c Antes 31.60 \u20ac<\/p>\n<p>\ud83d\uded2: <a href=\"https:\/\/btz.es\/4RaMxLB\" target=\"_blank\" rel=\"nofollow noopener\">https:\/\/btz.es\/4RaMxLB<\/a><\/p>\n<p>Descubre el aroma irresistible del perfume GUESS Seductive, una fragancia dise\u00f1ada para la mujer segura y sofisticada que desea dejar una impresi\u00f3n duradera. Este perfume combina notas florales y almizcladas que despiertan los sentidos y realzan la personalidad de quien lo usa. Ideal para ocasiones especiales o para el d\u00eda a d\u00eda, GUESS Seductive aporta un toque de seducci\u00f3n y elegancia que cautiva a quienes te rodean.<\/p>\n<p>El frasco de GUESS Seductive destaca por su dise\u00f1o elegante y moderno, que refleja perfectamente el car\u00e1cter seductor del aroma en su interior. Este perfume para mujer est\u00e1 elaborado con ingredientes de alta calidad que garantizan una larga duraci\u00f3n y una estela profunda, proporcionando una experiencia olfativa \u00fanica.<\/p>\n<p>Al elegir GUESS Seductive, est\u00e1s optando por una fragancia vers\u00e1til que se adapta a diferentes estilos y momentos, desde una noche rom\u00e1ntica hasta una jornada laboral. Sus notas principales incluyen acordes frutales ligeros, un coraz\u00f3n floral delicado y un fondo amaderado que a\u00f1ade profundidad y sofisticaci\u00f3n.<\/p>\n<p>No solo es un perfume, sino un s\u00edmbolo de confianza y atractivo que cada mujer puede llevar consigo para sentirse especial y empoderada. A\u00f1ade GUESS Seductive a tu colecci\u00f3n de perfumes y disfruta de un aroma que realza tu presencia y deja huella a donde vayas.<\/p>\n<p>Palabras clave: perfume GUESS Seductive, perfume para mujer, perfume seductor, fragancia femenina, aroma elegante, perfume duradero, perfume de alta calidad, fragancia sofisticada, perfume floral almizclado.<\/p>\n<\/p><\/div>\n","protected":false},"excerpt":{"rendered":"<p>\ud83d\udfe5 GRAN OFERTA \ud83d\udfe5 #Publicidad #Amazon #16 \ud83d\udd34 Perfume Sexual \u2705 AHORA 24.9 \u20ac \u2714\ufe0f\ud83d\udfe1 \u274c Antes 31.60 \u20ac \ud83d\uded2: https:\/\/btz.es\/4RaMxLB Descubre el aroma irresistible del perfume GUESS Seductive, una fragancia dise\u00f1ada para la mujer segura y sofisticada que desea dejar una impresi\u00f3n duradera. Este perfume combina notas florales y almizcladas que despiertan los sentidos [&hellip;]<\/p>\n","protected":false},"featured_media":6562,"template":"","meta":{"_gspb_post_css":""},"store":[],"product_brand":[],"product_cat":[16],"product_tag":[],"class_list":{"0":"post-6563","1":"product","2":"type-product","3":"status-publish","4":"has-post-thumbnail","6":"product_cat-sin-categorizar","8":"first","9":"instock","10":"sale","11":"shipping-taxable","12":"product-type-external"},"jetpack_sharing_enabled":true,"_links":{"self":[{"href":"https:\/\/ofertacular.com\/index.php\/wp-json\/wp\/v2\/product\/6563","targetHints":{"allow":["GET"]}}],"collection":[{"href":"https:\/\/ofertacular.com\/index.php\/wp-json\/wp\/v2\/product"}],"about":[{"href":"https:\/\/ofertacular.com\/index.php\/wp-json\/wp\/v2\/types\/product"}],"wp:featuredmedia":[{"embeddable":true,"href":"https:\/\/ofertacular.com\/index.php\/wp-json\/wp\/v2\/media\/6562"}],"wp:attachment":[{"href":"https:\/\/ofertacular.com\/index.php\/wp-json\/wp\/v2\/media?parent=6563"}],"wp:term":[{"taxonomy":"store","embeddable":true,"href":"https:\/\/ofertacular.com\/index.php\/wp-json\/wp\/v2\/store?post=6563"},{"taxonomy":"product_brand","embeddable":true,"href":"https:\/\/ofertacular.com\/index.php\/wp-json\/wp\/v2\/product_brand?post=6563"},{"taxonomy":"product_cat","embeddable":true,"href":"https:\/\/ofertacular.com\/index.php\/wp-json\/wp\/v2\/product_cat?post=6563"},{"taxonomy":"product_tag","embeddable":true,"href":"https:\/\/ofertacular.com\/index.php\/wp-json\/wp\/v2\/product_tag?post=6563"}],"curies":[{"name":"wp","href":"https:\/\/api.w.org\/{rel}","templated":true}]}}