{"id":6591,"date":"2025-07-16T10:56:46","date_gmt":"2025-07-16T08:56:46","guid":{"rendered":"https:\/\/ofertacular.com\/index.php\/producto\/aquarius-limon\/"},"modified":"2025-07-16T10:56:46","modified_gmt":"2025-07-16T08:56:46","slug":"aquarius-limon","status":"publish","type":"product","link":"https:\/\/ofertacular.com\/index.php\/producto\/aquarius-limon\/","title":{"rendered":"Aquarius Lim\u00f3n"},"content":{"rendered":"<div class=\"oferta-container\">\n<p>\ud83d\udfe5 <b>UNA GANGA<\/b> \ud83d\udfe5 #Publicidad #Amazon #16<\/p>\n<p>\ud83d\udd34 <b>Bebida Refrescante <\/b><\/p>\n<p>\u2705 <b>AHORA 8.94 \u20ac<\/b> \u2714\ufe0f\ud83d\udfe1<\/p>\n<p>\u274c Antes 11.94 \u20ac<\/p>\n<p>\ud83d\uded2: <a href=\"https:\/\/btz.es\/4RgwOfo\" target=\"_blank\" rel=\"nofollow noopener\">https:\/\/btz.es\/4RgwOfo<\/a><\/p>\n<p>Descubre la frescura y el sabor inconfundible de Aquarius Lim\u00f3n, la bebida perfecta para mantenerte hidratado y con energ\u00eda durante todo el d\u00eda. Esta bebida refrescante est\u00e1 dise\u00f1ada para quienes buscan una alternativa deliciosa y saludable para saciar la sed en cualquier momento. Gracias a su f\u00f3rmula equilibrada, Aquarius Lim\u00f3n combina el placer de un sabor c\u00edtrico natural con propiedades revitalizantes que te ayudar\u00e1n a recuperar vitalidad despu\u00e9s del ejercicio o en d\u00edas calurosos.<\/p>\n<p>Aquarius Lim\u00f3n es una bebida isot\u00f3nica que no solo refresca, sino que tambi\u00e9n repone los electrolitos esenciales perdidos a trav\u00e9s del sudor, lo que la convierte en una opci\u00f3n ideal para deportistas y personas activas. Su contenido en vitamina C y minerales contribuye a reforzar el sistema inmunol\u00f3gico y a mejorar el desempe\u00f1o f\u00edsico, haciendo que cada sorbo sea tan beneficioso como sabroso.<\/p>\n<p>Este producto est\u00e1 disponible en presentaciones pr\u00e1cticas y f\u00e1ciles de llevar, perfectas para la escuela, el trabajo o cualquier actividad al aire libre. La combinaci\u00f3n de su bajo contenido cal\u00f3rico y un sabor natural a lim\u00f3n la hace una elecci\u00f3n consciente y saludable para toda la familia. Adem\u00e1s, su envase 100% reciclable apoya el compromiso ambiental, haciendo de Aquarius Lim\u00f3n una opci\u00f3n responsable con el planeta.<\/p>\n<p>Si buscas una bebida que te aporte hidrataci\u00f3n, energ\u00eda y un toque refrescante con un sabor aut\u00e9ntico, Aquarius Lim\u00f3n es tu mejor elecci\u00f3n. No importa si quieres recuperarte tras una rutina de ejercicio intensa o simplemente disfrutar de un momento de frescura, esta bebida isot\u00f3nica te acompa\u00f1ar\u00e1 siempre.<\/p>\n<p>En resumen, Aquarius Lim\u00f3n es:<br \/>\n&#8211; Una bebida isot\u00f3nica refrescante con sabor a lim\u00f3n natural.<br \/>\n&#8211; Ideal para deportistas y personas activas.<br \/>\n&#8211; Fuente de electrolitos y vitamina C.<br \/>\n&#8211; Baja en calor\u00edas y saludable.<br \/>\n&#8211; Envase reciclable y amigable con el medio ambiente.<\/p>\n<p>Adquiere Aquarius Lim\u00f3n hoy y experimenta una sensaci\u00f3n \u00fanica de frescura y energ\u00eda en cada sorbo. Perfecta para mantener tu cuerpo hidratado y listo para cualquier desaf\u00edo diario, esta bebida es un producto imprescindible para quienes valoran su salud y bienestar sin renunciar al buen sabor.<\/p>\n<\/p><\/div>\n","protected":false},"excerpt":{"rendered":"<p>\ud83d\udfe5 UNA GANGA \ud83d\udfe5 #Publicidad #Amazon #16 \ud83d\udd34 Bebida Refrescante \u2705 AHORA 8.94 \u20ac \u2714\ufe0f\ud83d\udfe1 \u274c Antes 11.94 \u20ac \ud83d\uded2: https:\/\/btz.es\/4RgwOfo Descubre la frescura y el sabor inconfundible de Aquarius Lim\u00f3n, la bebida perfecta para mantenerte hidratado y con energ\u00eda durante todo el d\u00eda. Esta bebida refrescante est\u00e1 dise\u00f1ada para quienes buscan una alternativa deliciosa [&hellip;]<\/p>\n","protected":false},"featured_media":6590,"template":"","meta":{"_gspb_post_css":""},"store":[],"product_brand":[],"product_cat":[16],"product_tag":[],"class_list":{"0":"post-6591","1":"product","2":"type-product","3":"status-publish","4":"has-post-thumbnail","6":"product_cat-sin-categorizar","8":"first","9":"instock","10":"sale","11":"shipping-taxable","12":"product-type-external"},"jetpack_sharing_enabled":true,"_links":{"self":[{"href":"https:\/\/ofertacular.com\/index.php\/wp-json\/wp\/v2\/product\/6591","targetHints":{"allow":["GET"]}}],"collection":[{"href":"https:\/\/ofertacular.com\/index.php\/wp-json\/wp\/v2\/product"}],"about":[{"href":"https:\/\/ofertacular.com\/index.php\/wp-json\/wp\/v2\/types\/product"}],"wp:featuredmedia":[{"embeddable":true,"href":"https:\/\/ofertacular.com\/index.php\/wp-json\/wp\/v2\/media\/6590"}],"wp:attachment":[{"href":"https:\/\/ofertacular.com\/index.php\/wp-json\/wp\/v2\/media?parent=6591"}],"wp:term":[{"taxonomy":"store","embeddable":true,"href":"https:\/\/ofertacular.com\/index.php\/wp-json\/wp\/v2\/store?post=6591"},{"taxonomy":"product_brand","embeddable":true,"href":"https:\/\/ofertacular.com\/index.php\/wp-json\/wp\/v2\/product_brand?post=6591"},{"taxonomy":"product_cat","embeddable":true,"href":"https:\/\/ofertacular.com\/index.php\/wp-json\/wp\/v2\/product_cat?post=6591"},{"taxonomy":"product_tag","embeddable":true,"href":"https:\/\/ofertacular.com\/index.php\/wp-json\/wp\/v2\/product_tag?post=6591"}],"curies":[{"name":"wp","href":"https:\/\/api.w.org\/{rel}","templated":true}]}}