{"id":6599,"date":"2025-07-16T13:18:38","date_gmt":"2025-07-16T11:18:38","guid":{"rendered":"https:\/\/ofertacular.com\/index.php\/producto\/carbonell-olive\/"},"modified":"2025-07-16T13:18:38","modified_gmt":"2025-07-16T11:18:38","slug":"carbonell-olive","status":"publish","type":"product","link":"https:\/\/ofertacular.com\/index.php\/producto\/carbonell-olive\/","title":{"rendered":"Carbonell Olive"},"content":{"rendered":"<div class=\"oferta-container\">\n<p>\ud83d\udfe5 <b>DATE PRISA<\/b> \ud83d\udfe5 #Publicidad #Amazon #16<\/p>\n<p>\ud83d\udd34 <b>Aceite Oliva <\/b><\/p>\n<p>\u2705 <b>AHORA 17.95 \u20ac<\/b> \u2714\ufe0f\ud83d\udfe1<\/p>\n<p>\u274c Antes 21.37 \u20ac<\/p>\n<p>\ud83d\uded2: <a href=\"https:\/\/btz.es\/4RgW6va\" target=\"_blank\" rel=\"nofollow noopener\">https:\/\/btz.es\/4RgW6va<\/a><\/p>\n<p>Descubre el aut\u00e9ntico sabor de la tradici\u00f3n mediterr\u00e1nea con el Aceite de Oliva Carbonell, un producto de alta calidad elaborado a partir de aceitunas seleccionadas que garantizan pureza y frescura en cada gota. Este aceite de oliva virgen extra es perfecto para realzar el sabor de tus platos favoritos, desde ensaladas hasta guisos tradicionales. Su sabor suave y afrutado, junto con un aroma caracter\u00edstico, convierten a Carbonell en la mejor opci\u00f3n para quienes buscan un aceite saludable y delicioso.<\/p>\n<p>El Aceite de Oliva Carbonell es rico en antioxidantes naturales y \u00e1cidos grasos esenciales que aportan beneficios para la salud cardiovascular y el bienestar general. Adem\u00e1s, es ideal para una dieta equilibrada, ya que ayuda a controlar los niveles de colesterol y mejora la digesti\u00f3n.<\/p>\n<p>Su versatilidad en la cocina es amplia: puedes usarlo para ali\u00f1ar, fre\u00edr, hornear o simplemente para mojar pan. Gracias a su alta calidad y sabor, el aceite Carbonell es un complemento perfecto para la comida mediterr\u00e1nea, resaltando los sabores naturales de los ingredientes sin opacarlos.<\/p>\n<p>Este producto viene en envases pr\u00e1cticos que mantienen su frescura y calidad a largo plazo. Carbonell garantiza que el aceite de oliva virgen extra se obtiene mediante procesos naturales y cuidadosos para preservar todas sus propiedades organol\u00e9pticas y nutricionales.<\/p>\n<p>Si buscas un producto sostenible, Carbonell tambi\u00e9n se compromete con pr\u00e1cticas respetuosas con el medio ambiente durante la producci\u00f3n de su aceite, contribuyendo a un desarrollo m\u00e1s responsable y consciente.<\/p>\n<p>No dudes en elegir el Aceite de Oliva Carbonell para transformar tus recetas en experiencias culinarias inigualables, aprovechando un producto que combina tradici\u00f3n, calidad y sabor en cada botella.<\/p>\n<\/p><\/div>\n","protected":false},"excerpt":{"rendered":"<p>\ud83d\udfe5 DATE PRISA \ud83d\udfe5 #Publicidad #Amazon #16 \ud83d\udd34 Aceite Oliva \u2705 AHORA 17.95 \u20ac \u2714\ufe0f\ud83d\udfe1 \u274c Antes 21.37 \u20ac \ud83d\uded2: https:\/\/btz.es\/4RgW6va Descubre el aut\u00e9ntico sabor de la tradici\u00f3n mediterr\u00e1nea con el Aceite de Oliva Carbonell, un producto de alta calidad elaborado a partir de aceitunas seleccionadas que garantizan pureza y frescura en cada gota. Este [&hellip;]<\/p>\n","protected":false},"featured_media":6598,"template":"","meta":{"_gspb_post_css":""},"store":[],"product_brand":[],"product_cat":[16],"product_tag":[],"class_list":{"0":"post-6599","1":"product","2":"type-product","3":"status-publish","4":"has-post-thumbnail","6":"product_cat-sin-categorizar","8":"first","9":"instock","10":"sale","11":"shipping-taxable","12":"product-type-external"},"jetpack_sharing_enabled":true,"_links":{"self":[{"href":"https:\/\/ofertacular.com\/index.php\/wp-json\/wp\/v2\/product\/6599","targetHints":{"allow":["GET"]}}],"collection":[{"href":"https:\/\/ofertacular.com\/index.php\/wp-json\/wp\/v2\/product"}],"about":[{"href":"https:\/\/ofertacular.com\/index.php\/wp-json\/wp\/v2\/types\/product"}],"wp:featuredmedia":[{"embeddable":true,"href":"https:\/\/ofertacular.com\/index.php\/wp-json\/wp\/v2\/media\/6598"}],"wp:attachment":[{"href":"https:\/\/ofertacular.com\/index.php\/wp-json\/wp\/v2\/media?parent=6599"}],"wp:term":[{"taxonomy":"store","embeddable":true,"href":"https:\/\/ofertacular.com\/index.php\/wp-json\/wp\/v2\/store?post=6599"},{"taxonomy":"product_brand","embeddable":true,"href":"https:\/\/ofertacular.com\/index.php\/wp-json\/wp\/v2\/product_brand?post=6599"},{"taxonomy":"product_cat","embeddable":true,"href":"https:\/\/ofertacular.com\/index.php\/wp-json\/wp\/v2\/product_cat?post=6599"},{"taxonomy":"product_tag","embeddable":true,"href":"https:\/\/ofertacular.com\/index.php\/wp-json\/wp\/v2\/product_tag?post=6599"}],"curies":[{"name":"wp","href":"https:\/\/api.w.org\/{rel}","templated":true}]}}