{"id":6601,"date":"2025-07-17T09:45:07","date_gmt":"2025-07-17T07:45:07","guid":{"rendered":"https:\/\/ofertacular.com\/index.php\/producto\/master-roshi\/"},"modified":"2025-07-17T09:45:07","modified_gmt":"2025-07-17T07:45:07","slug":"master-roshi","status":"publish","type":"product","link":"https:\/\/ofertacular.com\/index.php\/producto\/master-roshi\/","title":{"rendered":"Master Roshi"},"content":{"rendered":"<div class=\"oferta-container\">\ud83d\udfea <b>FUNKO PRECIO<\/b> \ud83d\udfea #Publicidad #Amazon<\/p>\n<p>\ud83d\udfe3 <b> Funko POP! Dragon Ball: Master Roshi Wise Turtle<\/b> <\/p>\n<p>\u2705 <b>AHORA 14.95 \u20ac<\/b> \u2714\ufe0f\ud83d\udfe1<br \/>\n\u274c Antes 16.00 \u20ac \u20ac <\/p>\n<p>\ud83d\uded2: https:\/\/btz.es\/4RlVrtx\ud83d\udfe2 <\/p>\n<p>Ofertacular.com<\/p>\n<p>Descubre el Funko POP! de Master Roshi, el emblem\u00e1tico maestro de artes marciales de Dragon Ball. Esta figura coleccionable captura su esencia sabia y divertida, perfecta para fan\u00e1ticos de la serie y coleccionistas de figuras de vinilo. Ideal para exhibir en tu estanter\u00eda y como regalo para amantes del anime. A\u00f1ade a tu colecci\u00f3n esta pieza oficial y de alta calidad que resalta la personalidad \u00fanica de Master Roshi.<\/p>\n<\/div>\n","protected":false},"excerpt":{"rendered":"<p>\ud83d\udfea FUNKO PRECIO \ud83d\udfea #Publicidad #Amazon \ud83d\udfe3 Funko POP! Dragon Ball: Master Roshi Wise Turtle \u2705 AHORA 14.95 \u20ac \u2714\ufe0f\ud83d\udfe1 \u274c Antes 16.00 \u20ac \u20ac \ud83d\uded2: https:\/\/btz.es\/4RlVrtx\ud83d\udfe2 Ofertacular.com Descubre el Funko POP! de Master Roshi, el emblem\u00e1tico maestro de artes marciales de Dragon Ball. Esta figura coleccionable captura su esencia sabia y divertida, perfecta para [&hellip;]<\/p>\n","protected":false},"featured_media":6600,"template":"","meta":{"_gspb_post_css":""},"store":[],"product_brand":[],"product_cat":[16],"product_tag":[],"class_list":{"0":"post-6601","1":"product","2":"type-product","3":"status-publish","4":"has-post-thumbnail","6":"product_cat-sin-categorizar","8":"first","9":"instock","10":"sale","11":"shipping-taxable","12":"product-type-external"},"jetpack_sharing_enabled":true,"_links":{"self":[{"href":"https:\/\/ofertacular.com\/index.php\/wp-json\/wp\/v2\/product\/6601","targetHints":{"allow":["GET"]}}],"collection":[{"href":"https:\/\/ofertacular.com\/index.php\/wp-json\/wp\/v2\/product"}],"about":[{"href":"https:\/\/ofertacular.com\/index.php\/wp-json\/wp\/v2\/types\/product"}],"wp:featuredmedia":[{"embeddable":true,"href":"https:\/\/ofertacular.com\/index.php\/wp-json\/wp\/v2\/media\/6600"}],"wp:attachment":[{"href":"https:\/\/ofertacular.com\/index.php\/wp-json\/wp\/v2\/media?parent=6601"}],"wp:term":[{"taxonomy":"store","embeddable":true,"href":"https:\/\/ofertacular.com\/index.php\/wp-json\/wp\/v2\/store?post=6601"},{"taxonomy":"product_brand","embeddable":true,"href":"https:\/\/ofertacular.com\/index.php\/wp-json\/wp\/v2\/product_brand?post=6601"},{"taxonomy":"product_cat","embeddable":true,"href":"https:\/\/ofertacular.com\/index.php\/wp-json\/wp\/v2\/product_cat?post=6601"},{"taxonomy":"product_tag","embeddable":true,"href":"https:\/\/ofertacular.com\/index.php\/wp-json\/wp\/v2\/product_tag?post=6601"}],"curies":[{"name":"wp","href":"https:\/\/api.w.org\/{rel}","templated":true}]}}