{"id":6613,"date":"2025-07-18T08:22:35","date_gmt":"2025-07-18T06:22:35","guid":{"rendered":"https:\/\/ofertacular.com\/index.php\/producto\/ms-marvel\/"},"modified":"2025-07-18T08:22:35","modified_gmt":"2025-07-18T06:22:35","slug":"ms-marvel","status":"publish","type":"product","link":"https:\/\/ofertacular.com\/index.php\/producto\/ms-marvel\/","title":{"rendered":"Ms. Marvel"},"content":{"rendered":"<div class=\"oferta-container\">\ud83d\udfea <b>FUNKO TOP<\/b> \ud83d\udfea #Publicidad #Amazon<\/p>\n<p>\ud83d\udfe3 <b> Funko POP! Marvel: Ms. Marvel Kamala Khan<\/b> <\/p>\n<p>\u2705 <b>AHORA 4.8 \u20ac<\/b> \u2714\ufe0f\ud83d\udfe1<br \/>\n\u274c Antes  \u20ac <\/p>\n<p>\ud83d\uded2: https:\/\/btz.es\/4Rr1c9n\ud83d\udfe2 <\/p>\n<p>Ofertacular.com<\/p>\n<p>Descubre la figura de vinilo Funko POP! Ms. Marvel, destacando a Kamala Khan, la superhero\u00edna de Marvel que ha conquistado a fans de todas las edades. Esta figura de colecci\u00f3n captura la esencia vibrante y moderna de Ms. Marvel, perfecta para coleccionistas y amantes del universo Marvel. Ideal para decorar tu espacio o como regalo \u00fanico para fan\u00e1ticos de los c\u00f3mics y series de Marvel.<\/p>\n<\/div>\n","protected":false},"excerpt":{"rendered":"<p>\ud83d\udfea FUNKO TOP \ud83d\udfea #Publicidad #Amazon \ud83d\udfe3 Funko POP! Marvel: Ms. Marvel Kamala Khan \u2705 AHORA 4.8 \u20ac \u2714\ufe0f\ud83d\udfe1 \u274c Antes \u20ac \ud83d\uded2: https:\/\/btz.es\/4Rr1c9n\ud83d\udfe2 Ofertacular.com Descubre la figura de vinilo Funko POP! Ms. Marvel, destacando a Kamala Khan, la superhero\u00edna de Marvel que ha conquistado a fans de todas las edades. Esta figura de colecci\u00f3n [&hellip;]<\/p>\n","protected":false},"featured_media":6612,"template":"","meta":{"_gspb_post_css":""},"store":[],"product_brand":[],"product_cat":[16],"product_tag":[],"class_list":{"0":"post-6613","1":"product","2":"type-product","3":"status-publish","4":"has-post-thumbnail","6":"product_cat-sin-categorizar","8":"first","9":"instock","10":"shipping-taxable","11":"product-type-external"},"jetpack_sharing_enabled":true,"_links":{"self":[{"href":"https:\/\/ofertacular.com\/index.php\/wp-json\/wp\/v2\/product\/6613","targetHints":{"allow":["GET"]}}],"collection":[{"href":"https:\/\/ofertacular.com\/index.php\/wp-json\/wp\/v2\/product"}],"about":[{"href":"https:\/\/ofertacular.com\/index.php\/wp-json\/wp\/v2\/types\/product"}],"wp:featuredmedia":[{"embeddable":true,"href":"https:\/\/ofertacular.com\/index.php\/wp-json\/wp\/v2\/media\/6612"}],"wp:attachment":[{"href":"https:\/\/ofertacular.com\/index.php\/wp-json\/wp\/v2\/media?parent=6613"}],"wp:term":[{"taxonomy":"store","embeddable":true,"href":"https:\/\/ofertacular.com\/index.php\/wp-json\/wp\/v2\/store?post=6613"},{"taxonomy":"product_brand","embeddable":true,"href":"https:\/\/ofertacular.com\/index.php\/wp-json\/wp\/v2\/product_brand?post=6613"},{"taxonomy":"product_cat","embeddable":true,"href":"https:\/\/ofertacular.com\/index.php\/wp-json\/wp\/v2\/product_cat?post=6613"},{"taxonomy":"product_tag","embeddable":true,"href":"https:\/\/ofertacular.com\/index.php\/wp-json\/wp\/v2\/product_tag?post=6613"}],"curies":[{"name":"wp","href":"https:\/\/api.w.org\/{rel}","templated":true}]}}