{"id":6625,"date":"2025-07-21T10:22:04","date_gmt":"2025-07-21T08:22:04","guid":{"rendered":"https:\/\/ofertacular.com\/index.php\/producto\/levis-vaqueros-4\/"},"modified":"2025-07-21T10:22:04","modified_gmt":"2025-07-21T08:22:04","slug":"levis-vaqueros-4","status":"publish","type":"product","link":"https:\/\/ofertacular.com\/index.php\/producto\/levis-vaqueros-4\/","title":{"rendered":"Levi&#8217;s Vaqueros"},"content":{"rendered":"<div class=\"oferta-container\">\n<p>\ud83d\udfe5 <b>DESCUENTO<\/b> \ud83d\udfe5 #Publicidad #Amazon #16<\/p>\n<p>\ud83d\udd34 <b>Vaqueros Levi&#8217;s <\/b><\/p>\n<p>\u2705 <b>AHORA 49.5 \u20ac<\/b> \u2714\ufe0f\ud83d\udfe1<\/p>\n<p>\u274c Antes 130.00 \u20ac<\/p>\n<p>\ud83d\uded2: <a href=\"https:\/\/btz.es\/4R92H6r\" target=\"_blank\" rel=\"nofollow noopener\">https:\/\/btz.es\/4R92H6r<\/a><\/p>\n<p>Los vaqueros Levi&#8217;s son mucho m\u00e1s que una prenda de vestir; son un s\u00edmbolo de estilo, calidad y durabilidad que ha perdurado a trav\u00e9s de generaciones. Fabricados con materiales de alta calidad y una confecci\u00f3n meticulosa, estos jeans ofrecen una combinaci\u00f3n perfecta entre confort y resistencia. Ideales para cualquier ocasi\u00f3n, desde un look casual hasta uno m\u00e1s sofisticado, los vaqueros Levi&#8217;s se adaptan a todos los estilos y personalidades.<\/p>\n<p>Una de las principales ventajas de los vaqueros Levi&#8217;s es su ajuste impecable que realza la figura, gracias a sus cortes variados que incluyen desde el cl\u00e1sico straight hasta el moderno skinny. Estos modelos no solo brindan una excelente comodidad durante todo el d\u00eda, sino que tambi\u00e9n mantienen su forma y color lavada tras lavada. La tecnolog\u00eda empleada en sus procesos de fabricaci\u00f3n garantiza una alta durabilidad, evitando el desgaste prematuro.<\/p>\n<p>Adem\u00e1s, Levi&#8217;s se compromete con la sostenibilidad, utilizando t\u00e9cnicas ecoamigables en la producci\u00f3n de sus jeans, como el uso reducido de agua y tintes menos contaminantes. Esto hace que al adquirir unos vaqueros Levi&#8217;s, no solo est\u00e9s invirtiendo en calidad y estilo, sino tambi\u00e9n contribuyendo a cuidar el medio ambiente.<\/p>\n<p>Para los amantes de la moda, contar con un par de vaqueros Levi&#8217;s en su armario es un must, ya que su versatilidad permite combinarlos con camisetas b\u00e1sicas, chaquetas de cuero o blazers para lograr diferentes looks con facilidad. No importa la temporada, los vaqueros Levi&#8217;s son una pieza atemporal que nunca pasa de moda.<\/p>\n<p>En conclusi\u00f3n, si buscas unos vaqueros que ofrezcan estilo, comodidad, resistencia y un compromiso con la sostenibilidad, los vaqueros Levi&#8217;s son la elecci\u00f3n perfecta. Experimenta la calidad que solo Levi&#8217;s puede ofrecer y transforma tu guardarropa con una prenda ic\u00f3nica que marcar\u00e1 la diferencia.<\/p>\n<\/p><\/div>\n","protected":false},"excerpt":{"rendered":"<p>\ud83d\udfe5 DESCUENTO \ud83d\udfe5 #Publicidad #Amazon #16 \ud83d\udd34 Vaqueros Levi&#8217;s \u2705 AHORA 49.5 \u20ac \u2714\ufe0f\ud83d\udfe1 \u274c Antes 130.00 \u20ac \ud83d\uded2: https:\/\/btz.es\/4R92H6r Los vaqueros Levi&#8217;s son mucho m\u00e1s que una prenda de vestir; son un s\u00edmbolo de estilo, calidad y durabilidad que ha perdurado a trav\u00e9s de generaciones. Fabricados con materiales de alta calidad y una confecci\u00f3n [&hellip;]<\/p>\n","protected":false},"featured_media":6624,"template":"","meta":{"_gspb_post_css":""},"store":[],"product_brand":[],"product_cat":[16],"product_tag":[],"class_list":{"0":"post-6625","1":"product","2":"type-product","3":"status-publish","4":"has-post-thumbnail","6":"product_cat-sin-categorizar","8":"first","9":"instock","10":"sale","11":"shipping-taxable","12":"product-type-external"},"jetpack_sharing_enabled":true,"_links":{"self":[{"href":"https:\/\/ofertacular.com\/index.php\/wp-json\/wp\/v2\/product\/6625","targetHints":{"allow":["GET"]}}],"collection":[{"href":"https:\/\/ofertacular.com\/index.php\/wp-json\/wp\/v2\/product"}],"about":[{"href":"https:\/\/ofertacular.com\/index.php\/wp-json\/wp\/v2\/types\/product"}],"wp:featuredmedia":[{"embeddable":true,"href":"https:\/\/ofertacular.com\/index.php\/wp-json\/wp\/v2\/media\/6624"}],"wp:attachment":[{"href":"https:\/\/ofertacular.com\/index.php\/wp-json\/wp\/v2\/media?parent=6625"}],"wp:term":[{"taxonomy":"store","embeddable":true,"href":"https:\/\/ofertacular.com\/index.php\/wp-json\/wp\/v2\/store?post=6625"},{"taxonomy":"product_brand","embeddable":true,"href":"https:\/\/ofertacular.com\/index.php\/wp-json\/wp\/v2\/product_brand?post=6625"},{"taxonomy":"product_cat","embeddable":true,"href":"https:\/\/ofertacular.com\/index.php\/wp-json\/wp\/v2\/product_cat?post=6625"},{"taxonomy":"product_tag","embeddable":true,"href":"https:\/\/ofertacular.com\/index.php\/wp-json\/wp\/v2\/product_tag?post=6625"}],"curies":[{"name":"wp","href":"https:\/\/api.w.org\/{rel}","templated":true}]}}