{"id":6627,"date":"2025-07-21T10:22:55","date_gmt":"2025-07-21T08:22:55","guid":{"rendered":"https:\/\/ofertacular.com\/index.php\/producto\/amstel-lager\/"},"modified":"2025-07-21T10:22:55","modified_gmt":"2025-07-21T08:22:55","slug":"amstel-lager","status":"publish","type":"product","link":"https:\/\/ofertacular.com\/index.php\/producto\/amstel-lager\/","title":{"rendered":"Amstel Lager"},"content":{"rendered":"<div class=\"oferta-container\">\n<p>\ud83d\udfe5 <b>INCRE\u00cdBLE<\/b> \ud83d\udfe5 #Publicidad #Amazon #16<\/p>\n<p>\ud83d\udd34 <b>Cerveza Amstel <\/b><\/p>\n<p>\u2705 <b>AHORA 11.54 \u20ac<\/b> \u2714\ufe0f\ud83d\udfe1<\/p>\n<p>\u274c Antes 16.80 \u20ac<\/p>\n<p>\ud83d\uded2: <a href=\"https:\/\/btz.es\/4R92UOg\" target=\"_blank\" rel=\"nofollow noopener\">https:\/\/btz.es\/4R92UOg<\/a><\/p>\n<p>Descubre la aut\u00e9ntica experiencia cervecera con Amstel Lager, una cerveza europea de calidad superior que ha conquistado paladares en todo el mundo. Amstel es reconocida por su sabor equilibrado, su aroma refrescante y su cuerpo suave, ideal para aquellos que buscan una bebida que combine tradici\u00f3n y modernidad en cada sorbo.<\/p>\n<p>Amstel Lager se elabora con los mejores ingredientes naturales, incluyendo agua pura, cebada seleccionada y l\u00fapulo de alta calidad, lo que garantiza una fermentaci\u00f3n \u00f3ptima y un sabor inconfundible. Su color dorado brillante y su espuma blanca y cremosa la hacen irresistible a la vista, mientras que su sabor ligeramente amargo y refrescante se adapta perfectamente a cualquier ocasi\u00f3n, ya sea una reuni\u00f3n social, una comida o simplemente para disfrutar en solitario.<\/p>\n<p>Esta cerveza lager destaca por su versatilidad, siendo una opci\u00f3n perfecta para maridar con una gran variedad de platillos como tapas, carnes blancas, pescados y comidas picantes. Adem\u00e1s, Amstel es una marca con una larga trayectoria en el mercado cervecero, lo que asegura calidad y confianza en cada botella que disfrutas.<\/p>\n<p>Para los amantes de la cerveza que desean experimentar un producto premium sin sacrificar la frescura y el car\u00e1cter, Amstel Lager es la elecci\u00f3n ideal. Su fermentaci\u00f3n controlada y sus procesos de elaboraci\u00f3n modernos garantizan una consistencia en sabor y textura que hacen de Amstel una cerveza perfecta para cualquier momento del d\u00eda.<\/p>\n<p>En resumen, Amstel Lager es mucho m\u00e1s que una cerveza; es una invitaci\u00f3n a vivir una experiencia llena de sabor, tradici\u00f3n y calidad que se adapta a todos los gustos. Atr\u00e9vete a probar Amstel y descubre por qu\u00e9 es una de las cervezas lager m\u00e1s apreciadas y reconocidas a nivel internacional.<\/p>\n<\/p><\/div>\n","protected":false},"excerpt":{"rendered":"<p>\ud83d\udfe5 INCRE\u00cdBLE \ud83d\udfe5 #Publicidad #Amazon #16 \ud83d\udd34 Cerveza Amstel \u2705 AHORA 11.54 \u20ac \u2714\ufe0f\ud83d\udfe1 \u274c Antes 16.80 \u20ac \ud83d\uded2: https:\/\/btz.es\/4R92UOg Descubre la aut\u00e9ntica experiencia cervecera con Amstel Lager, una cerveza europea de calidad superior que ha conquistado paladares en todo el mundo. Amstel es reconocida por su sabor equilibrado, su aroma refrescante y su cuerpo [&hellip;]<\/p>\n","protected":false},"featured_media":6626,"template":"","meta":{"_gspb_post_css":""},"store":[],"product_brand":[],"product_cat":[16],"product_tag":[],"class_list":{"0":"post-6627","1":"product","2":"type-product","3":"status-publish","4":"has-post-thumbnail","6":"product_cat-sin-categorizar","8":"first","9":"instock","10":"sale","11":"shipping-taxable","12":"product-type-external"},"jetpack_sharing_enabled":true,"_links":{"self":[{"href":"https:\/\/ofertacular.com\/index.php\/wp-json\/wp\/v2\/product\/6627","targetHints":{"allow":["GET"]}}],"collection":[{"href":"https:\/\/ofertacular.com\/index.php\/wp-json\/wp\/v2\/product"}],"about":[{"href":"https:\/\/ofertacular.com\/index.php\/wp-json\/wp\/v2\/types\/product"}],"wp:featuredmedia":[{"embeddable":true,"href":"https:\/\/ofertacular.com\/index.php\/wp-json\/wp\/v2\/media\/6626"}],"wp:attachment":[{"href":"https:\/\/ofertacular.com\/index.php\/wp-json\/wp\/v2\/media?parent=6627"}],"wp:term":[{"taxonomy":"store","embeddable":true,"href":"https:\/\/ofertacular.com\/index.php\/wp-json\/wp\/v2\/store?post=6627"},{"taxonomy":"product_brand","embeddable":true,"href":"https:\/\/ofertacular.com\/index.php\/wp-json\/wp\/v2\/product_brand?post=6627"},{"taxonomy":"product_cat","embeddable":true,"href":"https:\/\/ofertacular.com\/index.php\/wp-json\/wp\/v2\/product_cat?post=6627"},{"taxonomy":"product_tag","embeddable":true,"href":"https:\/\/ofertacular.com\/index.php\/wp-json\/wp\/v2\/product_tag?post=6627"}],"curies":[{"name":"wp","href":"https:\/\/api.w.org\/{rel}","templated":true}]}}