{"id":6633,"date":"2025-07-21T10:52:43","date_gmt":"2025-07-21T08:52:43","guid":{"rendered":"https:\/\/ofertacular.com\/index.php\/producto\/geox-sandal\/"},"modified":"2025-07-21T10:52:43","modified_gmt":"2025-07-21T08:52:43","slug":"geox-sandal","status":"publish","type":"product","link":"https:\/\/ofertacular.com\/index.php\/producto\/geox-sandal\/","title":{"rendered":"Geox Sandal"},"content":{"rendered":"<div class=\"oferta-container\">\n<p>\ud83d\udfe5 <b>REBAJA<\/b> \ud83d\udfe5 #Publicidad #Amazon #16<\/p>\n<p>\ud83d\udd34 <b>Sandalias Geox <\/b><\/p>\n<p>\u2705 <b>AHORA 26.95 \u20ac<\/b> \u2714\ufe0f\ud83d\udfe1<\/p>\n<p>\u274c Antes 30.25 \u20ac<\/p>\n<p>\ud83d\uded2: <a href=\"https:\/\/btz.es\/4R9AzXv\" target=\"_blank\" rel=\"nofollow noopener\">https:\/\/btz.es\/4R9AzXv<\/a><\/p>\n<p>Las sandalias Geox son la elecci\u00f3n perfecta para quienes valoran la comodidad y el estilo en su calzado de verano. Dise\u00f1adas con tecnolog\u00eda innovadora de transpiraci\u00f3n, estas sandalias permiten que tus pies respiren durante todo el d\u00eda, evitando la sensaci\u00f3n de calor y humedad que puede generar el calzado tradicional. Adem\u00e1s, la suela de goma antideslizante ofrece una excelente tracci\u00f3n sobre diferentes superficies, garantizando seguridad y estabilidad en cada paso.<\/p>\n<p>Fabricadas con materiales de alta calidad, las sandalias Geox combinan durabilidad y confort, lo que las convierte en una inversi\u00f3n a largo plazo para tu armario. Su dise\u00f1o vers\u00e1til se adapta tanto a un look casual como a uno m\u00e1s elegante, permiti\u00e9ndote usarlas en diversas ocasiones, desde un paseo por la ciudad hasta un d\u00eda en la playa. Est\u00e1n disponibles en varios colores y tallas, asegurando que encuentres el par ideal para ti.<\/p>\n<p>Estas sandalias cuentan con un cierre ajustable que facilita su colocaci\u00f3n y ajuste, brindando un soporte adecuado al pie sin comprometer la comodidad. La plantilla ergon\u00f3mica distribuye el peso de manera uniforme, reduciendo la fatiga y mejorando el bienestar durante todo el d\u00eda. Gracias a su ligereza, son ideales para quienes buscan un calzado pr\u00e1ctico y funcional.<\/p>\n<p>Si buscas unas sandalias que combinen estilo, comodidad y tecnolog\u00eda avanzada, las sandalias Geox son tu mejor opci\u00f3n. Perfectas para el verano, estos zapatos destacan por su dise\u00f1o moderno y funcionalidad, haciendo que cada paso sea una experiencia agradable. No renuncies al confort ni a la moda; elige Geox y siente la diferencia en cada caminata.<\/p>\n<\/p><\/div>\n","protected":false},"excerpt":{"rendered":"<p>\ud83d\udfe5 REBAJA \ud83d\udfe5 #Publicidad #Amazon #16 \ud83d\udd34 Sandalias Geox \u2705 AHORA 26.95 \u20ac \u2714\ufe0f\ud83d\udfe1 \u274c Antes 30.25 \u20ac \ud83d\uded2: https:\/\/btz.es\/4R9AzXv Las sandalias Geox son la elecci\u00f3n perfecta para quienes valoran la comodidad y el estilo en su calzado de verano. Dise\u00f1adas con tecnolog\u00eda innovadora de transpiraci\u00f3n, estas sandalias permiten que tus pies respiren durante todo [&hellip;]<\/p>\n","protected":false},"featured_media":6632,"template":"","meta":{"_gspb_post_css":""},"store":[],"product_brand":[],"product_cat":[16],"product_tag":[],"class_list":{"0":"post-6633","1":"product","2":"type-product","3":"status-publish","4":"has-post-thumbnail","6":"product_cat-sin-categorizar","8":"first","9":"instock","10":"sale","11":"shipping-taxable","12":"product-type-external"},"jetpack_sharing_enabled":true,"_links":{"self":[{"href":"https:\/\/ofertacular.com\/index.php\/wp-json\/wp\/v2\/product\/6633","targetHints":{"allow":["GET"]}}],"collection":[{"href":"https:\/\/ofertacular.com\/index.php\/wp-json\/wp\/v2\/product"}],"about":[{"href":"https:\/\/ofertacular.com\/index.php\/wp-json\/wp\/v2\/types\/product"}],"wp:featuredmedia":[{"embeddable":true,"href":"https:\/\/ofertacular.com\/index.php\/wp-json\/wp\/v2\/media\/6632"}],"wp:attachment":[{"href":"https:\/\/ofertacular.com\/index.php\/wp-json\/wp\/v2\/media?parent=6633"}],"wp:term":[{"taxonomy":"store","embeddable":true,"href":"https:\/\/ofertacular.com\/index.php\/wp-json\/wp\/v2\/store?post=6633"},{"taxonomy":"product_brand","embeddable":true,"href":"https:\/\/ofertacular.com\/index.php\/wp-json\/wp\/v2\/product_brand?post=6633"},{"taxonomy":"product_cat","embeddable":true,"href":"https:\/\/ofertacular.com\/index.php\/wp-json\/wp\/v2\/product_cat?post=6633"},{"taxonomy":"product_tag","embeddable":true,"href":"https:\/\/ofertacular.com\/index.php\/wp-json\/wp\/v2\/product_tag?post=6633"}],"curies":[{"name":"wp","href":"https:\/\/api.w.org\/{rel}","templated":true}]}}