{"id":6637,"date":"2025-07-21T17:05:15","date_gmt":"2025-07-21T15:05:15","guid":{"rendered":"https:\/\/ofertacular.com\/index.php\/producto\/amstel-cerveza\/"},"modified":"2025-07-21T17:05:15","modified_gmt":"2025-07-21T15:05:15","slug":"amstel-cerveza","status":"publish","type":"product","link":"https:\/\/ofertacular.com\/index.php\/producto\/amstel-cerveza\/","title":{"rendered":"Amstel Cerveza"},"content":{"rendered":"<div class=\"oferta-container\">\n<p>\ud83d\udfe5 <b>UNA GANGA<\/b> \ud83d\udfe5 #Publicidad #Amazon #16<\/p>\n<p>\ud83d\udd34 <b>Cerveza Amstel <\/b><\/p>\n<p>\u2705 <b>AHORA 5.15 \u20ac<\/b> \u2714\ufe0f\ud83d\udfe1<\/p>\n<p>\u274c Antes 5.40 \u20ac<\/p>\n<p>\ud83d\uded2: <a href=\"https:\/\/btz.es\/4RBgmF7\" target=\"_blank\" rel=\"nofollow noopener\">https:\/\/btz.es\/4RBgmF7<\/a><\/p>\n<p>Descubre la aut\u00e9ntica experiencia cervecera con la Cerveza Amstel, una bebida que ha conquistado paladares alrededor del mundo por su sabor refrescante y calidad insuperable. Amstel es una cerveza que combina tradici\u00f3n y modernidad, ofreciendo un equilibrio perfecto entre cuerpo y sabor. Su elaboraci\u00f3n cuidadosa y el uso de ingredientes seleccionados garantizan una bebida de alta calidad que se adapta a cualquier ocasi\u00f3n.<\/p>\n<p>La Cerveza Amstel destaca por su cuerpo ligero y su espuma cremosa, que la hacen ideal para disfrutar en reuniones sociales, comidas o simplemente para relajarte despu\u00e9s de un d\u00eda largo. Adem\u00e1s, su sabor ligeramente amargo y refrescante hace que sea una opci\u00f3n preferida tanto por expertos en cerveza como por aquellos que buscan una bebida f\u00e1cil de disfrutar.<\/p>\n<p>Gracias a su versatilidad, la Cerveza Amstel se puede maridar con una gran variedad de platos, desde tapas y aperitivos hasta carnes y pescados, potenciando los sabores y haciendo que cada comida sea una experiencia memorable. Su contenido alcoh\u00f3lico equilibrado la convierte en una opci\u00f3n segura para quienes desean disfrutar sin excesos.<\/p>\n<p>Amstel tambi\u00e9n se presenta en diferentes formatos, adapt\u00e1ndose a tus necesidades: desde botellas individuales hasta packs para compartir. Su dise\u00f1o elegante y reconocible la convierte en una excelente opci\u00f3n para regalos o para eventos especiales.<\/p>\n<p>No solo es una bebida, sino una invitaci\u00f3n a disfrutar cada momento con calidad y sabor. La Cerveza Amstel es m\u00e1s que una cerveza, es una declaraci\u00f3n de buen gusto y tradici\u00f3n cervecera que no puedes dejar pasar. Atr\u00e9vete a descubrir por qu\u00e9 millones de personas en todo el mundo la eligen y conv\u00e9ncete de que la mejor calidad y sabor est\u00e1n al alcance de tu mano con Amstel.<\/p>\n<\/p><\/div>\n","protected":false},"excerpt":{"rendered":"<p>\ud83d\udfe5 UNA GANGA \ud83d\udfe5 #Publicidad #Amazon #16 \ud83d\udd34 Cerveza Amstel \u2705 AHORA 5.15 \u20ac \u2714\ufe0f\ud83d\udfe1 \u274c Antes 5.40 \u20ac \ud83d\uded2: https:\/\/btz.es\/4RBgmF7 Descubre la aut\u00e9ntica experiencia cervecera con la Cerveza Amstel, una bebida que ha conquistado paladares alrededor del mundo por su sabor refrescante y calidad insuperable. Amstel es una cerveza que combina tradici\u00f3n y modernidad, [&hellip;]<\/p>\n","protected":false},"featured_media":6636,"template":"","meta":{"_gspb_post_css":""},"store":[],"product_brand":[],"product_cat":[16],"product_tag":[],"class_list":{"0":"post-6637","1":"product","2":"type-product","3":"status-publish","4":"has-post-thumbnail","6":"product_cat-sin-categorizar","8":"first","9":"instock","10":"sale","11":"shipping-taxable","12":"product-type-external"},"jetpack_sharing_enabled":true,"_links":{"self":[{"href":"https:\/\/ofertacular.com\/index.php\/wp-json\/wp\/v2\/product\/6637","targetHints":{"allow":["GET"]}}],"collection":[{"href":"https:\/\/ofertacular.com\/index.php\/wp-json\/wp\/v2\/product"}],"about":[{"href":"https:\/\/ofertacular.com\/index.php\/wp-json\/wp\/v2\/types\/product"}],"wp:featuredmedia":[{"embeddable":true,"href":"https:\/\/ofertacular.com\/index.php\/wp-json\/wp\/v2\/media\/6636"}],"wp:attachment":[{"href":"https:\/\/ofertacular.com\/index.php\/wp-json\/wp\/v2\/media?parent=6637"}],"wp:term":[{"taxonomy":"store","embeddable":true,"href":"https:\/\/ofertacular.com\/index.php\/wp-json\/wp\/v2\/store?post=6637"},{"taxonomy":"product_brand","embeddable":true,"href":"https:\/\/ofertacular.com\/index.php\/wp-json\/wp\/v2\/product_brand?post=6637"},{"taxonomy":"product_cat","embeddable":true,"href":"https:\/\/ofertacular.com\/index.php\/wp-json\/wp\/v2\/product_cat?post=6637"},{"taxonomy":"product_tag","embeddable":true,"href":"https:\/\/ofertacular.com\/index.php\/wp-json\/wp\/v2\/product_tag?post=6637"}],"curies":[{"name":"wp","href":"https:\/\/api.w.org\/{rel}","templated":true}]}}