{"id":6649,"date":"2025-07-22T10:42:42","date_gmt":"2025-07-22T08:42:42","guid":{"rendered":"https:\/\/ofertacular.com\/index.php\/producto\/ms-marvel-2\/"},"modified":"2025-07-22T10:42:42","modified_gmt":"2025-07-22T08:42:42","slug":"ms-marvel-2","status":"publish","type":"product","link":"https:\/\/ofertacular.com\/index.php\/producto\/ms-marvel-2\/","title":{"rendered":"Ms. Marvel"},"content":{"rendered":"<div class=\"oferta-container\">\ud83d\udfea <b>EXCLUSIVO<\/b> \ud83d\udfea #Publicidad #Amazon<\/p>\n<p>\ud83d\udfe3 <b> Funko POP! Marvel: Ms. Marvel Kamala Khan<\/b> <\/p>\n<p>\u2705 <b>AHORA 4.8 \u20ac<\/b> \u2714\ufe0f\ud83d\udfe1<br \/>\n\u274c Antes 16.00 \u20ac \u20ac <\/p>\n<p>\ud83d\uded2: https:\/\/btz.es\/4RFy0cI\ud83d\udfe2 <\/p>\n<p>Ofertacular.com<\/p>\n<p>Descubre el Funko POP! Marvel de Ms. Marvel, una figura \u00fanica que representa a Kamala Khan, la joven superhero\u00edna que ha capturado la atenci\u00f3n de fans en todo el mundo. Esta figura de vinilo coleccionable es ideal para los amantes del c\u00f3mic y del universo Marvel, perfecta para exhibir en tu colecci\u00f3n. Con detalles fieles al personaje original, esta figura es un regalo ideal para coleccionistas y fans de todas las edades. Eleva tu colecci\u00f3n con esta pieza oficial y autentica de Ms. Marvel.<\/p>\n<\/div>\n","protected":false},"excerpt":{"rendered":"<p>\ud83d\udfea EXCLUSIVO \ud83d\udfea #Publicidad #Amazon \ud83d\udfe3 Funko POP! Marvel: Ms. Marvel Kamala Khan \u2705 AHORA 4.8 \u20ac \u2714\ufe0f\ud83d\udfe1 \u274c Antes 16.00 \u20ac \u20ac \ud83d\uded2: https:\/\/btz.es\/4RFy0cI\ud83d\udfe2 Ofertacular.com Descubre el Funko POP! Marvel de Ms. Marvel, una figura \u00fanica que representa a Kamala Khan, la joven superhero\u00edna que ha capturado la atenci\u00f3n de fans en todo el [&hellip;]<\/p>\n","protected":false},"featured_media":6648,"template":"","meta":{"_gspb_post_css":""},"store":[],"product_brand":[],"product_cat":[16],"product_tag":[],"class_list":{"0":"post-6649","1":"product","2":"type-product","3":"status-publish","4":"has-post-thumbnail","6":"product_cat-sin-categorizar","8":"first","9":"instock","10":"sale","11":"shipping-taxable","12":"product-type-external"},"jetpack_sharing_enabled":true,"_links":{"self":[{"href":"https:\/\/ofertacular.com\/index.php\/wp-json\/wp\/v2\/product\/6649","targetHints":{"allow":["GET"]}}],"collection":[{"href":"https:\/\/ofertacular.com\/index.php\/wp-json\/wp\/v2\/product"}],"about":[{"href":"https:\/\/ofertacular.com\/index.php\/wp-json\/wp\/v2\/types\/product"}],"wp:featuredmedia":[{"embeddable":true,"href":"https:\/\/ofertacular.com\/index.php\/wp-json\/wp\/v2\/media\/6648"}],"wp:attachment":[{"href":"https:\/\/ofertacular.com\/index.php\/wp-json\/wp\/v2\/media?parent=6649"}],"wp:term":[{"taxonomy":"store","embeddable":true,"href":"https:\/\/ofertacular.com\/index.php\/wp-json\/wp\/v2\/store?post=6649"},{"taxonomy":"product_brand","embeddable":true,"href":"https:\/\/ofertacular.com\/index.php\/wp-json\/wp\/v2\/product_brand?post=6649"},{"taxonomy":"product_cat","embeddable":true,"href":"https:\/\/ofertacular.com\/index.php\/wp-json\/wp\/v2\/product_cat?post=6649"},{"taxonomy":"product_tag","embeddable":true,"href":"https:\/\/ofertacular.com\/index.php\/wp-json\/wp\/v2\/product_tag?post=6649"}],"curies":[{"name":"wp","href":"https:\/\/api.w.org\/{rel}","templated":true}]}}