{"id":6678,"date":"2025-07-23T09:40:28","date_gmt":"2025-07-23T07:40:28","guid":{"rendered":"https:\/\/ofertacular.com\/index.php\/producto\/chino-shorts\/"},"modified":"2025-07-23T09:40:28","modified_gmt":"2025-07-23T07:40:28","slug":"chino-shorts","status":"publish","type":"product","link":"https:\/\/ofertacular.com\/index.php\/producto\/chino-shorts\/","title":{"rendered":"Chino Shorts"},"content":{"rendered":"<div class=\"oferta-container\">\n<p>\ud83d\udfe5 <b>DESCUENTAZO<\/b> \ud83d\udfe5 #Publicidad #Amazon #16<\/p>\n<p>\ud83d\udd34 <b>Shorts Chino <\/b><\/p>\n<p>\u2705 <b>AHORA 15.8 \u20ac<\/b> \u2714\ufe0f\ud83d\udfe1<\/p>\n<p>\u274c Antes 20.10 \u20ac<\/p>\n<p>\ud83d\uded2: <a href=\"https:\/\/btz.es\/4RKZru7\" target=\"_blank\" rel=\"nofollow noopener\">https:\/\/btz.es\/4RKZru7<\/a><\/p>\n<p>Los Shorts Chino representan la combinaci\u00f3n perfecta entre estilo y comodidad, indispensables para cualquier armario masculino. Fabricados con materiales de alta calidad, estos shorts ofrecen una textura suave y duradera que se adapta a diversas ocasiones, desde casuales hasta semi-formales. Su dise\u00f1o cl\u00e1sico y moderno a la vez, con un corte preciso y detalles bien acabados, los convierte en una prenda muy vers\u00e1til para el estilo cotidiano. Disponibles en una amplia gama de colores neutros y vibrantes, los Shorts Chino permiten m\u00faltiples combinaciones con camisetas, polos o camisas, adapt\u00e1ndose a tu estilo personal y al clima de temporada.<\/p>\n<p>Gracias a su tela ligera pero resistente, estos shorts garantizan frescura y libertad de movimiento en los d\u00edas c\u00e1lidos, perfectos para el verano o escapadas de fin de semana. Adem\u00e1s, cuentan con bolsillos funcionales que a\u00f1aden practicidad sin sacrificar el dise\u00f1o elegante. Son f\u00e1ciles de cuidar y mantener, ideales para uso diario. <\/p>\n<p>Si buscas shorts que te ofrezcan una apariencia pulida sin renunciar al confort, los Shorts Chino son una excelente opci\u00f3n. Su versatilidad te permitir\u00e1 crear outfits casuales, urbanos o incluso un look m\u00e1s sofisticado con solo cambiar los complementos. Adem\u00e1s, su confecci\u00f3n con atenci\u00f3n al detalle asegura una prenda que mantendr\u00e1 su forma y color lavado tras lavado. <\/p>\n<p>Incorpora los Shorts Chino en tu vestuario y descubre c\u00f3mo elevan tu estilo con un toque cl\u00e1sico y moderno, combinando funcionalidad y tendencia. Perfectos para hombres que valoran la calidad, el dise\u00f1o y la comodidad en prendas de verano.<\/p>\n<\/p><\/div>\n","protected":false},"excerpt":{"rendered":"<p>\ud83d\udfe5 DESCUENTAZO \ud83d\udfe5 #Publicidad #Amazon #16 \ud83d\udd34 Shorts Chino \u2705 AHORA 15.8 \u20ac \u2714\ufe0f\ud83d\udfe1 \u274c Antes 20.10 \u20ac \ud83d\uded2: https:\/\/btz.es\/4RKZru7 Los Shorts Chino representan la combinaci\u00f3n perfecta entre estilo y comodidad, indispensables para cualquier armario masculino. Fabricados con materiales de alta calidad, estos shorts ofrecen una textura suave y duradera que se adapta a diversas [&hellip;]<\/p>\n","protected":false},"featured_media":6677,"template":"","meta":{"_gspb_post_css":""},"store":[],"product_brand":[],"product_cat":[16],"product_tag":[],"class_list":{"0":"post-6678","1":"product","2":"type-product","3":"status-publish","4":"has-post-thumbnail","6":"product_cat-sin-categorizar","8":"first","9":"instock","10":"sale","11":"shipping-taxable","12":"product-type-external"},"jetpack_sharing_enabled":true,"_links":{"self":[{"href":"https:\/\/ofertacular.com\/index.php\/wp-json\/wp\/v2\/product\/6678","targetHints":{"allow":["GET"]}}],"collection":[{"href":"https:\/\/ofertacular.com\/index.php\/wp-json\/wp\/v2\/product"}],"about":[{"href":"https:\/\/ofertacular.com\/index.php\/wp-json\/wp\/v2\/types\/product"}],"wp:featuredmedia":[{"embeddable":true,"href":"https:\/\/ofertacular.com\/index.php\/wp-json\/wp\/v2\/media\/6677"}],"wp:attachment":[{"href":"https:\/\/ofertacular.com\/index.php\/wp-json\/wp\/v2\/media?parent=6678"}],"wp:term":[{"taxonomy":"store","embeddable":true,"href":"https:\/\/ofertacular.com\/index.php\/wp-json\/wp\/v2\/store?post=6678"},{"taxonomy":"product_brand","embeddable":true,"href":"https:\/\/ofertacular.com\/index.php\/wp-json\/wp\/v2\/product_brand?post=6678"},{"taxonomy":"product_cat","embeddable":true,"href":"https:\/\/ofertacular.com\/index.php\/wp-json\/wp\/v2\/product_cat?post=6678"},{"taxonomy":"product_tag","embeddable":true,"href":"https:\/\/ofertacular.com\/index.php\/wp-json\/wp\/v2\/product_tag?post=6678"}],"curies":[{"name":"wp","href":"https:\/\/api.w.org\/{rel}","templated":true}]}}