{"id":6688,"date":"2025-07-23T10:24:01","date_gmt":"2025-07-23T08:24:01","guid":{"rendered":"https:\/\/ofertacular.com\/index.php\/producto\/draeger-taza\/"},"modified":"2025-07-23T10:24:01","modified_gmt":"2025-07-23T08:24:01","slug":"draeger-taza","status":"publish","type":"product","link":"https:\/\/ofertacular.com\/index.php\/producto\/draeger-taza\/","title":{"rendered":"DRAEGER Taza"},"content":{"rendered":"<div class=\"oferta-container\">\n<p>\ud83d\udfe5 <b>\u00a1S\u00d3LO HOY!<\/b> \ud83d\udfe5 #Publicidad #Amazon #16<\/p>\n<p>\ud83d\udd34 <b>Taza Draeger <\/b><\/p>\n<p>\u2705 <b>AHORA 4.95 \u20ac<\/b> \u2714\ufe0f\ud83d\udfe1<\/p>\n<p>\u274c Antes 11.99 \u20ac<\/p>\n<p>\ud83d\uded2: <a href=\"https:\/\/btz.es\/4RLkpgP\" target=\"_blank\" rel=\"nofollow noopener\">https:\/\/btz.es\/4RLkpgP<\/a><\/p>\n<p>Descubre la taza Draeger, un accesorio imprescindible para los amantes del caf\u00e9 y las bebidas calientes que valoran la calidad y el dise\u00f1o. Esta taza, elaborada con materiales de alta resistencia, garantiza durabilidad y un uso prolongado incluso en las condiciones m\u00e1s exigentes. Su tama\u00f1o y forma est\u00e1n pensados para ofrecer una experiencia c\u00f3moda y placentera, permiti\u00e9ndote disfrutar de tu bebida favorita a cualquier hora del d\u00eda.<\/p>\n<p>Perfecta para uso diario en casa, la oficina o al aire libre, la taza Draeger destaca por su capacidad t\u00e9rmica que mantiene el calor por m\u00e1s tiempo, asegurando que cada sorbo sea tan c\u00e1lido y delicioso como el primero. Adem\u00e1s, su dise\u00f1o ergon\u00f3mico permite un agarre seguro, evitando derrames y facilitando su manipulaci\u00f3n.<\/p>\n<p>Esta taza es ideal no solo para caf\u00e9, sino tambi\u00e9n para t\u00e9, chocolate caliente y otras bebidas calientes, convirti\u00e9ndola en un complemento vers\u00e1til para tu rutina diaria. Adem\u00e1s, su est\u00e9tica sobria y elegante encaja perfectamente en cualquier cocina o espacio de trabajo, aportando un toque de estilo y distinci\u00f3n.<\/p>\n<p>Las palabras clave m\u00e1s relevantes para los amantes de este producto son taza de caf\u00e9, taza resistente, taza t\u00e9rmica, taza con dise\u00f1o ergon\u00f3mico y taza para bebidas calientes.<\/p>\n<p>Adquiere ahora la taza Draeger y mejora tu experiencia al disfrutar de tus bebidas calientes preferidas con un producto dise\u00f1ado para ofrecer funcionalidad, confort y estilo en cada uso. No te pierdas la oportunidad de tener un accesorio que combina calidad y elegancia en un solo producto.<\/p>\n<\/p><\/div>\n","protected":false},"excerpt":{"rendered":"<p>\ud83d\udfe5 \u00a1S\u00d3LO HOY! \ud83d\udfe5 #Publicidad #Amazon #16 \ud83d\udd34 Taza Draeger \u2705 AHORA 4.95 \u20ac \u2714\ufe0f\ud83d\udfe1 \u274c Antes 11.99 \u20ac \ud83d\uded2: https:\/\/btz.es\/4RLkpgP Descubre la taza Draeger, un accesorio imprescindible para los amantes del caf\u00e9 y las bebidas calientes que valoran la calidad y el dise\u00f1o. Esta taza, elaborada con materiales de alta resistencia, garantiza durabilidad y [&hellip;]<\/p>\n","protected":false},"featured_media":6687,"template":"","meta":{"_gspb_post_css":""},"store":[],"product_brand":[],"product_cat":[16],"product_tag":[],"class_list":{"0":"post-6688","1":"product","2":"type-product","3":"status-publish","4":"has-post-thumbnail","6":"product_cat-sin-categorizar","8":"first","9":"instock","10":"sale","11":"shipping-taxable","12":"product-type-external"},"jetpack_sharing_enabled":true,"_links":{"self":[{"href":"https:\/\/ofertacular.com\/index.php\/wp-json\/wp\/v2\/product\/6688","targetHints":{"allow":["GET"]}}],"collection":[{"href":"https:\/\/ofertacular.com\/index.php\/wp-json\/wp\/v2\/product"}],"about":[{"href":"https:\/\/ofertacular.com\/index.php\/wp-json\/wp\/v2\/types\/product"}],"wp:featuredmedia":[{"embeddable":true,"href":"https:\/\/ofertacular.com\/index.php\/wp-json\/wp\/v2\/media\/6687"}],"wp:attachment":[{"href":"https:\/\/ofertacular.com\/index.php\/wp-json\/wp\/v2\/media?parent=6688"}],"wp:term":[{"taxonomy":"store","embeddable":true,"href":"https:\/\/ofertacular.com\/index.php\/wp-json\/wp\/v2\/store?post=6688"},{"taxonomy":"product_brand","embeddable":true,"href":"https:\/\/ofertacular.com\/index.php\/wp-json\/wp\/v2\/product_brand?post=6688"},{"taxonomy":"product_cat","embeddable":true,"href":"https:\/\/ofertacular.com\/index.php\/wp-json\/wp\/v2\/product_cat?post=6688"},{"taxonomy":"product_tag","embeddable":true,"href":"https:\/\/ofertacular.com\/index.php\/wp-json\/wp\/v2\/product_tag?post=6688"}],"curies":[{"name":"wp","href":"https:\/\/api.w.org\/{rel}","templated":true}]}}