{"id":6700,"date":"2025-07-23T10:45:06","date_gmt":"2025-07-23T08:45:06","guid":{"rendered":"https:\/\/ofertacular.com\/index.php\/producto\/grsta-botella\/"},"modified":"2025-07-23T10:45:06","modified_gmt":"2025-07-23T08:45:06","slug":"grsta-botella","status":"publish","type":"product","link":"https:\/\/ofertacular.com\/index.php\/producto\/grsta-botella\/","title":{"rendered":"Grsta Botella"},"content":{"rendered":"<div class=\"oferta-container\">\n<p>\ud83d\udfe5 <b>CHOLLAZO<\/b> \ud83d\udfe5 #Publicidad #Amazon #16<\/p>\n<p>\ud83d\udd34 <b>Botella Grsta <\/b><\/p>\n<p>\u2705 <b>AHORA 9.9 \u20ac<\/b> \u2714\ufe0f\ud83d\udfe1<\/p>\n<p>\u274c Antes 10.48 \u20ac<\/p>\n<p>\ud83d\uded2: <a href=\"https:\/\/btz.es\/4RLp7ev\" target=\"_blank\" rel=\"nofollow noopener\">https:\/\/btz.es\/4RLp7ev<\/a><\/p>\n<p>Descubre la botella Grsta, un producto dise\u00f1ado para aquellos que buscan calidad y estilo en cada sorbo. Esta botella se destaca por su resistencia y durabilidad, perfectas para acompa\u00f1arte en todas tus aventuras diarias, desde la oficina hasta actividades al aire libre. La botella Grsta est\u00e1 fabricada con materiales de primera calidad, que garantizan la conservaci\u00f3n \u00f3ptima de tus bebidas, manteni\u00e9ndolas frescas por m\u00e1s tiempo gracias a su tecnolog\u00eda de aislamiento t\u00e9rmico. Su dise\u00f1o ergon\u00f3mico no solo facilita su transporte, sino que tambi\u00e9n aporta un toque moderno y elegante que la convierte en un accesorio imprescindible.<\/p>\n<p>Ya sea que prefieras agua, jugos naturales o infusiones, la botella Grsta es perfecta para mantener la hidrataci\u00f3n constante a lo largo del d\u00eda. Adem\u00e1s, su cierre herm\u00e9tico evita cualquier tipo de derrame, brind\u00e1ndote confianza y comodidad al llevarla en tu mochila o bolso.<\/p>\n<p>Ideal para deportistas, viajeros y cualquier persona que valore la funcionalidad combinada con un dise\u00f1o atractivo. La botella Grsta es f\u00e1cil de limpiar, lo que asegura una higiene adecuada, y su tama\u00f1o compacto la hace compatible con la mayor\u00eda de portavasos. Opta por la botella Grsta y disfruta de un producto que combina tecnolog\u00eda avanzada y estilo, para que puedas mantener un estilo de vida saludable y activo sin preocupaciones.<\/p>\n<\/p><\/div>\n","protected":false},"excerpt":{"rendered":"<p>\ud83d\udfe5 CHOLLAZO \ud83d\udfe5 #Publicidad #Amazon #16 \ud83d\udd34 Botella Grsta \u2705 AHORA 9.9 \u20ac \u2714\ufe0f\ud83d\udfe1 \u274c Antes 10.48 \u20ac \ud83d\uded2: https:\/\/btz.es\/4RLp7ev Descubre la botella Grsta, un producto dise\u00f1ado para aquellos que buscan calidad y estilo en cada sorbo. Esta botella se destaca por su resistencia y durabilidad, perfectas para acompa\u00f1arte en todas tus aventuras diarias, desde [&hellip;]<\/p>\n","protected":false},"featured_media":6699,"template":"","meta":{"_gspb_post_css":""},"store":[],"product_brand":[],"product_cat":[16],"product_tag":[],"class_list":{"0":"post-6700","1":"product","2":"type-product","3":"status-publish","4":"has-post-thumbnail","6":"product_cat-sin-categorizar","8":"first","9":"instock","10":"sale","11":"shipping-taxable","12":"product-type-external"},"jetpack_sharing_enabled":true,"_links":{"self":[{"href":"https:\/\/ofertacular.com\/index.php\/wp-json\/wp\/v2\/product\/6700","targetHints":{"allow":["GET"]}}],"collection":[{"href":"https:\/\/ofertacular.com\/index.php\/wp-json\/wp\/v2\/product"}],"about":[{"href":"https:\/\/ofertacular.com\/index.php\/wp-json\/wp\/v2\/types\/product"}],"wp:featuredmedia":[{"embeddable":true,"href":"https:\/\/ofertacular.com\/index.php\/wp-json\/wp\/v2\/media\/6699"}],"wp:attachment":[{"href":"https:\/\/ofertacular.com\/index.php\/wp-json\/wp\/v2\/media?parent=6700"}],"wp:term":[{"taxonomy":"store","embeddable":true,"href":"https:\/\/ofertacular.com\/index.php\/wp-json\/wp\/v2\/store?post=6700"},{"taxonomy":"product_brand","embeddable":true,"href":"https:\/\/ofertacular.com\/index.php\/wp-json\/wp\/v2\/product_brand?post=6700"},{"taxonomy":"product_cat","embeddable":true,"href":"https:\/\/ofertacular.com\/index.php\/wp-json\/wp\/v2\/product_cat?post=6700"},{"taxonomy":"product_tag","embeddable":true,"href":"https:\/\/ofertacular.com\/index.php\/wp-json\/wp\/v2\/product_tag?post=6700"}],"curies":[{"name":"wp","href":"https:\/\/api.w.org\/{rel}","templated":true}]}}