{"id":6720,"date":"2025-07-25T09:46:54","date_gmt":"2025-07-25T07:46:54","guid":{"rendered":"https:\/\/ofertacular.com\/index.php\/producto\/adidas-training-3\/"},"modified":"2025-07-25T09:46:54","modified_gmt":"2025-07-25T07:46:54","slug":"adidas-training-3","status":"publish","type":"product","link":"https:\/\/ofertacular.com\/index.php\/producto\/adidas-training-3\/","title":{"rendered":"adidas Training"},"content":{"rendered":"<div class=\"oferta-container\">\n<p>\ud83d\udfe5 <b>ES UN CHOLL\u00d3N<\/b> \ud83d\udfe5 #Publicidad #Amazon #16<\/p>\n<p>\ud83d\udd34 <b>Training adidas <\/b><\/p>\n<p>\u2705 <b>AHORA 12.49 \u20ac<\/b> \u2714\ufe0f\ud83d\udfe1<\/p>\n<p>\u274c Antes 20.00 \u20ac<\/p>\n<p>\ud83d\uded2: <a href=\"https:\/\/btz.es\/4RWHWLv\" target=\"_blank\" rel=\"nofollow noopener\">https:\/\/btz.es\/4RWHWLv<\/a><\/p>\n<p>Descubre la excelencia en el entrenamiento con los productos Adidas Training, dise\u00f1ados espec\u00edficamente para ofrecer un rendimiento superior y comodidad excepcional durante tus sesiones de ejercicio. Adidas es una marca reconocida mundialmente por su innovaci\u00f3n en ropa y equipamiento deportivo, y su l\u00ednea Training no es la excepci\u00f3n. Estos productos est\u00e1n fabricados con materiales de alta calidad que garantizan durabilidad, transpirabilidad y flexibilidad, lo que facilita tus movimientos y mejora tu rendimiento.<\/p>\n<p>Ya sea que busques ropa deportiva, calzado o accesorios, Adidas Training ofrece una amplia variedad que se adapta a diferentes tipos de entrenamientos, desde actividades de alta intensidad hasta sesiones de yoga o pilates. Su tecnolog\u00eda avanzada, como la tecnolog\u00eda Climalite que regula la humedad, te mantiene seco y c\u00f3modo durante todo el entrenamiento.<\/p>\n<p>Adem\u00e1s, el dise\u00f1o moderno y atractivo de Adidas Training te permite combinar funcionalidad y estilo, haciendo que te sientas seguro y motivado para alcanzar tus objetivos fitness. Los productos incluyen desde camisetas, pantalones cortos, sudaderas, hasta zapatillas deportivas que proporcionan un soporte \u00f3ptimo y una amortiguaci\u00f3n eficaz.<\/p>\n<p>Invertir en Adidas Training significa apostar por calidad, innovaci\u00f3n y confianza en cada paso de tu rutina deportiva. Optimiza tu rendimiento, mejora tu resistencia y disfruta de un confort sin igual con esta l\u00ednea que comprende las necesidades de atletas y aficionados al deporte por igual.<\/p>\n<p>Palabras clave: ropa deportiva Adidas, equipo de entrenamiento Adidas, calzado deportivo Adidas, tecnolog\u00eda Climalite Adidas, prendas transpirables, ropa fitness, equipamiento deportivo, ropa para gimnasio, zapatillas Adidas Training.<\/p>\n<\/p><\/div>\n","protected":false},"excerpt":{"rendered":"<p>\ud83d\udfe5 ES UN CHOLL\u00d3N \ud83d\udfe5 #Publicidad #Amazon #16 \ud83d\udd34 Training adidas \u2705 AHORA 12.49 \u20ac \u2714\ufe0f\ud83d\udfe1 \u274c Antes 20.00 \u20ac \ud83d\uded2: https:\/\/btz.es\/4RWHWLv Descubre la excelencia en el entrenamiento con los productos Adidas Training, dise\u00f1ados espec\u00edficamente para ofrecer un rendimiento superior y comodidad excepcional durante tus sesiones de ejercicio. Adidas es una marca reconocida mundialmente por [&hellip;]<\/p>\n","protected":false},"featured_media":6719,"template":"","meta":{"_gspb_post_css":""},"store":[],"product_brand":[],"product_cat":[16],"product_tag":[],"class_list":{"0":"post-6720","1":"product","2":"type-product","3":"status-publish","4":"has-post-thumbnail","6":"product_cat-sin-categorizar","8":"first","9":"instock","10":"sale","11":"shipping-taxable","12":"product-type-external"},"jetpack_sharing_enabled":true,"_links":{"self":[{"href":"https:\/\/ofertacular.com\/index.php\/wp-json\/wp\/v2\/product\/6720","targetHints":{"allow":["GET"]}}],"collection":[{"href":"https:\/\/ofertacular.com\/index.php\/wp-json\/wp\/v2\/product"}],"about":[{"href":"https:\/\/ofertacular.com\/index.php\/wp-json\/wp\/v2\/types\/product"}],"wp:featuredmedia":[{"embeddable":true,"href":"https:\/\/ofertacular.com\/index.php\/wp-json\/wp\/v2\/media\/6719"}],"wp:attachment":[{"href":"https:\/\/ofertacular.com\/index.php\/wp-json\/wp\/v2\/media?parent=6720"}],"wp:term":[{"taxonomy":"store","embeddable":true,"href":"https:\/\/ofertacular.com\/index.php\/wp-json\/wp\/v2\/store?post=6720"},{"taxonomy":"product_brand","embeddable":true,"href":"https:\/\/ofertacular.com\/index.php\/wp-json\/wp\/v2\/product_brand?post=6720"},{"taxonomy":"product_cat","embeddable":true,"href":"https:\/\/ofertacular.com\/index.php\/wp-json\/wp\/v2\/product_cat?post=6720"},{"taxonomy":"product_tag","embeddable":true,"href":"https:\/\/ofertacular.com\/index.php\/wp-json\/wp\/v2\/product_tag?post=6720"}],"curies":[{"name":"wp","href":"https:\/\/api.w.org\/{rel}","templated":true}]}}