{"id":6730,"date":"2025-07-25T10:23:58","date_gmt":"2025-07-25T08:23:58","guid":{"rendered":"https:\/\/ofertacular.com\/index.php\/producto\/only-shorts-2\/"},"modified":"2025-07-25T10:23:58","modified_gmt":"2025-07-25T08:23:58","slug":"only-shorts-2","status":"publish","type":"product","link":"https:\/\/ofertacular.com\/index.php\/producto\/only-shorts-2\/","title":{"rendered":"ONLY Shorts"},"content":{"rendered":"<div class=\"oferta-container\">\n<p>\ud83d\udfe5 <b>DESCUENTAZO<\/b> \ud83d\udfe5 #Publicidad #Amazon #16<\/p>\n<p>\ud83d\udd34 <b>Shorts Hombre <\/b><\/p>\n<p>\u2705 <b>AHORA 11.99 \u20ac<\/b> \u2714\ufe0f\ud83d\udfe1<\/p>\n<p>\u274c Antes 24.99 \u20ac<\/p>\n<p>\ud83d\uded2: <a href=\"https:\/\/btz.es\/4RWRrNQ\" target=\"_blank\" rel=\"nofollow noopener\">https:\/\/btz.es\/4RWRrNQ<\/a><\/p>\n<p>Descubre los shorts para hombre que combinan estilo, comodidad y funcionalidad en un solo producto. Estos shorts est\u00e1n dise\u00f1ados pensando en la versatilidad, ideales tanto para actividades deportivas como para un look casual en el d\u00eda a d\u00eda. Elaborados con materiales de alta calidad, aseguran durabilidad y resistencia al desgaste, perfectos para enfrentar cualquier desaf\u00edo al aire libre o en el gimnasio.<\/p>\n<p>Los shorts para hombre ofrecen una excelente transpirabilidad gracias a sus tejidos t\u00e9cnicos que facilitan la evacuaci\u00f3n del sudor, manteni\u00e9ndote fresco y seco durante todo el d\u00eda. Adem\u00e1s, cuentan con un dise\u00f1o ergon\u00f3mico que permite libertad de movimiento, ideal para correr, hacer senderismo o cualquier otra actividad f\u00edsica que requiera agilidad y comodidad.<\/p>\n<p>Su corte moderno se adapta a diferentes estilos y ocasiones, desde un paseo por la ciudad hasta un entrenamiento intenso. Puedes combinarlos f\u00e1cilmente con camisetas deportivas, polos o incluso camisas informales para un look relajado pero cuidado. La variedad de colores y tallas disponibles garantiza que encontraras el par perfecto que mejor se ajuste a tu gusto y necesidades.<\/p>\n<p>Estos shorts incluyen detalles funcionales como bolsillos seguros para llevar tus objetos personales con tranquilidad, y cinturas el\u00e1sticas o ajustables para un ajuste personalizado. El balance entre dise\u00f1o y funcionalidad hace que estos shorts sean una prenda imprescindible en el armario de cualquier hombre activo y con estilo.<\/p>\n<p>Comprar shorts para hombre es una inversi\u00f3n en confort y moda, aportando versatilidad y estilo a tus prendas de vestir sin sacrificar la practicidad. Si buscas shorts duraderos, c\u00f3modos y con un dise\u00f1o atractivo, esta opci\u00f3n es perfecta para ti. Aprovecha la oportunidad de renovar tu guardarropa con estos shorts que ofrecen lo mejor en t\u00e9rminos de calidad, estilo y rendimiento.<\/p>\n<\/p><\/div>\n","protected":false},"excerpt":{"rendered":"<p>\ud83d\udfe5 DESCUENTAZO \ud83d\udfe5 #Publicidad #Amazon #16 \ud83d\udd34 Shorts Hombre \u2705 AHORA 11.99 \u20ac \u2714\ufe0f\ud83d\udfe1 \u274c Antes 24.99 \u20ac \ud83d\uded2: https:\/\/btz.es\/4RWRrNQ Descubre los shorts para hombre que combinan estilo, comodidad y funcionalidad en un solo producto. Estos shorts est\u00e1n dise\u00f1ados pensando en la versatilidad, ideales tanto para actividades deportivas como para un look casual en el [&hellip;]<\/p>\n","protected":false},"featured_media":6729,"template":"","meta":{"_gspb_post_css":""},"store":[],"product_brand":[],"product_cat":[16],"product_tag":[],"class_list":{"0":"post-6730","1":"product","2":"type-product","3":"status-publish","4":"has-post-thumbnail","6":"product_cat-sin-categorizar","8":"first","9":"instock","10":"sale","11":"shipping-taxable","12":"product-type-external"},"jetpack_sharing_enabled":true,"_links":{"self":[{"href":"https:\/\/ofertacular.com\/index.php\/wp-json\/wp\/v2\/product\/6730","targetHints":{"allow":["GET"]}}],"collection":[{"href":"https:\/\/ofertacular.com\/index.php\/wp-json\/wp\/v2\/product"}],"about":[{"href":"https:\/\/ofertacular.com\/index.php\/wp-json\/wp\/v2\/types\/product"}],"wp:featuredmedia":[{"embeddable":true,"href":"https:\/\/ofertacular.com\/index.php\/wp-json\/wp\/v2\/media\/6729"}],"wp:attachment":[{"href":"https:\/\/ofertacular.com\/index.php\/wp-json\/wp\/v2\/media?parent=6730"}],"wp:term":[{"taxonomy":"store","embeddable":true,"href":"https:\/\/ofertacular.com\/index.php\/wp-json\/wp\/v2\/store?post=6730"},{"taxonomy":"product_brand","embeddable":true,"href":"https:\/\/ofertacular.com\/index.php\/wp-json\/wp\/v2\/product_brand?post=6730"},{"taxonomy":"product_cat","embeddable":true,"href":"https:\/\/ofertacular.com\/index.php\/wp-json\/wp\/v2\/product_cat?post=6730"},{"taxonomy":"product_tag","embeddable":true,"href":"https:\/\/ofertacular.com\/index.php\/wp-json\/wp\/v2\/product_tag?post=6730"}],"curies":[{"name":"wp","href":"https:\/\/api.w.org\/{rel}","templated":true}]}}