{"id":6754,"date":"2025-07-26T09:59:13","date_gmt":"2025-07-26T07:59:13","guid":{"rendered":"https:\/\/ofertacular.com\/index.php\/producto\/fluorescente-marcador\/"},"modified":"2025-07-26T09:59:13","modified_gmt":"2025-07-26T07:59:13","slug":"fluorescente-marcador","status":"publish","type":"product","link":"https:\/\/ofertacular.com\/index.php\/producto\/fluorescente-marcador\/","title":{"rendered":"Fluorescente Marcador"},"content":{"rendered":"<div class=\"oferta-container\">\n<p>\ud83d\udfe5 <b>EXCLUSIVO<\/b> \ud83d\udfe5 #Publicidad #Amazon #9<\/p>\n<p>\ud83d\udd34 <b>Marcador Fluorescente <\/b><\/p>\n<p>\u2705 <b>AHORA 5.06 \u20ac<\/b> \u2714\ufe0f\ud83d\udfe1<\/p>\n<p>\u274c Antes 9.38 \u20ac<\/p>\n<p>\ud83d\uded2: <a href=\"https:\/\/btz.es\/4ScB9Ja\" target=\"_blank\" rel=\"nofollow noopener\">https:\/\/btz.es\/4ScB9Ja<\/a><\/p>\n<p>Descubre el marcador fluorescente ideal para resaltar tus textos y notas con colores vibrantes y duraderos. Este marcador est\u00e1 dise\u00f1ado para ofrecer una tinta de alta calidad que se seca r\u00e1pido y no se corre, garantizando que tus escritos luzcan siempre impecables y legibles. Perfecto para estudiantes, profesionales y cualquier persona que quiera organizar su informaci\u00f3n visualmente. Su dise\u00f1o ergon\u00f3mico proporciona un agarre c\u00f3modo, facilitando largas sesiones de estudio o trabajo sin fatiga. Adem\u00e1s, su punta biselada permite crear l\u00edneas tanto finas como gruesas, adapt\u00e1ndose a diferentes necesidades de subrayado y decoraci\u00f3n. Compatible con todo tipo de papel, desde hojas de libreta hasta cartulinas y documentos importantes, asegurando versatilidad en su uso. Este marcador fluorescente es un accesorio imprescindible para mejorar la productividad y el enfoque en cualquier tarea que requiera atenci\u00f3n al detalle. Adem\u00e1s, su tinta contiene pigmentos fluorescentes que ofrecen una visibilidad excepcional incluso con poca luz, haciendo que tus anotaciones destaquen de manera \u00fanica.<\/p>\n<\/p><\/div>\n","protected":false},"excerpt":{"rendered":"<p>\ud83d\udfe5 EXCLUSIVO \ud83d\udfe5 #Publicidad #Amazon #9 \ud83d\udd34 Marcador Fluorescente \u2705 AHORA 5.06 \u20ac \u2714\ufe0f\ud83d\udfe1 \u274c Antes 9.38 \u20ac \ud83d\uded2: https:\/\/btz.es\/4ScB9Ja Descubre el marcador fluorescente ideal para resaltar tus textos y notas con colores vibrantes y duraderos. Este marcador est\u00e1 dise\u00f1ado para ofrecer una tinta de alta calidad que se seca r\u00e1pido y no se corre, [&hellip;]<\/p>\n","protected":false},"featured_media":6753,"template":"","meta":{"_gspb_post_css":""},"store":[],"product_brand":[],"product_cat":[16],"product_tag":[],"class_list":{"0":"post-6754","1":"product","2":"type-product","3":"status-publish","4":"has-post-thumbnail","6":"product_cat-sin-categorizar","8":"first","9":"instock","10":"sale","11":"shipping-taxable","12":"product-type-external"},"jetpack_sharing_enabled":true,"_links":{"self":[{"href":"https:\/\/ofertacular.com\/index.php\/wp-json\/wp\/v2\/product\/6754","targetHints":{"allow":["GET"]}}],"collection":[{"href":"https:\/\/ofertacular.com\/index.php\/wp-json\/wp\/v2\/product"}],"about":[{"href":"https:\/\/ofertacular.com\/index.php\/wp-json\/wp\/v2\/types\/product"}],"wp:featuredmedia":[{"embeddable":true,"href":"https:\/\/ofertacular.com\/index.php\/wp-json\/wp\/v2\/media\/6753"}],"wp:attachment":[{"href":"https:\/\/ofertacular.com\/index.php\/wp-json\/wp\/v2\/media?parent=6754"}],"wp:term":[{"taxonomy":"store","embeddable":true,"href":"https:\/\/ofertacular.com\/index.php\/wp-json\/wp\/v2\/store?post=6754"},{"taxonomy":"product_brand","embeddable":true,"href":"https:\/\/ofertacular.com\/index.php\/wp-json\/wp\/v2\/product_brand?post=6754"},{"taxonomy":"product_cat","embeddable":true,"href":"https:\/\/ofertacular.com\/index.php\/wp-json\/wp\/v2\/product_cat?post=6754"},{"taxonomy":"product_tag","embeddable":true,"href":"https:\/\/ofertacular.com\/index.php\/wp-json\/wp\/v2\/product_tag?post=6754"}],"curies":[{"name":"wp","href":"https:\/\/api.w.org\/{rel}","templated":true}]}}