{"id":6764,"date":"2025-07-28T07:42:36","date_gmt":"2025-07-28T05:42:36","guid":{"rendered":"https:\/\/ofertacular.com\/index.php\/producto\/adidas-run-2\/"},"modified":"2025-07-28T07:42:36","modified_gmt":"2025-07-28T05:42:36","slug":"adidas-run-2","status":"publish","type":"product","link":"https:\/\/ofertacular.com\/index.php\/producto\/adidas-run-2\/","title":{"rendered":"adidas Run"},"content":{"rendered":"<div class=\"oferta-container\">\n<p>\ud83d\udfe5 <b>\u00a1OFERT\u00d3N!<\/b> \ud83d\udfe5 #Publicidad #Amazon #16<\/p>\n<p>\ud83d\udd34 <b>Zapatillas Running <\/b><\/p>\n<p>\u2705 <b>AHORA 29.99 \u20ac<\/b> \u2714\ufe0f\ud83d\udfe1<\/p>\n<p>\u274c Antes 50.00 \u20ac<\/p>\n<p>\ud83d\uded2: <a href=\"https:\/\/btz.es\/4SnKoIy\" target=\"_blank\" rel=\"nofollow noopener\">https:\/\/btz.es\/4SnKoIy<\/a><\/p>\n<p>Descubre las Zapatillas Running adidas, dise\u00f1adas para ofrecer el m\u00e1ximo rendimiento y comodidad en cada carrera. Estas zapatillas combinan la innovaci\u00f3n tecnol\u00f3gica de adidas con un dise\u00f1o moderno y funcional, ideales para corredores iniciados y avanzados que buscan mejorar su experiencia deportiva.<\/p>\n<p>Fabricadas con materiales de alta calidad, las Zapatillas Running adidas cuentan con una parte superior transpirable que mantiene tus pies frescos y secos durante largas sesiones de entrenamiento. La suela de goma proporciona un excelente agarre y durabilidad, garantizando estabilidad en diferentes superficies.<\/p>\n<p>Gracias a la amortiguaci\u00f3n Boost, cada pisada se convierte en una sensaci\u00f3n de energ\u00eda y retorno, reduciendo el impacto y protegiendo tus articulaciones. Adem\u00e1s, su dise\u00f1o ergon\u00f3mico se adapta perfectamente a la forma del pie, asegurando un ajuste c\u00f3modo y seguro.<\/p>\n<p>Estas Zapatillas Running adidas no solo son eficientes, sino tambi\u00e9n estilizadas. Disponibles en varios colores y tallas, se adaptan a diferentes gustos y necesidades. Ya sea que entrenes en asfalto, cinta o senderos, estos zapatos deportivos te acompa\u00f1ar\u00e1n en cada paso.<\/p>\n<p>Invertir en las Zapatillas Running adidas significa apostar por calidad, tecnolog\u00eda y estilo. Perfectas para cualquier corredor que valore el confort y la durabilidad en su calzado. No esperes m\u00e1s para experimentar la diferencia que adidas puede hacer en tu rendimiento deportivo.<\/p>\n<\/p><\/div>\n","protected":false},"excerpt":{"rendered":"<p>\ud83d\udfe5 \u00a1OFERT\u00d3N! \ud83d\udfe5 #Publicidad #Amazon #16 \ud83d\udd34 Zapatillas Running \u2705 AHORA 29.99 \u20ac \u2714\ufe0f\ud83d\udfe1 \u274c Antes 50.00 \u20ac \ud83d\uded2: https:\/\/btz.es\/4SnKoIy Descubre las Zapatillas Running adidas, dise\u00f1adas para ofrecer el m\u00e1ximo rendimiento y comodidad en cada carrera. Estas zapatillas combinan la innovaci\u00f3n tecnol\u00f3gica de adidas con un dise\u00f1o moderno y funcional, ideales para corredores iniciados y [&hellip;]<\/p>\n","protected":false},"featured_media":6763,"template":"","meta":{"_gspb_post_css":""},"store":[],"product_brand":[],"product_cat":[16],"product_tag":[],"class_list":{"0":"post-6764","1":"product","2":"type-product","3":"status-publish","4":"has-post-thumbnail","6":"product_cat-sin-categorizar","8":"first","9":"instock","10":"sale","11":"shipping-taxable","12":"product-type-external"},"jetpack_sharing_enabled":true,"_links":{"self":[{"href":"https:\/\/ofertacular.com\/index.php\/wp-json\/wp\/v2\/product\/6764","targetHints":{"allow":["GET"]}}],"collection":[{"href":"https:\/\/ofertacular.com\/index.php\/wp-json\/wp\/v2\/product"}],"about":[{"href":"https:\/\/ofertacular.com\/index.php\/wp-json\/wp\/v2\/types\/product"}],"wp:featuredmedia":[{"embeddable":true,"href":"https:\/\/ofertacular.com\/index.php\/wp-json\/wp\/v2\/media\/6763"}],"wp:attachment":[{"href":"https:\/\/ofertacular.com\/index.php\/wp-json\/wp\/v2\/media?parent=6764"}],"wp:term":[{"taxonomy":"store","embeddable":true,"href":"https:\/\/ofertacular.com\/index.php\/wp-json\/wp\/v2\/store?post=6764"},{"taxonomy":"product_brand","embeddable":true,"href":"https:\/\/ofertacular.com\/index.php\/wp-json\/wp\/v2\/product_brand?post=6764"},{"taxonomy":"product_cat","embeddable":true,"href":"https:\/\/ofertacular.com\/index.php\/wp-json\/wp\/v2\/product_cat?post=6764"},{"taxonomy":"product_tag","embeddable":true,"href":"https:\/\/ofertacular.com\/index.php\/wp-json\/wp\/v2\/product_tag?post=6764"}],"curies":[{"name":"wp","href":"https:\/\/api.w.org\/{rel}","templated":true}]}}