{"id":6772,"date":"2025-07-29T10:38:24","date_gmt":"2025-07-29T08:38:24","guid":{"rendered":"https:\/\/ofertacular.com\/index.php\/producto\/adidas-shoes-8\/"},"modified":"2025-07-29T10:38:24","modified_gmt":"2025-07-29T08:38:24","slug":"adidas-shoes-8","status":"publish","type":"product","link":"https:\/\/ofertacular.com\/index.php\/producto\/adidas-shoes-8\/","title":{"rendered":"adidas Shoes"},"content":{"rendered":"<div class=\"oferta-container\">\n<p>\ud83d\udfe5 <b>UNA GANGA<\/b> \ud83d\udfe5 #Publicidad #Amazon #16<\/p>\n<p>\ud83d\udd34 <b> <\/b><\/p>\n<p>\u2705 <b>AHORA 27.45 \u20ac<\/b> \u2714\ufe0f\ud83d\udfe1<\/p>\n<p>\u274c Antes 55.00 \u20ac<\/p>\n<p>\ud83d\uded2: <a href=\"https:\/\/btz.es\/4SutaRR\" target=\"_blank\" rel=\"nofollow noopener\">https:\/\/btz.es\/4SutaRR<\/a><\/p>\n<p>Descubre la excelencia en calzado deportivo con los Zapatos adidas, creados para ofrecer comodidad, rendimiento y estilo en cada paso. adidas, una marca l\u00edder mundial en ropa y accesorios deportivos, combina innovaci\u00f3n tecnol\u00f3gica y dise\u00f1o moderno para satisfacer las necesidades tanto de atletas profesionales como de aficionados al deporte.<\/p>\n<p>Estos zapatos adidas est\u00e1n fabricados con materiales de alta calidad que garantizan durabilidad y transpirabilidad, ideales para entrenamientos intensos, carrera o uso diario. Gracias a su suela especialmente dise\u00f1ada, proporcionan un agarre superior y una amortiguaci\u00f3n eficiente que reduce el impacto en las articulaciones, promoviendo un rendimiento \u00f3ptimo y previniendo lesiones.<\/p>\n<p>El dise\u00f1o vers\u00e1til de los zapatos adidas se adapta a m\u00faltiples estilos deportivos y casuales, lo que permite combinarlos f\u00e1cilmente con diversas prendas. Adem\u00e1s, su ligereza y ajuste ergon\u00f3mico brindan una sensaci\u00f3n de segunda piel que mejora la experiencia de uso incluso en largas jornadas.<\/p>\n<p>Incluyen tecnolog\u00edas exclusivas de adidas, como la mediasuela Boost o la amortiguaci\u00f3n Cloudfoam, que maximizan la energ\u00eda retornada y contribuyen a una pisada m\u00e1s din\u00e1mica. Estos detalles t\u00e9cnicos hacen de los zapatos adidas una elecci\u00f3n perfecta para correr, entrenar en el gimnasio o simplemente para el d\u00eda a d\u00eda.<\/p>\n<p>Comprar zapatos adidas online te ofrece la ventaja de acceder a modelos exclusivos y novedades de temporada que llegan directamente desde el cat\u00e1logo oficial de la marca. Adem\u00e1s, el proceso de compra es sencillo y seguro, con opciones de pago flexibles y env\u00edo r\u00e1pido.<\/p>\n<p>No pierdas la oportunidad de mejorar tu rendimiento y estilo con los zapatos adidas, un producto que combina funcionalidad y moda deportiva. Incorporar estos zapatos a tu outfit es sin\u00f3nimo de calidad, innovaci\u00f3n y confort, respaldado por una marca reconocida mundialmente en el \u00e1mbito deportivo.<\/p>\n<\/p><\/div>\n","protected":false},"excerpt":{"rendered":"<p>\ud83d\udfe5 UNA GANGA \ud83d\udfe5 #Publicidad #Amazon #16 \ud83d\udd34 \u2705 AHORA 27.45 \u20ac \u2714\ufe0f\ud83d\udfe1 \u274c Antes 55.00 \u20ac \ud83d\uded2: https:\/\/btz.es\/4SutaRR Descubre la excelencia en calzado deportivo con los Zapatos adidas, creados para ofrecer comodidad, rendimiento y estilo en cada paso. adidas, una marca l\u00edder mundial en ropa y accesorios deportivos, combina innovaci\u00f3n tecnol\u00f3gica y dise\u00f1o moderno [&hellip;]<\/p>\n","protected":false},"featured_media":6771,"template":"","meta":{"_gspb_post_css":""},"store":[],"product_brand":[],"product_cat":[16],"product_tag":[],"class_list":{"0":"post-6772","1":"product","2":"type-product","3":"status-publish","4":"has-post-thumbnail","6":"product_cat-sin-categorizar","8":"first","9":"instock","10":"sale","11":"shipping-taxable","12":"product-type-external"},"jetpack_sharing_enabled":true,"_links":{"self":[{"href":"https:\/\/ofertacular.com\/index.php\/wp-json\/wp\/v2\/product\/6772","targetHints":{"allow":["GET"]}}],"collection":[{"href":"https:\/\/ofertacular.com\/index.php\/wp-json\/wp\/v2\/product"}],"about":[{"href":"https:\/\/ofertacular.com\/index.php\/wp-json\/wp\/v2\/types\/product"}],"wp:featuredmedia":[{"embeddable":true,"href":"https:\/\/ofertacular.com\/index.php\/wp-json\/wp\/v2\/media\/6771"}],"wp:attachment":[{"href":"https:\/\/ofertacular.com\/index.php\/wp-json\/wp\/v2\/media?parent=6772"}],"wp:term":[{"taxonomy":"store","embeddable":true,"href":"https:\/\/ofertacular.com\/index.php\/wp-json\/wp\/v2\/store?post=6772"},{"taxonomy":"product_brand","embeddable":true,"href":"https:\/\/ofertacular.com\/index.php\/wp-json\/wp\/v2\/product_brand?post=6772"},{"taxonomy":"product_cat","embeddable":true,"href":"https:\/\/ofertacular.com\/index.php\/wp-json\/wp\/v2\/product_cat?post=6772"},{"taxonomy":"product_tag","embeddable":true,"href":"https:\/\/ofertacular.com\/index.php\/wp-json\/wp\/v2\/product_tag?post=6772"}],"curies":[{"name":"wp","href":"https:\/\/api.w.org\/{rel}","templated":true}]}}