{"id":6774,"date":"2025-07-30T07:25:34","date_gmt":"2025-07-30T05:25:34","guid":{"rendered":"https:\/\/ofertacular.com\/index.php\/producto\/oscal-smartphone-3\/"},"modified":"2025-07-30T07:25:34","modified_gmt":"2025-07-30T05:25:34","slug":"oscal-smartphone-3","status":"publish","type":"product","link":"https:\/\/ofertacular.com\/index.php\/producto\/oscal-smartphone-3\/","title":{"rendered":"OSCAL Smartphone"},"content":{"rendered":"<div class=\"oferta-container\">\n<p>\ud83d\udfe5 <b>UNA GANGA<\/b> \ud83d\udfe5 #Publicidad #Amazon #16<\/p>\n<p>\ud83d\udd34 <b>Smartphone OSCAL <\/b><\/p>\n<p>\u2705 <b>AHORA 69.99 \u20ac<\/b> \u2714\ufe0f\ud83d\udfe1<\/p>\n<p>\u274c Antes 79.99 \u20ac<\/p>\n<p>\ud83d\uded2: <a href=\"https:\/\/btz.es\/4SzwZQK\" target=\"_blank\" rel=\"nofollow noopener\">https:\/\/btz.es\/4SzwZQK<\/a><\/p>\n<p>Descubre el Smartphone OSCAL, un dispositivo que combina tecnolog\u00eda avanzada y dise\u00f1o elegante para ofrecer una experiencia m\u00f3vil inigualable. Este smartphone est\u00e1 dise\u00f1ado para usuarios que buscan rendimiento, calidad de imagen y durabilidad en un solo equipo. Con una pantalla de alta resoluci\u00f3n, procesador potente y bater\u00eda de larga duraci\u00f3n, el OSCAL es ideal tanto para el uso diario como para demandas m\u00e1s exigentes.<\/p>\n<p>La c\u00e1mara del Smartphone OSCAL destaca por su capacidad para capturar fotos n\u00edtidas y vibrantes, permiti\u00e9ndote inmortalizar cada momento con una claridad sorprendente. Adem\u00e1s, su sistema operativo optimizado garantiza una navegaci\u00f3n fluida y accesible, adapt\u00e1ndose a todas tus necesidades.<\/p>\n<p>En cuanto al dise\u00f1o, el OSCAL presenta un cuerpo compacto y estilizado que facilita su manejo y transporte. Sus materiales resistentes aseguran una mayor protecci\u00f3n ante golpes y ca\u00eddas, prolongando la vida \u00fatil del dispositivo.<\/p>\n<p>Si eres un amante de la conectividad, este smartphone cuenta con m\u00faltiples opciones para mantenerte siempre conectado, incluyendo soporte para redes 4G, Wi-Fi de alta velocidad y Bluetooth.<\/p>\n<p>Adem\u00e1s, su capacidad de almacenamiento te permite guardar todas tus aplicaciones, fotos, videos y documentos sin preocuparte por la falta de espacio.<\/p>\n<p>No pierdas la oportunidad de disfrutar de la combinaci\u00f3n perfecta entre tecnolog\u00eda y estilo con el Smartphone OSCAL. Descubre todas sus caracter\u00edsticas y beneficios, y haz tu compra hoy mismo para experimentar la diferencia que puede hacer un dispositivo pensado para superar tus expectativas.<\/p>\n<\/p><\/div>\n","protected":false},"excerpt":{"rendered":"<p>\ud83d\udfe5 UNA GANGA \ud83d\udfe5 #Publicidad #Amazon #16 \ud83d\udd34 Smartphone OSCAL \u2705 AHORA 69.99 \u20ac \u2714\ufe0f\ud83d\udfe1 \u274c Antes 79.99 \u20ac \ud83d\uded2: https:\/\/btz.es\/4SzwZQK Descubre el Smartphone OSCAL, un dispositivo que combina tecnolog\u00eda avanzada y dise\u00f1o elegante para ofrecer una experiencia m\u00f3vil inigualable. Este smartphone est\u00e1 dise\u00f1ado para usuarios que buscan rendimiento, calidad de imagen y durabilidad en [&hellip;]<\/p>\n","protected":false},"featured_media":6773,"template":"","meta":{"_gspb_post_css":""},"store":[],"product_brand":[],"product_cat":[16],"product_tag":[],"class_list":{"0":"post-6774","1":"product","2":"type-product","3":"status-publish","4":"has-post-thumbnail","6":"product_cat-sin-categorizar","8":"first","9":"instock","10":"sale","11":"shipping-taxable","12":"product-type-external"},"jetpack_sharing_enabled":true,"_links":{"self":[{"href":"https:\/\/ofertacular.com\/index.php\/wp-json\/wp\/v2\/product\/6774","targetHints":{"allow":["GET"]}}],"collection":[{"href":"https:\/\/ofertacular.com\/index.php\/wp-json\/wp\/v2\/product"}],"about":[{"href":"https:\/\/ofertacular.com\/index.php\/wp-json\/wp\/v2\/types\/product"}],"wp:featuredmedia":[{"embeddable":true,"href":"https:\/\/ofertacular.com\/index.php\/wp-json\/wp\/v2\/media\/6773"}],"wp:attachment":[{"href":"https:\/\/ofertacular.com\/index.php\/wp-json\/wp\/v2\/media?parent=6774"}],"wp:term":[{"taxonomy":"store","embeddable":true,"href":"https:\/\/ofertacular.com\/index.php\/wp-json\/wp\/v2\/store?post=6774"},{"taxonomy":"product_brand","embeddable":true,"href":"https:\/\/ofertacular.com\/index.php\/wp-json\/wp\/v2\/product_brand?post=6774"},{"taxonomy":"product_cat","embeddable":true,"href":"https:\/\/ofertacular.com\/index.php\/wp-json\/wp\/v2\/product_cat?post=6774"},{"taxonomy":"product_tag","embeddable":true,"href":"https:\/\/ofertacular.com\/index.php\/wp-json\/wp\/v2\/product_tag?post=6774"}],"curies":[{"name":"wp","href":"https:\/\/api.w.org\/{rel}","templated":true}]}}