{"id":6784,"date":"2025-07-30T07:42:22","date_gmt":"2025-07-30T05:42:22","guid":{"rendered":"https:\/\/ofertacular.com\/index.php\/producto\/nike-phantom\/"},"modified":"2025-07-30T07:42:22","modified_gmt":"2025-07-30T05:42:22","slug":"nike-phantom","status":"publish","type":"product","link":"https:\/\/ofertacular.com\/index.php\/producto\/nike-phantom\/","title":{"rendered":"NIKE Phantom"},"content":{"rendered":"<div class=\"oferta-container\">\n<p>\ud83d\udfe5 <b>REBAJA<\/b> \ud83d\udfe5 #Publicidad #Amazon #16<\/p>\n<p>\ud83d\udd34 <b>Botas f\u00fatbol <\/b><\/p>\n<p>\u2705 <b>AHORA 25 \u20ac<\/b> \u2714\ufe0f\ud83d\udfe1<\/p>\n<p>\u274c Antes 59.99 \u20ac<\/p>\n<p>\ud83d\uded2: <a href=\"https:\/\/btz.es\/4Sz1nv1\" target=\"_blank\" rel=\"nofollow noopener\">https:\/\/btz.es\/4Sz1nv1<\/a><\/p>\n<p>Las botas de f\u00fatbol NIKE Phantom est\u00e1n dise\u00f1adas para ofrecer un rendimiento superior en el campo. Concebidas con tecnolog\u00eda de punta, estas botas proporcionan un ajuste perfecto y una tracci\u00f3n incre\u00edble, ideales para jugadores que buscan precisi\u00f3n y velocidad. La suela din\u00e1micamente adaptada permite cambios \u00e1giles de direcci\u00f3n, mientras que el material sint\u00e9tico de alta calidad asegura durabilidad y comodidad durante todo el partido. Adem\u00e1s, su dise\u00f1o innovador y moderno no solo promete funcionalidad, sino que tambi\u00e9n entrega un estilo \u00fanico que atraer\u00e1 todas las miradas. Perfectas para jugadores amateur y profesionales, las NIKE Phantom son la opci\u00f3n ideal para quienes desean maximizar su potencial y jugar al m\u00e1ximo nivel. Ya sea en c\u00e9sped natural o campo artificial, estas botas aseguran un desempe\u00f1o \u00f3ptimo y una sensaci\u00f3n ligera en cada pisada. Opta por las NIKE Phantom si buscas botas de f\u00fatbol confiables, c\u00f3modas y con tecnolog\u00eda avanzada.<\/p>\n<\/p><\/div>\n","protected":false},"excerpt":{"rendered":"<p>\ud83d\udfe5 REBAJA \ud83d\udfe5 #Publicidad #Amazon #16 \ud83d\udd34 Botas f\u00fatbol \u2705 AHORA 25 \u20ac \u2714\ufe0f\ud83d\udfe1 \u274c Antes 59.99 \u20ac \ud83d\uded2: https:\/\/btz.es\/4Sz1nv1 Las botas de f\u00fatbol NIKE Phantom est\u00e1n dise\u00f1adas para ofrecer un rendimiento superior en el campo. Concebidas con tecnolog\u00eda de punta, estas botas proporcionan un ajuste perfecto y una tracci\u00f3n incre\u00edble, ideales para jugadores que [&hellip;]<\/p>\n","protected":false},"featured_media":6783,"template":"","meta":{"_gspb_post_css":""},"store":[],"product_brand":[],"product_cat":[16],"product_tag":[],"class_list":{"0":"post-6784","1":"product","2":"type-product","3":"status-publish","4":"has-post-thumbnail","6":"product_cat-sin-categorizar","8":"first","9":"instock","10":"sale","11":"shipping-taxable","12":"product-type-external"},"jetpack_sharing_enabled":true,"_links":{"self":[{"href":"https:\/\/ofertacular.com\/index.php\/wp-json\/wp\/v2\/product\/6784","targetHints":{"allow":["GET"]}}],"collection":[{"href":"https:\/\/ofertacular.com\/index.php\/wp-json\/wp\/v2\/product"}],"about":[{"href":"https:\/\/ofertacular.com\/index.php\/wp-json\/wp\/v2\/types\/product"}],"wp:featuredmedia":[{"embeddable":true,"href":"https:\/\/ofertacular.com\/index.php\/wp-json\/wp\/v2\/media\/6783"}],"wp:attachment":[{"href":"https:\/\/ofertacular.com\/index.php\/wp-json\/wp\/v2\/media?parent=6784"}],"wp:term":[{"taxonomy":"store","embeddable":true,"href":"https:\/\/ofertacular.com\/index.php\/wp-json\/wp\/v2\/store?post=6784"},{"taxonomy":"product_brand","embeddable":true,"href":"https:\/\/ofertacular.com\/index.php\/wp-json\/wp\/v2\/product_brand?post=6784"},{"taxonomy":"product_cat","embeddable":true,"href":"https:\/\/ofertacular.com\/index.php\/wp-json\/wp\/v2\/product_cat?post=6784"},{"taxonomy":"product_tag","embeddable":true,"href":"https:\/\/ofertacular.com\/index.php\/wp-json\/wp\/v2\/product_tag?post=6784"}],"curies":[{"name":"wp","href":"https:\/\/api.w.org\/{rel}","templated":true}]}}