{"id":6794,"date":"2025-07-30T09:15:58","date_gmt":"2025-07-30T07:15:58","guid":{"rendered":"https:\/\/ofertacular.com\/index.php\/producto\/adidas-vibes\/"},"modified":"2025-07-30T09:15:58","modified_gmt":"2025-07-30T07:15:58","slug":"adidas-vibes","status":"publish","type":"product","link":"https:\/\/ofertacular.com\/index.php\/producto\/adidas-vibes\/","title":{"rendered":"adidas Vibes"},"content":{"rendered":"<div class=\"oferta-container\">\n<p>\ud83d\udfe5 <b>DATE PRISA<\/b> \ud83d\udfe5 #Publicidad #Amazon #16<\/p>\n<p>\ud83d\udd34 <b>Zapatillas adidas <\/b><\/p>\n<p>\u2705 <b>AHORA 9.81 \u20ac<\/b> \u2714\ufe0f\ud83d\udfe1<\/p>\n<p>\u274c Antes 19.99 \u20ac<\/p>\n<p>\ud83d\uded2: <a href=\"https:\/\/btz.es\/4SzONaM\" target=\"_blank\" rel=\"nofollow noopener\">https:\/\/btz.es\/4SzONaM<\/a><\/p>\n<p>Las zapatillas adidas Vibes combinan estilo y comodidad para ofrecer un calzado vers\u00e1til ideal tanto para actividades deportivas como para el uso diario. Con un dise\u00f1o moderno y materiales de alta calidad, estas zapatillas destacan por su durabilidad y ajuste perfecto que garantiza un confort prolongado. Incorporan tecnolog\u00eda avanzada de amortiguaci\u00f3n que protege tus pies durante largas caminatas o entrenamientos intensos. Adem\u00e1s, su suela antideslizante proporciona una tracci\u00f3n \u00f3ptima en diversas superficies, brind\u00e1ndote seguridad en cada paso. Las adidas Vibes est\u00e1n disponibles en varios colores atractivos que se adaptan a tu estilo personal, haciendo que sean la elecci\u00f3n perfecta para quienes buscan un calzado que combine funcionalidad y moda. Gracias a su construcci\u00f3n liviana, estas zapatillas reducen la fatiga y permiten una movilidad natural, ideal para deportistas y amantes del fitness. No pierdas la oportunidad de disfrutar del equilibrio perfecto entre dise\u00f1o y rendimiento con las adidas Vibes, el calzado que elevar\u00e1 tu experiencia deportiva y diaria a un nuevo nivel. Adem\u00e1s, su plantilla acolchada mejora la ventilaci\u00f3n, manteniendo tus pies frescos durante todo el d\u00eda, mientras que el cierre seguro asegura un ajuste firme que evita deslizamientos. Descubre hoy mismo por qu\u00e9 las zapatillas adidas Vibes son la opci\u00f3n preferida para quienes valoran la calidad, el estilo y la innovaci\u00f3n en su calzado deportivo.<\/p>\n<\/p><\/div>\n","protected":false},"excerpt":{"rendered":"<p>\ud83d\udfe5 DATE PRISA \ud83d\udfe5 #Publicidad #Amazon #16 \ud83d\udd34 Zapatillas adidas \u2705 AHORA 9.81 \u20ac \u2714\ufe0f\ud83d\udfe1 \u274c Antes 19.99 \u20ac \ud83d\uded2: https:\/\/btz.es\/4SzONaM Las zapatillas adidas Vibes combinan estilo y comodidad para ofrecer un calzado vers\u00e1til ideal tanto para actividades deportivas como para el uso diario. Con un dise\u00f1o moderno y materiales de alta calidad, estas zapatillas [&hellip;]<\/p>\n","protected":false},"featured_media":6793,"template":"","meta":{"_gspb_post_css":""},"store":[],"product_brand":[],"product_cat":[16],"product_tag":[],"class_list":{"0":"post-6794","1":"product","2":"type-product","3":"status-publish","4":"has-post-thumbnail","6":"product_cat-sin-categorizar","8":"first","9":"instock","10":"sale","11":"shipping-taxable","12":"product-type-external"},"jetpack_sharing_enabled":true,"_links":{"self":[{"href":"https:\/\/ofertacular.com\/index.php\/wp-json\/wp\/v2\/product\/6794","targetHints":{"allow":["GET"]}}],"collection":[{"href":"https:\/\/ofertacular.com\/index.php\/wp-json\/wp\/v2\/product"}],"about":[{"href":"https:\/\/ofertacular.com\/index.php\/wp-json\/wp\/v2\/types\/product"}],"wp:featuredmedia":[{"embeddable":true,"href":"https:\/\/ofertacular.com\/index.php\/wp-json\/wp\/v2\/media\/6793"}],"wp:attachment":[{"href":"https:\/\/ofertacular.com\/index.php\/wp-json\/wp\/v2\/media?parent=6794"}],"wp:term":[{"taxonomy":"store","embeddable":true,"href":"https:\/\/ofertacular.com\/index.php\/wp-json\/wp\/v2\/store?post=6794"},{"taxonomy":"product_brand","embeddable":true,"href":"https:\/\/ofertacular.com\/index.php\/wp-json\/wp\/v2\/product_brand?post=6794"},{"taxonomy":"product_cat","embeddable":true,"href":"https:\/\/ofertacular.com\/index.php\/wp-json\/wp\/v2\/product_cat?post=6794"},{"taxonomy":"product_tag","embeddable":true,"href":"https:\/\/ofertacular.com\/index.php\/wp-json\/wp\/v2\/product_tag?post=6794"}],"curies":[{"name":"wp","href":"https:\/\/api.w.org\/{rel}","templated":true}]}}