{"id":6834,"date":"2025-07-31T07:43:28","date_gmt":"2025-07-31T05:43:28","guid":{"rendered":"https:\/\/ofertacular.com\/index.php\/producto\/springfield-camiseta-2\/"},"modified":"2025-07-31T07:43:28","modified_gmt":"2025-07-31T05:43:28","slug":"springfield-camiseta-2","status":"publish","type":"product","link":"https:\/\/ofertacular.com\/index.php\/producto\/springfield-camiseta-2\/","title":{"rendered":"Springfield Camiseta"},"content":{"rendered":"<div class=\"oferta-container\">\n<p>\ud83d\udfe5 <b>AHORRA AQU\u00cd<\/b> \ud83d\udfe5 #Publicidad #Amazon #16<\/p>\n<p>\ud83d\udd34 <b>Camiseta Springfield <\/b><\/p>\n<p>\u2705 <b>AHORA 5.99 \u20ac<\/b> \u2714\ufe0f\ud83d\udfe1<\/p>\n<p>\u274c Antes 15.99 \u20ac<\/p>\n<p>\ud83d\uded2: <a href=\"https:\/\/btz.es\/4S5sbMC\" target=\"_blank\" rel=\"nofollow noopener\">https:\/\/btz.es\/4S5sbMC<\/a><\/p>\n<p>Descubre la camiseta Springfield, una prenda esencial para cualquier guardarropa moderno. Esta camiseta combina perfectamente estilo y comodidad, ideal para quienes buscan una opci\u00f3n vers\u00e1til para el d\u00eda a d\u00eda. confeccionada con materiales de alta calidad, garantiza durabilidad y un tacto suave que se siente genial sobre la piel. Su dise\u00f1o atemporal permite combinarla f\u00e1cilmente con jeans, pantalones cortos o faldas, adapt\u00e1ndose a diferentes estilos y ocasiones.<\/p>\n<p>La camiseta Springfield est\u00e1 disponible en varias tallas y colores, lo que facilita encontrar la opci\u00f3n perfecta que se adapte a tus gustos y necesidades. Su corte cl\u00e1sico favorece a todo tipo de siluetas, proporcionando un look relajado pero cuidado.<\/p>\n<p>Este producto es ideal para quienes valoran la moda sin renunciar a la practicidad. Puedes usarla en salidas casuales, para un d\u00eda de trabajo informal o incluso para actividades al aire libre gracias a su tejido transpirable que aporta frescura durante todo el d\u00eda.<\/p>\n<p>Adem\u00e1s, la camiseta Springfield es f\u00e1cil de cuidar. Puede lavarse a m\u00e1quina sin perder su forma ni color, manteniendo su aspecto impecable lavado tras lavado. Es la elecci\u00f3n perfecta para renovar tu armario con una pieza que combina funcionalidad y estilo en cada uso.<\/p>\n<p>Incluye la camiseta Springfield en tu colecci\u00f3n y disfruta de una prenda que se convertir\u00e1 en tu favorita por su versatilidad y comodidad, aportando un toque de modernidad y sencillez a tu look diario.<\/p>\n<\/p><\/div>\n","protected":false},"excerpt":{"rendered":"<p>\ud83d\udfe5 AHORRA AQU\u00cd \ud83d\udfe5 #Publicidad #Amazon #16 \ud83d\udd34 Camiseta Springfield \u2705 AHORA 5.99 \u20ac \u2714\ufe0f\ud83d\udfe1 \u274c Antes 15.99 \u20ac \ud83d\uded2: https:\/\/btz.es\/4S5sbMC Descubre la camiseta Springfield, una prenda esencial para cualquier guardarropa moderno. Esta camiseta combina perfectamente estilo y comodidad, ideal para quienes buscan una opci\u00f3n vers\u00e1til para el d\u00eda a d\u00eda. confeccionada con materiales de [&hellip;]<\/p>\n","protected":false},"featured_media":6833,"template":"","meta":{"_gspb_post_css":""},"store":[],"product_brand":[],"product_cat":[16],"product_tag":[],"class_list":{"0":"post-6834","1":"product","2":"type-product","3":"status-publish","4":"has-post-thumbnail","6":"product_cat-sin-categorizar","8":"first","9":"instock","10":"sale","11":"shipping-taxable","12":"product-type-external"},"jetpack_sharing_enabled":true,"_links":{"self":[{"href":"https:\/\/ofertacular.com\/index.php\/wp-json\/wp\/v2\/product\/6834","targetHints":{"allow":["GET"]}}],"collection":[{"href":"https:\/\/ofertacular.com\/index.php\/wp-json\/wp\/v2\/product"}],"about":[{"href":"https:\/\/ofertacular.com\/index.php\/wp-json\/wp\/v2\/types\/product"}],"wp:featuredmedia":[{"embeddable":true,"href":"https:\/\/ofertacular.com\/index.php\/wp-json\/wp\/v2\/media\/6833"}],"wp:attachment":[{"href":"https:\/\/ofertacular.com\/index.php\/wp-json\/wp\/v2\/media?parent=6834"}],"wp:term":[{"taxonomy":"store","embeddable":true,"href":"https:\/\/ofertacular.com\/index.php\/wp-json\/wp\/v2\/store?post=6834"},{"taxonomy":"product_brand","embeddable":true,"href":"https:\/\/ofertacular.com\/index.php\/wp-json\/wp\/v2\/product_brand?post=6834"},{"taxonomy":"product_cat","embeddable":true,"href":"https:\/\/ofertacular.com\/index.php\/wp-json\/wp\/v2\/product_cat?post=6834"},{"taxonomy":"product_tag","embeddable":true,"href":"https:\/\/ofertacular.com\/index.php\/wp-json\/wp\/v2\/product_tag?post=6834"}],"curies":[{"name":"wp","href":"https:\/\/api.w.org\/{rel}","templated":true}]}}