{"id":6840,"date":"2025-08-01T08:43:50","date_gmt":"2025-08-01T06:43:50","guid":{"rendered":"https:\/\/ofertacular.com\/index.php\/producto\/gafas-polarizadas\/"},"modified":"2025-08-01T08:43:50","modified_gmt":"2025-08-01T06:43:50","slug":"gafas-polarizadas","status":"publish","type":"product","link":"https:\/\/ofertacular.com\/index.php\/producto\/gafas-polarizadas\/","title":{"rendered":"Gafas Polarizadas"},"content":{"rendered":"<div class=\"oferta-container\">\n<p>\ud83d\udfe5 <b>REBAJA<\/b> \ud83d\udfe5 #Publicidad #Amazon #16<\/p>\n<p>\ud83d\udd34 <b>Gafas Polarizadas <\/b><\/p>\n<p>\u2705 <b>AHORA 6.9 \u20ac<\/b> \u2714\ufe0f\ud83d\udfe1<\/p>\n<p>\u274c Antes 11.99 \u20ac<\/p>\n<p>\ud83d\uded2: <a href=\"https:\/\/btz.es\/4SBxK5U\" target=\"_blank\" rel=\"nofollow noopener\">https:\/\/btz.es\/4SBxK5U<\/a><\/p>\n<p>Descubre la \u00faltima innovaci\u00f3n en protecci\u00f3n ocular con nuestras Gafas Polarizadas, dise\u00f1adas para ofrecer una experiencia visual impecable y proteger tus ojos de los da\u00f1inos rayos UV y el reflejo molesto del sol. Estas gafas no solo mejoran significativamente la claridad y el contraste, sino que tambi\u00e9n reducen la fatiga ocular, lo que las convierte en el accesorio perfecto para actividades al aire libre como conducir, practicar deportes acu\u00e1ticos, pescar o simplemente disfrutar de un d\u00eda soleado en la ciudad.<\/p>\n<p>Dise\u00f1adas con materiales de alta calidad, nuestras gafas polarizadas cuentan con lentes especialmente tratados que bloquean los reflejos horizontales, eliminando los deslumbramientos causados por superficies planas como el agua, la nieve o el asfalto. Esto permite una visi\u00f3n m\u00e1s n\u00edtida y colores m\u00e1s vivos, mejorando as\u00ed tu seguridad y confort visual.<\/p>\n<p>Adem\u00e1s de su funcionalidad, estas gafas ofrecen un dise\u00f1o moderno y elegante, adecuado para cualquier ocasi\u00f3n. Son c\u00f3modas y ligeras, adapt\u00e1ndose perfectamente a la forma de tu rostro gracias a sus patillas flexibles y puentes nasales ergon\u00f3micos. Con una amplia variedad de estilos y colores, encontrar\u00e1s el par ideal que combine con tu estilo personal y necesidades espec\u00edficas.<\/p>\n<p>No importa si eres un aficionado de los deportes al aire libre, un conductor frecuente o simplemente buscas proteger tus ojos del sol, nuestras gafas polarizadas son la elecci\u00f3n \u00f3ptima para garantizar una visi\u00f3n saludable y sin distracciones. Aprovecha ahora y mejora tu experiencia visual con nuestras gafas polarizadas, el complemento esencial para cuidar de tu vista con estilo y protecci\u00f3n superior.<\/p>\n<\/p><\/div>\n","protected":false},"excerpt":{"rendered":"<p>\ud83d\udfe5 REBAJA \ud83d\udfe5 #Publicidad #Amazon #16 \ud83d\udd34 Gafas Polarizadas \u2705 AHORA 6.9 \u20ac \u2714\ufe0f\ud83d\udfe1 \u274c Antes 11.99 \u20ac \ud83d\uded2: https:\/\/btz.es\/4SBxK5U Descubre la \u00faltima innovaci\u00f3n en protecci\u00f3n ocular con nuestras Gafas Polarizadas, dise\u00f1adas para ofrecer una experiencia visual impecable y proteger tus ojos de los da\u00f1inos rayos UV y el reflejo molesto del sol. Estas gafas [&hellip;]<\/p>\n","protected":false},"featured_media":6839,"template":"","meta":{"_gspb_post_css":""},"store":[],"product_brand":[],"product_cat":[16],"product_tag":[],"class_list":{"0":"post-6840","1":"product","2":"type-product","3":"status-publish","4":"has-post-thumbnail","6":"product_cat-sin-categorizar","8":"first","9":"instock","10":"sale","11":"shipping-taxable","12":"product-type-external"},"jetpack_sharing_enabled":true,"_links":{"self":[{"href":"https:\/\/ofertacular.com\/index.php\/wp-json\/wp\/v2\/product\/6840","targetHints":{"allow":["GET"]}}],"collection":[{"href":"https:\/\/ofertacular.com\/index.php\/wp-json\/wp\/v2\/product"}],"about":[{"href":"https:\/\/ofertacular.com\/index.php\/wp-json\/wp\/v2\/types\/product"}],"wp:featuredmedia":[{"embeddable":true,"href":"https:\/\/ofertacular.com\/index.php\/wp-json\/wp\/v2\/media\/6839"}],"wp:attachment":[{"href":"https:\/\/ofertacular.com\/index.php\/wp-json\/wp\/v2\/media?parent=6840"}],"wp:term":[{"taxonomy":"store","embeddable":true,"href":"https:\/\/ofertacular.com\/index.php\/wp-json\/wp\/v2\/store?post=6840"},{"taxonomy":"product_brand","embeddable":true,"href":"https:\/\/ofertacular.com\/index.php\/wp-json\/wp\/v2\/product_brand?post=6840"},{"taxonomy":"product_cat","embeddable":true,"href":"https:\/\/ofertacular.com\/index.php\/wp-json\/wp\/v2\/product_cat?post=6840"},{"taxonomy":"product_tag","embeddable":true,"href":"https:\/\/ofertacular.com\/index.php\/wp-json\/wp\/v2\/product_tag?post=6840"}],"curies":[{"name":"wp","href":"https:\/\/api.w.org\/{rel}","templated":true}]}}