{"id":6842,"date":"2025-08-01T09:02:40","date_gmt":"2025-08-01T07:02:40","guid":{"rendered":"https:\/\/ofertacular.com\/index.php\/producto\/adidas-shoes-9\/"},"modified":"2025-08-01T09:02:40","modified_gmt":"2025-08-01T07:02:40","slug":"adidas-shoes-9","status":"publish","type":"product","link":"https:\/\/ofertacular.com\/index.php\/producto\/adidas-shoes-9\/","title":{"rendered":"adidas Shoes"},"content":{"rendered":"<div class=\"oferta-container\">\n<p>\ud83d\udfe5 <b>AHORRA AQU\u00cd<\/b> \ud83d\udfe5 #Publicidad #Amazon #16<\/p>\n<p>\ud83d\udd34 <b>Calzado deportivo <\/b><\/p>\n<p>\u2705 <b>AHORA 38.65 \u20ac<\/b> \u2714\ufe0f\ud83d\udfe1<\/p>\n<p>\u274c Antes 70.00 \u20ac<\/p>\n<p>\ud83d\uded2: <a href=\"https:\/\/btz.es\/4SB24Fa\" target=\"_blank\" rel=\"nofollow noopener\">https:\/\/btz.es\/4SB24Fa<\/a><\/p>\n<p>Descubre el m\u00e1ximo rendimiento y estilo con las Adidas Shoes, ideales para aquellos que buscan calidad y comodidad en su calzado deportivo. Las Adidas Shoes est\u00e1n dise\u00f1adas con tecnolog\u00eda avanzada que proporciona soporte y durabilidad en cada paso, ya sea para correr, entrenar o uso diario. Con una variedad de modelos que combinan dise\u00f1o innovador y materiales de alta calidad, estas zapatillas deportivas se adaptan a diferentes tipos de pies y estilos personales.<\/p>\n<p>La suela de las Adidas Shoes est\u00e1 fabricada para ofrecer m\u00e1xima tracci\u00f3n y amortiguaci\u00f3n, reduciendo el impacto durante la actividad f\u00edsica y aportando una sensaci\u00f3n de ligereza incomparable. Adem\u00e1s, su ajuste ergon\u00f3mico asegura que el pie se mantenga estable, evitando lesiones y proporcionando confort durante largas horas de uso.<\/p>\n<p>Ideal para deportistas y entusiastas del fitness, las Adidas Shoes incorporan detalles reflectantes para mejorar la visibilidad en condiciones de poca luz y materiales transpirables que mantienen los pies frescos y secos. Ya sea que prefieras un dise\u00f1o cl\u00e1sico o moderno, la colecci\u00f3n Adidas Shoes tiene opciones para todos los gustos y necesidades.<\/p>\n<p>No solo son perfectas para el deporte, sino que tambi\u00e9n complementan cualquier outfit casual, aportando un toque de estilo urbano y moderno. La versatilidad y funcionalidad de las Adidas Shoes las convierten en una elecci\u00f3n imprescindible para quienes valoran la calidad y el dise\u00f1o en su calzado.<\/p>\n<p>Atr\u00e9vete a experimentar la combinaci\u00f3n perfecta entre tecnolog\u00eda, confort y estilo con las Adidas Shoes. No esperes m\u00e1s para dar el siguiente paso hacia un calzado deportivo que cumple con todas tus expectativas.<\/p>\n<\/p><\/div>\n","protected":false},"excerpt":{"rendered":"<p>\ud83d\udfe5 AHORRA AQU\u00cd \ud83d\udfe5 #Publicidad #Amazon #16 \ud83d\udd34 Calzado deportivo \u2705 AHORA 38.65 \u20ac \u2714\ufe0f\ud83d\udfe1 \u274c Antes 70.00 \u20ac \ud83d\uded2: https:\/\/btz.es\/4SB24Fa Descubre el m\u00e1ximo rendimiento y estilo con las Adidas Shoes, ideales para aquellos que buscan calidad y comodidad en su calzado deportivo. Las Adidas Shoes est\u00e1n dise\u00f1adas con tecnolog\u00eda avanzada que proporciona soporte y [&hellip;]<\/p>\n","protected":false},"featured_media":6841,"template":"","meta":{"_gspb_post_css":""},"store":[],"product_brand":[],"product_cat":[16],"product_tag":[],"class_list":{"0":"post-6842","1":"product","2":"type-product","3":"status-publish","4":"has-post-thumbnail","6":"product_cat-sin-categorizar","8":"first","9":"instock","10":"sale","11":"shipping-taxable","12":"product-type-external"},"jetpack_sharing_enabled":true,"_links":{"self":[{"href":"https:\/\/ofertacular.com\/index.php\/wp-json\/wp\/v2\/product\/6842","targetHints":{"allow":["GET"]}}],"collection":[{"href":"https:\/\/ofertacular.com\/index.php\/wp-json\/wp\/v2\/product"}],"about":[{"href":"https:\/\/ofertacular.com\/index.php\/wp-json\/wp\/v2\/types\/product"}],"wp:featuredmedia":[{"embeddable":true,"href":"https:\/\/ofertacular.com\/index.php\/wp-json\/wp\/v2\/media\/6841"}],"wp:attachment":[{"href":"https:\/\/ofertacular.com\/index.php\/wp-json\/wp\/v2\/media?parent=6842"}],"wp:term":[{"taxonomy":"store","embeddable":true,"href":"https:\/\/ofertacular.com\/index.php\/wp-json\/wp\/v2\/store?post=6842"},{"taxonomy":"product_brand","embeddable":true,"href":"https:\/\/ofertacular.com\/index.php\/wp-json\/wp\/v2\/product_brand?post=6842"},{"taxonomy":"product_cat","embeddable":true,"href":"https:\/\/ofertacular.com\/index.php\/wp-json\/wp\/v2\/product_cat?post=6842"},{"taxonomy":"product_tag","embeddable":true,"href":"https:\/\/ofertacular.com\/index.php\/wp-json\/wp\/v2\/product_tag?post=6842"}],"curies":[{"name":"wp","href":"https:\/\/api.w.org\/{rel}","templated":true}]}}