{"id":6846,"date":"2025-08-01T09:19:55","date_gmt":"2025-08-01T07:19:55","guid":{"rendered":"https:\/\/ofertacular.com\/index.php\/producto\/lego-mercedes-amg\/"},"modified":"2025-08-01T09:19:55","modified_gmt":"2025-08-01T07:19:55","slug":"lego-mercedes-amg","status":"publish","type":"product","link":"https:\/\/ofertacular.com\/index.php\/producto\/lego-mercedes-amg\/","title":{"rendered":"LEGO Mercedes-AMG"},"content":{"rendered":"<div class=\"oferta-container\">\n<p>\ud83d\udfe5 <b>SUPER OFERTA<\/b> \ud83d\udfe5 #Publicidad #Amazon #16<\/p>\n<p>\ud83d\udd34 <b>LEGO Mercedes <\/b><\/p>\n<p>\u2705 <b>AHORA 18.89 \u20ac<\/b> \u2714\ufe0f\ud83d\udfe1<\/p>\n<p>\u274c Antes 26.99 \u20ac<\/p>\n<p>\ud83d\uded2: <a href=\"https:\/\/btz.es\/4SB6PRA\" target=\"_blank\" rel=\"nofollow noopener\">https:\/\/btz.es\/4SB6PRA<\/a><\/p>\n<p>Descubre el espectacular set de LEGO Mercedes-AMG, una fusi\u00f3n perfecta entre el ic\u00f3nico dise\u00f1o automotriz de Mercedes-AMG y la creatividad sin l\u00edmites de LEGO. Este modelo detallado est\u00e1 dise\u00f1ado para entusiastas de los autos deportivos y constructores de LEGO por igual, ofreciendo una experiencia de ensamblaje \u00fanica y gratificante. Ideal para fans de los coches de lujo y coleccionistas, este set combina piezas de alta calidad con un dise\u00f1o aut\u00e9ntico que representa fielmente la potencia y elegancia del Mercedes-AMG.<\/p>\n<p>Con cada pieza ensamblada, experimentar\u00e1s la precisi\u00f3n y el realismo que caracterizan a esta marca legendaria, desde su aerodin\u00e1mica carrocer\u00eda hasta elementos interiores cuidadosamente reproducidos. Adem\u00e1s, es una excelente opci\u00f3n de regalo para adultos y j\u00f3venes interesados en ingenier\u00eda, dise\u00f1o y automoci\u00f3n.<\/p>\n<p>Palabras clave SEO: LEGO Mercedes-AMG, set de LEGO de coches, coches deportivos LEGO, modelo LEGO detallado, regalo para fans de coches, coche de lujo LEGO, kit de construcci\u00f3n automotriz, dise\u00f1o LEGO aut\u00e9ntico, piezas LEGO de calidad, coleccionables LEGO deportivos.<\/p>\n<\/p><\/div>\n","protected":false},"excerpt":{"rendered":"<p>\ud83d\udfe5 SUPER OFERTA \ud83d\udfe5 #Publicidad #Amazon #16 \ud83d\udd34 LEGO Mercedes \u2705 AHORA 18.89 \u20ac \u2714\ufe0f\ud83d\udfe1 \u274c Antes 26.99 \u20ac \ud83d\uded2: https:\/\/btz.es\/4SB6PRA Descubre el espectacular set de LEGO Mercedes-AMG, una fusi\u00f3n perfecta entre el ic\u00f3nico dise\u00f1o automotriz de Mercedes-AMG y la creatividad sin l\u00edmites de LEGO. Este modelo detallado est\u00e1 dise\u00f1ado para entusiastas de los autos [&hellip;]<\/p>\n","protected":false},"featured_media":6845,"template":"","meta":{"_gspb_post_css":""},"store":[],"product_brand":[],"product_cat":[16],"product_tag":[],"class_list":{"0":"post-6846","1":"product","2":"type-product","3":"status-publish","4":"has-post-thumbnail","6":"product_cat-sin-categorizar","8":"first","9":"instock","10":"sale","11":"shipping-taxable","12":"product-type-external"},"jetpack_sharing_enabled":true,"_links":{"self":[{"href":"https:\/\/ofertacular.com\/index.php\/wp-json\/wp\/v2\/product\/6846","targetHints":{"allow":["GET"]}}],"collection":[{"href":"https:\/\/ofertacular.com\/index.php\/wp-json\/wp\/v2\/product"}],"about":[{"href":"https:\/\/ofertacular.com\/index.php\/wp-json\/wp\/v2\/types\/product"}],"wp:featuredmedia":[{"embeddable":true,"href":"https:\/\/ofertacular.com\/index.php\/wp-json\/wp\/v2\/media\/6845"}],"wp:attachment":[{"href":"https:\/\/ofertacular.com\/index.php\/wp-json\/wp\/v2\/media?parent=6846"}],"wp:term":[{"taxonomy":"store","embeddable":true,"href":"https:\/\/ofertacular.com\/index.php\/wp-json\/wp\/v2\/store?post=6846"},{"taxonomy":"product_brand","embeddable":true,"href":"https:\/\/ofertacular.com\/index.php\/wp-json\/wp\/v2\/product_brand?post=6846"},{"taxonomy":"product_cat","embeddable":true,"href":"https:\/\/ofertacular.com\/index.php\/wp-json\/wp\/v2\/product_cat?post=6846"},{"taxonomy":"product_tag","embeddable":true,"href":"https:\/\/ofertacular.com\/index.php\/wp-json\/wp\/v2\/product_tag?post=6846"}],"curies":[{"name":"wp","href":"https:\/\/api.w.org\/{rel}","templated":true}]}}