{"id":6850,"date":"2025-08-04T07:50:45","date_gmt":"2025-08-04T05:50:45","guid":{"rendered":"https:\/\/ofertacular.com\/index.php\/producto\/adidas-shoes-10\/"},"modified":"2025-08-04T07:50:45","modified_gmt":"2025-08-04T05:50:45","slug":"adidas-shoes-10","status":"publish","type":"product","link":"https:\/\/ofertacular.com\/index.php\/producto\/adidas-shoes-10\/","title":{"rendered":"adidas Shoes"},"content":{"rendered":"<div class=\"oferta-container\">\n<p>\ud83d\udfe5 <b>REBAJA<\/b> \ud83d\udfe5 #Publicidad #Amazon #16<\/p>\n<p>\ud83d\udd34 <b>Zapatos deportivos <\/b><\/p>\n<p>\u2705 <b>AHORA 34.99 \u20ac<\/b> \u2714\ufe0f\ud83d\udfe1<\/p>\n<p>\u274c Antes <\/p>\n<p>\ud83d\uded2: <a href=\"https:\/\/btz.es\/4SSHXGS\" target=\"_blank\" rel=\"nofollow noopener\">https:\/\/btz.es\/4SSHXGS<\/a><\/p>\n<p>Descubre los zapatos deportivos de adidas, una combinaci\u00f3n perfecta de estilo, comodidad y rendimiento. Estos zapatos est\u00e1n dise\u00f1ados para quienes buscan calidad y tecnolog\u00eda innovadora en su calzado deportivo. Ya sea para correr, entrenar o para uso diario, los zapatos deportivos adidas brindan un soporte excepcional, amortiguaci\u00f3n avanzada y un dise\u00f1o moderno que se adapta a cualquier outfit. Con materiales duraderos y transpirables, estos zapatos garantizan confort durante todo el d\u00eda. Adem\u00e1s, incorporan la reconocida tecnolog\u00eda Boost para maximizar la energ\u00eda en cada paso y mejorar tu desempe\u00f1o. La suela de goma ofrece una tracci\u00f3n excelente, ideal para diversas superficies. Disponible en diferentes colores y tallas, los zapatos deportivos adidas son la elecci\u00f3n ideal para deportistas y amantes del estilo urbano. No te pierdas la oportunidad de mejorar tu rutina con el mejor calzado del mercado, que combina funcionalidad y moda en un solo producto.<\/p>\n<\/p><\/div>\n","protected":false},"excerpt":{"rendered":"<p>\ud83d\udfe5 REBAJA \ud83d\udfe5 #Publicidad #Amazon #16 \ud83d\udd34 Zapatos deportivos \u2705 AHORA 34.99 \u20ac \u2714\ufe0f\ud83d\udfe1 \u274c Antes \ud83d\uded2: https:\/\/btz.es\/4SSHXGS Descubre los zapatos deportivos de adidas, una combinaci\u00f3n perfecta de estilo, comodidad y rendimiento. Estos zapatos est\u00e1n dise\u00f1ados para quienes buscan calidad y tecnolog\u00eda innovadora en su calzado deportivo. Ya sea para correr, entrenar o para uso [&hellip;]<\/p>\n","protected":false},"featured_media":6849,"template":"","meta":{"_gspb_post_css":""},"store":[],"product_brand":[],"product_cat":[16],"product_tag":[],"class_list":{"0":"post-6850","1":"product","2":"type-product","3":"status-publish","4":"has-post-thumbnail","6":"product_cat-sin-categorizar","8":"first","9":"instock","10":"shipping-taxable","11":"product-type-external"},"jetpack_sharing_enabled":true,"_links":{"self":[{"href":"https:\/\/ofertacular.com\/index.php\/wp-json\/wp\/v2\/product\/6850","targetHints":{"allow":["GET"]}}],"collection":[{"href":"https:\/\/ofertacular.com\/index.php\/wp-json\/wp\/v2\/product"}],"about":[{"href":"https:\/\/ofertacular.com\/index.php\/wp-json\/wp\/v2\/types\/product"}],"wp:featuredmedia":[{"embeddable":true,"href":"https:\/\/ofertacular.com\/index.php\/wp-json\/wp\/v2\/media\/6849"}],"wp:attachment":[{"href":"https:\/\/ofertacular.com\/index.php\/wp-json\/wp\/v2\/media?parent=6850"}],"wp:term":[{"taxonomy":"store","embeddable":true,"href":"https:\/\/ofertacular.com\/index.php\/wp-json\/wp\/v2\/store?post=6850"},{"taxonomy":"product_brand","embeddable":true,"href":"https:\/\/ofertacular.com\/index.php\/wp-json\/wp\/v2\/product_brand?post=6850"},{"taxonomy":"product_cat","embeddable":true,"href":"https:\/\/ofertacular.com\/index.php\/wp-json\/wp\/v2\/product_cat?post=6850"},{"taxonomy":"product_tag","embeddable":true,"href":"https:\/\/ofertacular.com\/index.php\/wp-json\/wp\/v2\/product_tag?post=6850"}],"curies":[{"name":"wp","href":"https:\/\/api.w.org\/{rel}","templated":true}]}}