{"id":6862,"date":"2025-08-04T09:13:46","date_gmt":"2025-08-04T07:13:46","guid":{"rendered":"https:\/\/ofertacular.com\/index.php\/producto\/adidas-shoes-11\/"},"modified":"2025-08-04T09:13:46","modified_gmt":"2025-08-04T07:13:46","slug":"adidas-shoes-11","status":"publish","type":"product","link":"https:\/\/ofertacular.com\/index.php\/producto\/adidas-shoes-11\/","title":{"rendered":"adidas Shoes"},"content":{"rendered":"<div class=\"oferta-container\">\n<p>\ud83d\udfe5 <b>\u00a1OFERTA ESPECIAL!<\/b> \ud83d\udfe5 #Publicidad #Amazon #16<\/p>\n<p>\ud83d\udd34 <b>Calzado Adidas <\/b><\/p>\n<p>\u2705 <b>AHORA 27.45 \u20ac<\/b> \u2714\ufe0f\ud83d\udfe1<\/p>\n<p>\u274c Antes 29.85 \u20ac<\/p>\n<p>\ud83d\uded2: <a href=\"https:\/\/btz.es\/4STcRHh\" target=\"_blank\" rel=\"nofollow noopener\">https:\/\/btz.es\/4STcRHh<\/a><\/p>\n<p>Descubre el calzado Adidas, la elecci\u00f3n perfecta para quienes buscan calidad, confort y estilo en cada paso. Adidas es una marca reconocida mundialmente por sus innovadores dise\u00f1os y tecnolog\u00eda punta, que garantizan un rendimiento \u00f3ptimo tanto en actividades deportivas como en el uso cotidiano. Los zapatos Adidas est\u00e1n dise\u00f1ados para adaptarse a diferentes tipos de deporte, desde running hasta entrenamiento, ofreciendo amortiguaci\u00f3n superior, soporte ergon\u00f3mico y materiales transpirables que mantienen tus pies frescos y secos durante todo el d\u00eda.<\/p>\n<p>Cada par de zapatos Adidas combina est\u00e9tica y funcionalidad, lo que los convierte en una opci\u00f3n ideal para aquellos que valoran tanto el desempe\u00f1o como la moda. Con una variedad de modelos que incluyen desde los cl\u00e1sicos hasta los m\u00e1s modernos, Adidas ofrece opciones para hombres, mujeres y ni\u00f1os, adapt\u00e1ndose a todas las necesidades y preferencias.<\/p>\n<p>Adem\u00e1s, Adidas se compromete con la sostenibilidad, incorporando materiales reciclados en muchos de sus productos, contribuyendo as\u00ed a la protecci\u00f3n del medio ambiente. La durabilidad y resistencia de sus zapatos aseguran una inversi\u00f3n inteligente, ya que podr\u00e1s disfrutar de ellos durante mucho tiempo sin perder calidad.<\/p>\n<p>Encontrar el calzado Adidas adecuado es f\u00e1cil gracias a su amplia gama de tallas y estilos. Ya sea que busques zapatos para running, entrenamiento en gimnasio, caminatas diarias o simplemente para complementar tu outfit casual, Adidas tiene la soluci\u00f3n perfecta para ti. No esperes m\u00e1s y equipa tu armario con la calidad y confianza que solo Adidas puede ofrecer.<\/p>\n<\/p><\/div>\n","protected":false},"excerpt":{"rendered":"<p>\ud83d\udfe5 \u00a1OFERTA ESPECIAL! \ud83d\udfe5 #Publicidad #Amazon #16 \ud83d\udd34 Calzado Adidas \u2705 AHORA 27.45 \u20ac \u2714\ufe0f\ud83d\udfe1 \u274c Antes 29.85 \u20ac \ud83d\uded2: https:\/\/btz.es\/4STcRHh Descubre el calzado Adidas, la elecci\u00f3n perfecta para quienes buscan calidad, confort y estilo en cada paso. Adidas es una marca reconocida mundialmente por sus innovadores dise\u00f1os y tecnolog\u00eda punta, que garantizan un rendimiento [&hellip;]<\/p>\n","protected":false},"featured_media":6861,"template":"","meta":{"_gspb_post_css":""},"store":[],"product_brand":[],"product_cat":[16],"product_tag":[],"class_list":{"0":"post-6862","1":"product","2":"type-product","3":"status-publish","4":"has-post-thumbnail","6":"product_cat-sin-categorizar","8":"first","9":"instock","10":"sale","11":"shipping-taxable","12":"product-type-external"},"jetpack_sharing_enabled":true,"_links":{"self":[{"href":"https:\/\/ofertacular.com\/index.php\/wp-json\/wp\/v2\/product\/6862","targetHints":{"allow":["GET"]}}],"collection":[{"href":"https:\/\/ofertacular.com\/index.php\/wp-json\/wp\/v2\/product"}],"about":[{"href":"https:\/\/ofertacular.com\/index.php\/wp-json\/wp\/v2\/types\/product"}],"wp:featuredmedia":[{"embeddable":true,"href":"https:\/\/ofertacular.com\/index.php\/wp-json\/wp\/v2\/media\/6861"}],"wp:attachment":[{"href":"https:\/\/ofertacular.com\/index.php\/wp-json\/wp\/v2\/media?parent=6862"}],"wp:term":[{"taxonomy":"store","embeddable":true,"href":"https:\/\/ofertacular.com\/index.php\/wp-json\/wp\/v2\/store?post=6862"},{"taxonomy":"product_brand","embeddable":true,"href":"https:\/\/ofertacular.com\/index.php\/wp-json\/wp\/v2\/product_brand?post=6862"},{"taxonomy":"product_cat","embeddable":true,"href":"https:\/\/ofertacular.com\/index.php\/wp-json\/wp\/v2\/product_cat?post=6862"},{"taxonomy":"product_tag","embeddable":true,"href":"https:\/\/ofertacular.com\/index.php\/wp-json\/wp\/v2\/product_tag?post=6862"}],"curies":[{"name":"wp","href":"https:\/\/api.w.org\/{rel}","templated":true}]}}