{"id":6866,"date":"2025-08-04T09:35:10","date_gmt":"2025-08-04T07:35:10","guid":{"rendered":"https:\/\/ofertacular.com\/index.php\/producto\/springfield-shorts\/"},"modified":"2025-08-04T09:35:10","modified_gmt":"2025-08-04T07:35:10","slug":"springfield-shorts","status":"publish","type":"product","link":"https:\/\/ofertacular.com\/index.php\/producto\/springfield-shorts\/","title":{"rendered":"Springfield Shorts"},"content":{"rendered":"<div class=\"oferta-container\">\n<p>\ud83d\udfe5 <b>CHOLLAZO<\/b> \ud83d\udfe5 #Publicidad #Amazon #16<\/p>\n<p>\ud83d\udd34 <b>Shorts Springfield <\/b><\/p>\n<p>\u2705 <b>AHORA 16.1 \u20ac<\/b> \u2714\ufe0f\ud83d\udfe1<\/p>\n<p>\u274c Antes 26.72 \u20ac<\/p>\n<p>\ud83d\uded2: <a href=\"https:\/\/btz.es\/4STipGx\" target=\"_blank\" rel=\"nofollow noopener\">https:\/\/btz.es\/4STipGx<\/a><\/p>\n<p>Descubre los shorts Springfield, una prenda esencial para el armario masculino que combina estilo, comodidad y versatilidad. Estos shorts est\u00e1n dise\u00f1ados pensando en hombres modernos que buscan una opci\u00f3n casual pero con un toque de elegancia para sus outfits de verano. Fabricados con materiales de alta calidad, los shorts Springfield ofrecen una durabilidad excepcional y un fit perfecto que realza la figura sin perder comodidad.<\/p>\n<p>Gracias a su dise\u00f1o cl\u00e1sico y atemporal, estos shorts son ideales para m\u00faltiples ocasiones: desde un d\u00eda relajado en la playa, una salida con amigos o incluso para un look m\u00e1s casual en la ciudad. El tejido transpirable permite una excelente ventilaci\u00f3n, manteni\u00e9ndote fresco durante las jornadas m\u00e1s calurosas.<\/p>\n<p>La atenci\u00f3n al detalle en Springfield se refleja en los acabados, los cuales incluyen costuras reforzadas y un cierre seguro, garantizando resistencia y funcionalidad. Adem\u00e1s, cuentan con bolsillos estrat\u00e9gicamente ubicados que ofrecen espacio suficiente para llevar tus objetos personales sin perder el estilo.<\/p>\n<p>Perfectos para combinar con camisetas, polos o camisas ligeras, estos shorts se adaptan a diferentes estilos y preferencias. No importa si buscas un look deportivo, casual o incluso algo m\u00e1s pulido, los shorts Springfield ser\u00e1n tu mejor aliado para completar tu outfit.<\/p>\n<p>Si deseas renovar tu ropa de verano con una prenda que combine practicidad y buena apariencia, los shorts Springfield son una opci\u00f3n destacada. Aprovecha ahora y a\u00f1ade estos shorts a tu colecci\u00f3n para disfrutar de calidad y estilo al mejor precio.<\/p>\n<\/p><\/div>\n","protected":false},"excerpt":{"rendered":"<p>\ud83d\udfe5 CHOLLAZO \ud83d\udfe5 #Publicidad #Amazon #16 \ud83d\udd34 Shorts Springfield \u2705 AHORA 16.1 \u20ac \u2714\ufe0f\ud83d\udfe1 \u274c Antes 26.72 \u20ac \ud83d\uded2: https:\/\/btz.es\/4STipGx Descubre los shorts Springfield, una prenda esencial para el armario masculino que combina estilo, comodidad y versatilidad. Estos shorts est\u00e1n dise\u00f1ados pensando en hombres modernos que buscan una opci\u00f3n casual pero con un toque de [&hellip;]<\/p>\n","protected":false},"featured_media":6865,"template":"","meta":{"_gspb_post_css":""},"store":[],"product_brand":[],"product_cat":[16],"product_tag":[],"class_list":{"0":"post-6866","1":"product","2":"type-product","3":"status-publish","4":"has-post-thumbnail","6":"product_cat-sin-categorizar","8":"first","9":"instock","10":"sale","11":"shipping-taxable","12":"product-type-external"},"jetpack_sharing_enabled":true,"_links":{"self":[{"href":"https:\/\/ofertacular.com\/index.php\/wp-json\/wp\/v2\/product\/6866","targetHints":{"allow":["GET"]}}],"collection":[{"href":"https:\/\/ofertacular.com\/index.php\/wp-json\/wp\/v2\/product"}],"about":[{"href":"https:\/\/ofertacular.com\/index.php\/wp-json\/wp\/v2\/types\/product"}],"wp:featuredmedia":[{"embeddable":true,"href":"https:\/\/ofertacular.com\/index.php\/wp-json\/wp\/v2\/media\/6865"}],"wp:attachment":[{"href":"https:\/\/ofertacular.com\/index.php\/wp-json\/wp\/v2\/media?parent=6866"}],"wp:term":[{"taxonomy":"store","embeddable":true,"href":"https:\/\/ofertacular.com\/index.php\/wp-json\/wp\/v2\/store?post=6866"},{"taxonomy":"product_brand","embeddable":true,"href":"https:\/\/ofertacular.com\/index.php\/wp-json\/wp\/v2\/product_brand?post=6866"},{"taxonomy":"product_cat","embeddable":true,"href":"https:\/\/ofertacular.com\/index.php\/wp-json\/wp\/v2\/product_cat?post=6866"},{"taxonomy":"product_tag","embeddable":true,"href":"https:\/\/ofertacular.com\/index.php\/wp-json\/wp\/v2\/product_tag?post=6866"}],"curies":[{"name":"wp","href":"https:\/\/api.w.org\/{rel}","templated":true}]}}